{"id":1443,"date":"2023-06-27T19:19:16","date_gmt":"2023-06-27T18:19:16","guid":{"rendered":"https:\/\/psychedelischerweltraum.com\/?post_type=product&#038;p=1443"},"modified":"2025-12-22T19:08:09","modified_gmt":"2025-12-22T18:08:09","slug":"pink-kokain","status":"publish","type":"product","link":"https:\/\/psychedelischerweltraum.com\/cs\/product\/pink-kokain\/","title":{"rendered":"R\u016f\u017eov\u00fd kokain"},"content":{"rendered":"<h1><span dir=\"auto\" style=\"vertical-align: inherit;\"><span dir=\"auto\" style=\"vertical-align: inherit;\">Pink cocaine<\/span><\/span><\/h1>\n<p><span dir=\"auto\" style=\"vertical-align: inherit;\"><span dir=\"auto\" style=\"vertical-align: inherit;\">In summary, we offer 2C-pink cocaine powder for sale worldwide. 2C-pink cocaine powder is typically a pinkish sac or powder that is taken orally or snorted intranasally. It should not be confused with 2C-pink cocaine hydrochloride, the herbal energizer that looks like the large, white powder. 2C-pink cocaine powder is a type of 2C drug that is professionally prescribed and is known as a phenylethylamine plan drug. 2C-pink cocaine powder for sale<\/span><\/span><\/p>\n<p><span dir=\"auto\" style=\"vertical-align: inherit;\"><span dir=\"auto\" style=\"vertical-align: inherit;\">The effects of 2C pink cocaine powder are generally determined by the types of prescriptions or additional substances already present when purchasing the drug within a specific group. Phenylethylamines are a class of drugs with stimulant and psychoactive effects. These doctor-prescribed sedatives also include amphetamines, methamphetamines, and MDMA. In the last decade, <\/span><\/span><a href=\"https:\/\/www.arkbh.com\/blog\/pink-cocaine\/\" target=\"_blank\" rel=\"noopener\"><span dir=\"auto\" style=\"vertical-align: inherit;\"><span dir=\"auto\" style=\"vertical-align: inherit;\">phenylethylamine 2C pink cocaine powder<\/span><\/span><\/a><span dir=\"auto\" style=\"vertical-align: inherit;\"><span dir=\"auto\" style=\"vertical-align: inherit;\"> has experienced a resurgence as a sports drug, beginning in the club scene in the southern and central United States, where it became known as pink cocaine or bromo. 2C pink cocaine powder for sale<\/span><\/span><\/p>","protected":false},"excerpt":{"rendered":"<p>Pink cocaine In summary, we offer 2C-pink cocaine powder for sale worldwide. 2C-pink cocaine powder is typically a pinkish sac or powder that is taken&hellip;<\/p>","protected":false},"featured_media":1816,"comment_status":"open","ping_status":"closed","template":"","meta":{"_monsterinsights_skip_tracking":false,"_monsterinsights_sitenote_active":false,"_monsterinsights_sitenote_note":"","_monsterinsights_sitenote_category":0},"product_brand":[],"product_cat":[15],"product_tag":[],"class_list":{"0":"post-1443","1":"product","2":"type-product","3":"status-publish","4":"has-post-thumbnail","6":"product_cat-kokain-online-kaufen","8":"first","9":"instock","10":"shipping-taxable","11":"purchasable","12":"product-type-variable","13":"customify-col"},"_links":{"self":[{"href":"https:\/\/psychedelischerweltraum.com\/cs\/wp-json\/wp\/v2\/product\/1443","targetHints":{"allow":["GET"]}}],"collection":[{"href":"https:\/\/psychedelischerweltraum.com\/cs\/wp-json\/wp\/v2\/product"}],"about":[{"href":"https:\/\/psychedelischerweltraum.com\/cs\/wp-json\/wp\/v2\/types\/product"}],"replies":[{"embeddable":true,"href":"https:\/\/psychedelischerweltraum.com\/cs\/wp-json\/wp\/v2\/comments?post=1443"}],"wp:featuredmedia":[{"embeddable":true,"href":"https:\/\/psychedelischerweltraum.com\/cs\/wp-json\/wp\/v2\/media\/1816"}],"wp:attachment":[{"href":"https:\/\/psychedelischerweltraum.com\/cs\/wp-json\/wp\/v2\/media?parent=1443"}],"wp:term":[{"taxonomy":"product_brand","embeddable":true,"href":"https:\/\/psychedelischerweltraum.com\/cs\/wp-json\/wp\/v2\/product_brand?post=1443"},{"taxonomy":"product_cat","embeddable":true,"href":"https:\/\/psychedelischerweltraum.com\/cs\/wp-json\/wp\/v2\/product_cat?post=1443"},{"taxonomy":"product_tag","embeddable":true,"href":"https:\/\/psychedelischerweltraum.com\/cs\/wp-json\/wp\/v2\/product_tag?post=1443"}],"curies":[{"name":"wp","href":"https:\/\/api.w.org\/{rel}","templated":true}]}}