{"id":1752,"date":"2023-06-27T19:20:52","date_gmt":"2023-06-27T18:20:52","guid":{"rendered":"https:\/\/psychedelischerweltraum.com\/?post_type=product&#038;p=1752"},"modified":"2023-07-17T02:20:43","modified_gmt":"2023-07-17T01:20:43","slug":"ketamin-flussig","status":"publish","type":"product","link":"https:\/\/psychedelischerweltraum.com\/cs\/product\/ketamin-flussig\/","title":{"rendered":"Ketamin tekut\u00fd 500mg\/10ml"},"content":{"rendered":"<h2>Koupit Ketamin tekut\u00fd 500mg\/10ml<\/h2>\n<p>Obecn\u011b prod\u00e1v\u00e1me \u010dist\u00fd ketamin v tekut\u00e9 form\u011b za velmi v\u00fdhodn\u00e9 ceny, tj. ketamin v tekut\u00e9 form\u011b na prodej. Rychle jsme se stali nejv\u011bt\u0161\u00edm sv\u011btov\u00fdm dodavatelem ketaminu pro v\u00fdzkumn\u00e9 a l\u00e9ka\u0159sk\u00e9 \u00fa\u010dely. D\u00edky tomu m\u00e1me ketamin v tekut\u00e9 form\u011b na prodej. Ketamin tekut\u00fd 50 mg\/10 ml rychle umo\u017e\u0148uje slu\u0161n\u00fd zp\u016fsob, jak lidem napravit jejich situaci a z\u00e1rove\u0148 je zbavit zoufalstv\u00ed a pracovat na jejich dispozic\u00edch. Ketamin tekut\u00fd 50mg\/10ml hydrochloridov\u00e1 infuze je prok\u00e1z\u00e1na s pou\u017eit\u00edm sedativ nedlouho p\u0159ed organizac\u00ed jin\u00fdch typick\u00fdch sedativn\u00edch medi\u00e1tor\u016f. Bylo prok\u00e1z\u00e1no, \u017ee ketamin tekut\u00fd 50mg\/10 ml infuze hydrochloridu zlep\u0161uje \u00fa\u010dinek n\u00edzkopotentn\u00edch specialist\u016f, jako je oxid dusn\u00fd.<\/p>\n<p>Pr\u00e1ci jsem mohl dokon\u010dit za dv\u011b hodiny. Pokud je to mo\u017en\u00e9, m\u011bli byste se t\u00e9to l\u00e9\u010db\u011b vyhnout nebo ji nahradit jin\u00fdmi l\u00e9ky. Pokud nedojde ke zlep\u0161en\u00ed, nem\u011bly by b\u00fdt tyto l\u00e9ky sou\u010dasn\u011b pod\u00e1v\u00e1ny. V p\u0159\u00edpad\u011b pot\u0159eby zm\u011b\u0148te d\u00e1vkov\u00e1n\u00ed podle doporu\u010den\u00fdch \u00fa\u010dink\u016f. P\u0159i t\u00e9to metod\u011b se tekutina t\u0159\u00edd\u00ed a pod\u00e1v\u00e1 jak intramuskul\u00e1rn\u011b, tak intraven\u00f3zn\u011b (co\u017e je mnohem m\u00e9n\u011b bezpe\u010dn\u00e9).<\/p>\n<p>\u00da\u010dinek t\u00e9to interakce je siln\u011bj\u0161\u00ed, proto\u017ee ve\u0161ker\u00fd l\u00e9k se nakonec dostane do krevn\u00edho ob\u011bhu, na rozd\u00edl od pod\u00e1n\u00ed polyk\u00e1n\u00edm, kdy se \u010d\u00e1st l\u00e9ku ztrat\u00ed b\u011bhem tr\u00e1vic\u00edho procesu. S t\u00edm, jak v 70. letech 20. stolet\u00ed z\u00edskalo l\u00e9\u010debn\u00e9 pou\u017eit\u00ed ketaminu na popularit\u011b, za\u010dal se u\u017e\u00edvat tak\u00e9 jako rekrea\u010dn\u00ed droga. V Argentin\u011b se pou\u017e\u00edval leg\u00e1ln\u011b i neleg\u00e1ln\u011b p\u0159i l\u00e9\u010db\u011b relapsu, v new age mystice a p\u0159i vy\u0161et\u0159ov\u00e1n\u00ed.<\/p>\n<p>V sedmdes\u00e1t\u00fdch a osmdes\u00e1t\u00fdch letech 20. stolet\u00ed se prov\u00e1d\u011blo st\u00e1le v\u00edce test\u016f ketaminov\u00e9 kapaliny 50 mg\/10 ml, kter\u00e9 se roz\u0161\u00ed\u0159ily pod r\u016fzn\u00fdmi obchodn\u00edmi n\u00e1zvy. Re\u00e1ln\u00fdm se stal ve form\u011b n\u00e1dob, pr\u00e1\u0161k\u016f, drahokam\u016f, tablet a tekutin i r\u016fzn\u00fdch mo\u017enost\u00ed infuz\u00ed na ulici. Odborn\u00edk m\u016f\u017ee zvolit nosn\u00ed sprej m\u00edsto intraven\u00f3zn\u00edho ketaminu z d\u016fvodu organizace podpory.<\/p>\n<h4>KOUPIT LEG\u00c1LN\u00cd KETAMIN ONLINE:<\/h4>\n<p>M\u011bli byste m\u00edt na pam\u011bti, \u017ee bez ohledu na to, jak se s p\u0159\u00edpravkem Ketamine liquid 50mg\/10ml zach\u00e1z\u00ed na cest\u00e1ch, neexistuj\u00ed \u017e\u00e1dn\u00e9 bezpe\u010dn\u00e9 hladiny pro uvoln\u011bn\u00e9 u\u017e\u00edv\u00e1n\u00ed p\u0159\u00edpravku Ketamine liquid 50mg\/10ml. U\u017e\u00edv\u00e1n\u00ed tohoto l\u00e9ku bez l\u00e9ka\u0159sk\u00e9ho dohledu m\u016f\u017ee v\u00e9st k mimot\u011bln\u00edm probl\u00e9m\u016fm a je t\u0159eba se mu za ka\u017edou cenu vyhnout. \"Zavodn\u011bn\u00ed nosu nen\u00ed ani rychlej\u0161\u00ed, ani dlouhodob\u011bj\u0161\u00ed,\" tvrd\u00ed. Ketamin tekut\u00fd na prodej, Ketamin tekut\u00fd.<\/p>\n<p>\"Intraven\u00f3zn\u00ed ketamin je vzhledem ke sv\u00e9 biologick\u00e9 dostupnosti vhodn\u011bj\u0161\u00ed ne\u017e intranaz\u00e1ln\u00ed ketamin.\" Ketamin tekut\u00fd 50 mg\/10 ml Po del\u0161\u00edm u\u017e\u00edv\u00e1n\u00ed je mo\u017en\u00e1 d\u016fv\u011bra a rezistence. Po ukon\u010den\u00ed extr\u00e9mn\u011b dlouh\u00e9ho u\u017e\u00edv\u00e1n\u00ed p\u0159\u00edpravku Ketamin liquid 50mg\/10 ml se vyjasn\u00ed abstinen\u010dn\u00ed porucha s \u0161\u00edlen\u00fdmi alternativami. V d\u016fsledku toho by m\u011bl b\u00fdt Ketamin liquid 50mg\/10 ml ozna\u010den varov\u00e1n\u00edm a regulov\u00e1n.<\/p>\n<p>L\u00e9\u010dba m\u016f\u017ee v\u00fdznamn\u011b zes\u00edlit sympatomimetick\u00e9 \u00fa\u010dinky; opatrnost u osob s porfyri\u00ed nebo p\u0159\u00edpadn\u011b s onemocn\u011bn\u00edm \u0161t\u00edtn\u00e9 \u017el\u00e1zy; porfyrie a onemocn\u011bn\u00ed \u0161t\u00edtn\u00e9 \u017el\u00e1zy nebo l\u00e9\u010dba \u0161t\u00edtn\u00e9 \u017el\u00e1zy mohou b\u00fdt pova\u017eov\u00e1ny za obecnou kontraindikaci. Ned\u00e1vn\u00fd v\u00fdzkum neurotoxicity vyvolan\u00e9 ketaminem se zam\u011b\u0159il na prim\u00e1ty, kte\u0159\u00ed poskytuj\u00ed vhodn\u011bj\u0161\u00ed model ne\u017e hlodavci. V jedn\u00e9 takov\u00e9 studii byly mlad\u00fdm dosp\u011bl\u00fdm opic\u00edm rodu cynomolgus pod\u00e1v\u00e1ny denn\u00ed d\u00e1vky ketaminu 50 mg\/10 ml po r\u016fzn\u011b dlouhou dobu, co\u017e odpov\u00edd\u00e1 standardn\u00edm sportovn\u00edm d\u00e1vk\u00e1m (1 mg\/kg intraven\u00f3zn\u011b).<\/p>\n<p>Do drogy byly b\u011bhem n\u011bkolika sekund p\u0159id\u00e1ny r\u016fzn\u00e9 l\u00e1tky, co\u017e vedlo k bizarn\u00edm \u00fa\u010dink\u016fm. Mal\u00e9 d\u00e1vky tekut\u00e9ho ketaminu 50 mg\/10 ml zp\u016fsobuj\u00ed podobnou dezinhibici jako alkoholick\u00e9 n\u00e1poje. Proto se \u010dasto pou\u017e\u00edv\u00e1 na ve\u010d\u00edrc\u00edch a ravech. Vy\u0161\u0161\u00ed d\u00e1vky maj\u00ed opa\u010dn\u00fd \u00fa\u010dinek: soci\u00e1ln\u00ed sta\u017een\u00ed a rozs\u00e1hlou neschopnost komunikace.<\/p>\n<h4>KETAMINOV\u00c1 KAPALINA NA PRODEJ ONLINE:<\/h4>\n<p>Dobr\u00fdm p\u0159\u00edkladem je MDMA (delight), zn\u00e1m\u00e1 klubov\u00e1 droga, kter\u00e1 se poprv\u00e9 objevila v polovin\u011b 80. let. A\u010dkoli \u00fa\u010dinky nejsou srovnateln\u00e9, ketamin tekut\u00fd 50 mg\/10 ml je \u010dasto prezentov\u00e1n jako pocit \u0161t\u011bst\u00ed. Sedativn\u00ed vlastnosti ketaminu vedou k nez\u0159eteln\u00e9 \u0159e\u010di a neschopnosti pohybu, co\u017e t\u00e9m\u011b\u0159 znemo\u017e\u0148uje pohyb. Z tohoto d\u016fvodu je ketamin tekut\u00fd 50 mg\/10 ml \u010dasto ozna\u010dov\u00e1n jako droga na rande. Ketamin tekut\u00fd k prodeji<\/p>\n<p>Dr. Levine tvrd\u00ed, \u017ee mo\u017enost vzniku z\u00e1vislosti na ketaminu v tekut\u00e9m stavu 50 mg\/10 ml p\u0159i u\u017e\u00edv\u00e1n\u00ed jako \"p\u00e1rty drogy\" jednodu\u0161e neexistuje. \"Studie ukazuj\u00ed, \u017ee p\u0159i skute\u010dn\u011b sn\u00ed\u017een\u00fdch d\u00e1vk\u00e1ch, kter\u00e9 pou\u017e\u00edv\u00e1me, ve velmi medic\u00ednsky orientovan\u00e9m prost\u0159ed\u00ed, s nedostate\u010dnou otev\u0159enost\u00ed v dom\u00e1c\u00edm prost\u0159ed\u00ed a ned\u016fsledn\u00fdm d\u00e1vkov\u00e1n\u00edm, neexistuje \u017e\u00e1dn\u00e1 \u0161ance na vznik nutk\u00e1n\u00ed nebo zneu\u017eit\u00ed,\" \u0159\u00edk\u00e1 a dod\u00e1v\u00e1 upozorn\u011bn\u00ed: \"Benzodiazepiny mohou horn\u00ed \u00fa\u010dinky ketaminu dob\u0159e tlumit.\" Ketamin tekut\u00fd na prodej, Ketamin tekut\u00fd.<\/p>\n<p>Ten je pravideln\u011b up\u0159es\u0148ov\u00e1n klinick\u00fdm odborn\u00edkem v regulovan\u00e9m prost\u0159ed\u00ed pro kritick\u00e1 hodnocen\u00ed bezpe\u010dnosti. Tato strategie vy\u017eaduje pe\u010dliv\u00e9 pl\u00e1nov\u00e1n\u00ed, proto\u017ee zkou\u0161ky halucinogen\u016f mohou b\u00fdt \u0161okuj\u00edc\u00ed, pokud nen\u00ed \u010dlen \u0159\u00e1dn\u011b koordinov\u00e1n. N\u011bkte\u0159\u00ed odborn\u00edci na du\u0161evn\u00ed zdrav\u00ed doporu\u010duj\u00ed opatrnost p\u0159i pou\u017e\u00edv\u00e1n\u00ed ketaminu tekut\u00e9ho 50 mg\/10 ml. Ketamin tekut\u00fd na prodej, Ketamin tekut\u00fd.<\/p>\n<p>\"P\u0159esto\u017ee m\u016f\u017ee b\u00fdt \u00fa\u010dinnou l\u00e9\u010dbou, kter\u00e1 rychle zm\u00edr\u0148uje p\u0159\u00edznaky deprese, nev\u00edme dost o mo\u017en\u00fdch negativn\u00edch vedlej\u0161\u00edch \u00fa\u010dinc\u00edch, zejm\u00e9na p\u0159i dlouhodob\u00e9m u\u017e\u00edv\u00e1n\u00ed, abychom ji mohli doporu\u010dit v\u011bt\u0161in\u011b pacient\u016f.\" Zna\u010dn\u00e9 pocity \u0161t\u011bst\u00ed - Ketamin tekut\u00fd 50 mg\/10 ml m\u016f\u017ee u n\u011bkter\u00fdch koncov\u00fdch u\u017eivatel\u016f vyvolat stavy skute\u010dn\u00e9ho vytr\u017een\u00ed. Ketamin tekut\u00fd na prodej<\/p>\n<h4>KETAMINOV\u00c1 KAPALINA NA PRODEJ S\/BEZ L\u00c9KA\u0158SK\u00c9HO P\u0158EDPISU:<\/h4>\n<p>V ka\u017ed\u00e9m p\u0159\u00edpad\u011b je tento \u00fa\u010dinek mnohem m\u00e9n\u011b siln\u00fd a trval\u00fd ne\u017e u narkotik nebo MDMA. Ketamin tekut\u00fd 50 mg\/10 ml je l\u00e9k, kter\u00fd v\u00e1m m\u016f\u017ee pomoci zvl\u00e1dnout neuropatick\u00e9 stavy (nervov\u00e9 pot\u00ed\u017ee) b\u011bhem l\u00e9\u010dby i po n\u00ed. Ketamin tekut\u00fd 50mg\/10ml m\u016f\u017ee b\u00fdt pro mnoho lid\u00ed fantastick\u00fdm l\u00e9kem. Ketamin tekut\u00fd na prodej<\/p>\n<p>Pro jin\u00e9 je to cokoli, jen ne skv\u011bl\u00fd oblek. Pokud zva\u017eujete l\u00e9\u010dbu p\u0159\u00edpravkem Ketamin 50mg\/10ml, je d\u016fle\u017eit\u00e9, abyste mohli d\u016fv\u011b\u0159ovat poskytovatel\u016fm ve va\u0161em zdravotnick\u00e9m za\u0159\u00edzen\u00ed. U\u017e\u00edv\u00e1n\u00ed p\u0159\u00edpravku Ketamin 50mg\/10ml zklidn\u00ed va\u0161e rozru\u0161en\u00e9 nervy, kter\u00e9 v\u00e1m budou p\u0159ed\u00e1vat zpr\u00e1vy o t\u00edsni. Ketamin tekut\u00fd na prodej<\/p>\n<p>Ketamin tekut\u00fd 50 mg\/10 ml sm\u011bsi pro l\u00e9\u010dbu deprese a jin\u00fdch du\u0161evn\u00edch probl\u00e9m\u016f obvykle trv\u00e1 40 minut a\u017e 2 hodiny, v z\u00e1vislosti na posti\u017een\u00e9 osob\u011b. Disociativa jsou pova\u017eov\u00e1na za lep\u0161\u00ed ne\u017e jin\u00e9 l\u00e1tky, proto\u017ee vyvol\u00e1vaj\u00ed dlouhodob\u00fd nebo extr\u00e9mn\u011b dlouhodob\u00fd typ rezistence, kter\u00e1 se vyv\u00edj\u00ed postupn\u011b a nez\u00e1visle na typick\u00e9 rezistenci. Prodej ketaminu v tekut\u00e9m stavu<\/p>\n<p>Ketamin tekut\u00fd 50 mg\/10 ml m\u016f\u017ee b\u00fdt pod\u00e1v\u00e1n jako neleg\u00e1ln\u00ed droga. N\u011bkter\u00e1 centra vy\u017eaduj\u00ed, aby byl p\u0159i va\u0161em propu\u0161t\u011bn\u00ed p\u0159\u00edtomen n\u011bkdo, kdo v\u00e1m pom\u016f\u017ee s bezpe\u010dn\u00fdm doprovodem dom\u016f. N\u011bkte\u0159\u00ed pacienti d\u00e1vaj\u00ed p\u0159ednost p\u0159\u00edtomnosti bl\u00edzk\u00e9 osoby po celou dobu l\u00e9\u010dby, aby se c\u00edtili pohodln\u011bji, ale ne ve v\u0161ech za\u0159\u00edzen\u00edch je to vy\u017eadov\u00e1no. Prodej ketaminu v tekut\u00e9m stavu<\/p>\n<h4>KETAMIN NA PRODEJ:<\/h4>\n<p>Spole\u010dnost Truth Sandwich jednodu\u0161e nepovoluje pou\u017e\u00edv\u00e1n\u00ed t\u011bchto recept\u016f na m\u00edst\u011b. Jsme p\u0159esv\u011bd\u010deni, \u017ee je d\u016fle\u017eit\u00e9 poskytnout nuance pro bezpe\u010dnost t\u011bch, kte\u0159\u00ed se rozhodnou tyto l\u00e1tky u\u017e\u00edvat. Mnoz\u00ed extr\u00e9mn\u011b dlouhodob\u00ed nebo t\u011b\u017ec\u00ed z\u00e1kazn\u00edci ketaminu liquid 50mg\/10ml uv\u00e1d\u011bj\u00ed, \u017ee pot\u0159ebuj\u00ed u\u017e\u00edt podstatn\u011b v\u00edce, aby dos\u00e1hli odlou\u010den\u00ed nebo otev\u0159en\u00ed K ve srovn\u00e1n\u00ed s prvn\u00edm u\u017eit\u00edm, v ka\u017ed\u00e9m p\u0159\u00edpad\u011b po del\u0161\u00edch p\u0159est\u00e1vk\u00e1ch. Ketamin tekut\u00fd na prodej<\/p>\n<p>Pokud nem\u00e1te vlastn\u00ed osobu, kontaktujte n\u011bkterou z n\u00ed\u017ee uveden\u00fdch organizac\u00ed a domluvte si dopravu. S pomoc\u00ed odborn\u00edka na psychickou pohodu si m\u016f\u017eete vytvo\u0159it l\u00e9\u010debn\u00fd pl\u00e1n, kter\u00fd se zam\u011b\u0159\u00ed na ty aspekty va\u0161eho ka\u017edodenn\u00edho \u017eivota, kter\u00e9 pot\u0159ebujete co nejl\u00e9pe zvl\u00e1dnout, a z\u00e1rove\u0148 si po\u0159\u00eddit l\u00e9ky ketamin liquid 50mg\/10ml, abyste si mohli dop\u0159\u00e1t neobvykl\u00e9 pot\u011b\u0161en\u00ed z va\u0161ich setk\u00e1n\u00ed. Ketamin tekut\u00fd na prodej<\/p>\n<p>N\u011bkdo pro v\u00e1s bude posl\u00e1n dom\u016f, aby v\u00e1s vyzvedl. Celkov\u011b je o tuto organizaci velk\u00fd z\u00e1jem a budete si muset zajistit dopravu. Vzhledem k tomu, \u017ee ketamin tekut\u00fd 50 mg\/10 ml je schv\u00e1len FDA pod obchodn\u00edm n\u00e1zvem Spravato, existuj\u00ed \u017e\u00e1dosti o jeho pou\u017eit\u00ed k l\u00e9\u010db\u011b deprese. Ketamin tekut\u00fd na prodej<\/p>\n<p>Ketamin tekut\u00fd 50 mg\/10 ml-asistovan\u00e1 psychoterapie je jednou z mo\u017enost\u00ed. Tento postup je zam\u011b\u0159en na \u0159e\u0161en\u00ed p\u0159\u00ed\u010din pacientova zoufalstv\u00ed. Tato kategorie zahrnuje v\u0161echna za\u0159\u00edzen\u00ed, kter\u00e1 nab\u00edzej\u00ed l\u00e9\u010dbu du\u0161evn\u00edho zdrav\u00ed ve spojen\u00ed s organizacemi ketamin liquid 50mg\/10 ml. Ketamin tekut\u00fd na prodej<\/p>\n<h4>PAINKILLERS:<\/h4>\n<p>Spravato se p\u0159edepisuje ke st\u0159\u00edknut\u00ed do nosu a je k dost\u00e1n\u00ed pouze v n\u011bkolika schv\u00e1len\u00fdch centrech a l\u00e9k\u00e1rn\u00e1ch s ketaminem tekut\u00fdm 50 mg\/10 ml. V klinick\u00e9 studii dost\u00e1valo dvan\u00e1ct osob s t\u011b\u017ekou depres\u00ed vy\u017eaduj\u00edc\u00ed l\u00e9\u010dbu a sebevra\u017eedn\u00fdmi my\u0161lenkami t\u0159ikr\u00e1t t\u00fddn\u011b intraven\u00f3zn\u00ed sm\u011bs Ketamin tekut\u00fd 50mg\/10 ml. Ketamin tekut\u00fd k prodeji<\/p>\n<p>P\u011bt z dvan\u00e1cti se podrobilo a dost\u00e1valo po del\u0161\u00ed dobu ka\u017ed\u00fd t\u00fdden ketamin 50 mg\/10 ml, pot\u00e9 n\u00e1sledovala l\u00e9\u010dba ketaminem 50 mg\/10 ml a p\u0159ibli\u017en\u011b m\u011bs\u00ed\u010dn\u00ed sledovac\u00ed obdob\u00ed, b\u011bhem n\u011bho\u017e nebyl ketamin 50 mg\/10 ml pod\u00e1v\u00e1n. Ka\u017ed\u00fd z p\u011bti p\u0159ipravil obt\u00ed\u017en\u011bj\u0161\u00ed pr\u016fb\u011bh projev\u016f po dobu n\u00e1sledn\u00e9 l\u00e9\u010dby. Dal\u0161\u00ed informace, <a href=\"https:\/\/psychedelischerweltraum.com\/cs\/kontakt\/\">kontaktujte n\u00e1s<\/a> pros\u00edm.<\/p>\n<p>&nbsp;<\/p>","protected":false},"excerpt":{"rendered":"<p>Ketamin tekut\u00fd koupit 500mg\/10ml Obecn\u011b prod\u00e1v\u00e1me \u010dist\u00fd ketamin v tekut\u00e9 form\u011b za velmi v\u00fdhodn\u00e9 ceny, tj. ketamin v tekut\u00e9 form\u011b na prodej....<\/p>","protected":false},"featured_media":1887,"comment_status":"open","ping_status":"closed","template":"","meta":{"_monsterinsights_skip_tracking":false,"_monsterinsights_sitenote_active":false,"_monsterinsights_sitenote_note":"","_monsterinsights_sitenote_category":0},"product_brand":[],"product_cat":[188],"product_tag":[],"class_list":{"0":"post-1752","1":"product","2":"type-product","3":"status-publish","4":"has-post-thumbnail","6":"product_cat-ketamin-kaufen-ohne-rezept","8":"first","9":"instock","10":"shipping-taxable","11":"purchasable","12":"product-type-variable","13":"customify-col"},"_links":{"self":[{"href":"https:\/\/psychedelischerweltraum.com\/cs\/wp-json\/wp\/v2\/product\/1752","targetHints":{"allow":["GET"]}}],"collection":[{"href":"https:\/\/psychedelischerweltraum.com\/cs\/wp-json\/wp\/v2\/product"}],"about":[{"href":"https:\/\/psychedelischerweltraum.com\/cs\/wp-json\/wp\/v2\/types\/product"}],"replies":[{"embeddable":true,"href":"https:\/\/psychedelischerweltraum.com\/cs\/wp-json\/wp\/v2\/comments?post=1752"}],"wp:featuredmedia":[{"embeddable":true,"href":"https:\/\/psychedelischerweltraum.com\/cs\/wp-json\/wp\/v2\/media\/1887"}],"wp:attachment":[{"href":"https:\/\/psychedelischerweltraum.com\/cs\/wp-json\/wp\/v2\/media?parent=1752"}],"wp:term":[{"taxonomy":"product_brand","embeddable":true,"href":"https:\/\/psychedelischerweltraum.com\/cs\/wp-json\/wp\/v2\/product_brand?post=1752"},{"taxonomy":"product_cat","embeddable":true,"href":"https:\/\/psychedelischerweltraum.com\/cs\/wp-json\/wp\/v2\/product_cat?post=1752"},{"taxonomy":"product_tag","embeddable":true,"href":"https:\/\/psychedelischerweltraum.com\/cs\/wp-json\/wp\/v2\/product_tag?post=1752"}],"curies":[{"name":"wp","href":"https:\/\/api.w.org\/{rel}","templated":true}]}}