{"id":1565,"date":"2023-06-27T19:19:49","date_gmt":"2023-06-27T18:19:49","guid":{"rendered":"https:\/\/psychedelischerweltraum.com\/?post_type=product&#038;p=1565"},"modified":"2025-12-23T15:19:05","modified_gmt":"2025-12-23T14:19:05","slug":"dom-perignon-mdma","status":"publish","type":"product","link":"https:\/\/psychedelischerweltraum.com\/el\/product\/dom-perignon-mdma\/","title":{"rendered":"Dom Perignon MDMA"},"content":{"rendered":"<h2><span dir=\"auto\" style=\"vertical-align: inherit;\"><span dir=\"auto\" style=\"vertical-align: inherit;\">Dom Perignon MDMA<\/span><\/span><\/h2>\n<p><span dir=\"auto\" style=\"vertical-align: inherit;\"><span dir=\"auto\" style=\"vertical-align: inherit;\">In the end, we have DOM PERIGNON MDMA FOR SALE at very affordable prices. Dom Pergnon MDMA generally causes an increased release of the body&#8217;s own psychoactive substances. Side effects such as &#8222;crunching&#8220; sensations, nerve irritation, and even dizziness can occur. As the effects improve, body temperature rises, and hallucinations may occur. A mixture of euphoria, nervousness, and a lot of drugs.<\/span><\/span><\/p>\n<p><span dir=\"auto\" style=\"vertical-align: inherit;\"><span dir=\"auto\" style=\"vertical-align: inherit;\">Dom P\u00e9rignon MDMA pills can cause jaw clicking, muscle tremors, nausea, and increased strain on the circulatory system. The heart, liver, and kidneys are particularly affected. Regular use of large amounts of Dom P\u00e9rignon MDMA is neurotoxic and increases the likelihood of irreversible brain damage. The pill has a dotted line on the back. Dom P\u00e9rignon MDMA can only be dangerous if taken in large doses or if several small doses are taken in an exceptionally short period of time to keep up with the high. Dom P\u00e9rignon champagne is being served at this table.<\/span><\/span><\/p>\n<p><span dir=\"auto\" style=\"vertical-align: inherit;\"><span dir=\"auto\" style=\"vertical-align: inherit;\">End users of Dom P\u00e9rignon MDMA experience all these side effects, but they can stop taking Dom P\u00e9rignon MDMA pills. Dom P\u00e9rignon MDMA users are most likely to consult their doctor and take it more often than their mother. They can also buy Dom P\u00e9rignon MDMA tablets online. While Mollu is marketed as a pure form of Dom P\u00e9rignon MDMA, end users have no way of knowing what it contains.<\/span><\/span><\/p>\n<h3><span dir=\"auto\" style=\"vertical-align: inherit;\"><span dir=\"auto\" style=\"vertical-align: inherit;\">BUY DOM PERIGNON MDMA ONLINE<\/span><\/span><\/h3>\n<p><span dir=\"auto\" style=\"vertical-align: inherit;\"><span dir=\"auto\" style=\"vertical-align: inherit;\">Both Dom Perignon MDMA and bliss can be combined with other drugs. The fast-paced and energetic parties, the effects of new music and lights are often synergistic with the drug. Dom Perignon MDMA is frequently seen as the drug of choice for raves and invigorating parties; the effects of music and lights are often highly synergistic with the drug. Dom Perignon MDMA.<\/span><\/span><\/p>\n<p><span dir=\"auto\" style=\"vertical-align: inherit;\"><span dir=\"auto\" style=\"vertical-align: inherit;\">A small study published in the journal Lancet Psychiatry investigated the use of Dom Perignon MDMA in patients suffering from distributed terrible stress disorder (PTSD). Researchers administered three doses of Dom Perignon MDMA to 22 veterans, two firefighters, and one police officer with PTSD. After consuming large amounts of Dom Perignon MDMA, shortness of breath, poor coordination, sleep disturbances, and increased appetite are unavoidable.<\/span><\/span><\/p>\n<p><span dir=\"auto\" style=\"vertical-align: inherit;\"><span dir=\"auto\" style=\"vertical-align: inherit;\">In any case, not all experts were convinced. Widespread acceptance cannot be guaranteed with this small group, and there is a risk of obsession and implosion within a general population that is currently vulnerable to these certified achievements. In recent years, drugs have conquered the market, from ecstasy pills to MDMA powder and MDMA drinks, to some edibles containing Dom Perignon MDMA.<\/span><\/span><\/p>\n<h4><span dir=\"auto\" style=\"vertical-align: inherit;\"><span dir=\"auto\" style=\"vertical-align: inherit;\">DOM PERIGNON MDMA FOR SALE ONLINE:<\/span><\/span><\/h4>\n<p><span dir=\"auto\" style=\"vertical-align: inherit;\"><span dir=\"auto\" style=\"vertical-align: inherit;\">Both Dom Pergn\u043en MDMA and bliss can be combined with other drugs. The fast-paced and energetic celebrations, the effects of new music and lights are often synergistic with the drug. Dom P\u0435rgn\u043en MDMA items are often seen as the drug of r\u0430v\u0435 and invigorating celebrations, the \u0435n\u043er\u0443 effects of music \u0430nd lights \u0430r\u0435 \u043eft\u0435n hghl\u0443 synergistic with the drug. Dom Perignon MDMA.<\/span><\/span><\/p>\n<p><span dir=\"auto\" style=\"vertical-align: inherit;\"><span dir=\"auto\" style=\"vertical-align: inherit;\">A small study published in the journal Lancet Psychiatry examined the use of Dom Pergn\u043en MDMA in patients suffering from distributed terrible stress (PTSD). The researchers administered three doses of Dom P\u0435rgn\u043en MDMA to 22 veterans, two firefighters and one police officer who suffered from PTSD. After consuming large amounts of Dom Pergon MDMA, shortness of breath, poor coordination, sleep disturbances, and increased appetite are inevitable. Dom Perignon MDMA.<\/span><\/span><\/p>\n<p><span dir=\"auto\" style=\"vertical-align: inherit;\"><span dir=\"auto\" style=\"vertical-align: inherit;\">In any case, not all experts were convinced. With this small group, widespread acceptance cannot be guaranteed, and there is a risk of obsession and implosion within a general population that is at risk for these certified achievements at this time. In recent years, intoxicants have taken over the market, from ecstasy pills to MDMA powders and MDMA drinks to some edibles containing Dom Pergnon MDMA. Dom Perignon MDMA.<\/span><\/span><\/p>\n<h5><span dir=\"auto\" style=\"vertical-align: inherit;\"><span dir=\"auto\" style=\"vertical-align: inherit;\">DOM PERIGNON MDMA:<\/span><\/span><\/h5>\n<p><span dir=\"auto\" style=\"vertical-align: inherit;\"><span dir=\"auto\" style=\"vertical-align: inherit;\">Despite experiencing all these negative effects, Dom Pergnon MDMA users can still stop taking Dom Pergnon MDMA pills. Dom Pergnon MDMA users are very close to their drug users and value them even more than their food. 34% met the criteria for substance abuse, as they continued to use despite reporting physical or mental impairment, withdrawal symptoms, and resistance (or decreased response). DOM PERIGNON MDMA FOR SALE<\/span><\/span><\/p>\n<p><span dir=\"auto\" style=\"vertical-align: inherit;\"><span dir=\"auto\" style=\"vertical-align: inherit;\">This pill contains an unusual dose of Dom Perignon MDMA, which can have adverse side effects. Use with extreme caution. Disorder, despair, settlement anxiety, drug addiction, and outrageous fears are all examples of psychological effects. These problems can occur during and for what feels like an eternity or months after use. Dom Perignon MDMA tablets are domino-shaped white tablets produced from and sold with Dom Perignon MDMA.<\/span><\/span><\/p>\n<h5><span dir=\"auto\" style=\"vertical-align: inherit;\"><span dir=\"auto\" style=\"vertical-align: inherit;\">ADDITIONALLY:<\/span><\/span><\/h5>\n<p><span dir=\"auto\" style=\"vertical-align: inherit;\"><span dir=\"auto\" style=\"vertical-align: inherit;\">They are very hard pressed and contain the following &#8222;MDMA mell&#8220;. Dom Pergnon MDMA is often a drug that makes people euphoric and sympathetic. Molly is the street name for the powder or gem Dom Pergnon MDMA, typically sold in suitcases. Rapture is the street name for a suitcase variety of Dom Pergnon MDMA. DOM PERIGNON MDMA FOR SALE<\/span><\/span><\/p>\n<p><span dir=\"auto\" style=\"vertical-align: inherit;\"><span dir=\"auto\" style=\"vertical-align: inherit;\">Ecstasy (or &#8222;cases of happiness&#8220;) is a synthetically produced, psychoactive, professionally prescribed drug similar to methamphetamine and mescaline. Because genuine drug dealers often change street names to confuse law enforcement, ecstasy has many alternative names. Ecstasy can also be called Xts, Suerman, Rolex, Pnk Suerman, Pll, Mtubh, MDMA, Mandy, E, Dolphins, Crystal, Cowies, Browne, or Mollu. For more information, please <\/span><\/span><a href=\"https:\/\/psychedelischerweltraum.com\/el\/kontakt\/\"><span dir=\"auto\" style=\"vertical-align: inherit;\"><span dir=\"auto\" style=\"vertical-align: inherit;\">contact us<\/span><\/span><\/a><span dir=\"auto\" style=\"vertical-align: inherit;\"><span dir=\"auto\" style=\"vertical-align: inherit;\"> .<\/span><\/span><\/p>","protected":false},"excerpt":{"rendered":"<p>Dom Perignon MDMA In the end, we have DOM PERIGNON MDMA FOR SALE at very affordable prices. Dom Pergnon MDMA generally causes an increased release&hellip;<\/p>","protected":false},"featured_media":1868,"comment_status":"open","ping_status":"closed","template":"","meta":{"_monsterinsights_skip_tracking":false,"_monsterinsights_sitenote_active":false,"_monsterinsights_sitenote_note":"","_monsterinsights_sitenote_category":0},"product_brand":[],"product_cat":[120],"product_tag":[],"class_list":{"0":"post-1565","1":"product","2":"type-product","3":"status-publish","4":"has-post-thumbnail","6":"product_cat-mdma-kaufen","8":"first","9":"instock","10":"shipping-taxable","11":"purchasable","12":"product-type-variable","13":"customify-col"},"_links":{"self":[{"href":"https:\/\/psychedelischerweltraum.com\/el\/wp-json\/wp\/v2\/product\/1565","targetHints":{"allow":["GET"]}}],"collection":[{"href":"https:\/\/psychedelischerweltraum.com\/el\/wp-json\/wp\/v2\/product"}],"about":[{"href":"https:\/\/psychedelischerweltraum.com\/el\/wp-json\/wp\/v2\/types\/product"}],"replies":[{"embeddable":true,"href":"https:\/\/psychedelischerweltraum.com\/el\/wp-json\/wp\/v2\/comments?post=1565"}],"wp:featuredmedia":[{"embeddable":true,"href":"https:\/\/psychedelischerweltraum.com\/el\/wp-json\/wp\/v2\/media\/1868"}],"wp:attachment":[{"href":"https:\/\/psychedelischerweltraum.com\/el\/wp-json\/wp\/v2\/media?parent=1565"}],"wp:term":[{"taxonomy":"product_brand","embeddable":true,"href":"https:\/\/psychedelischerweltraum.com\/el\/wp-json\/wp\/v2\/product_brand?post=1565"},{"taxonomy":"product_cat","embeddable":true,"href":"https:\/\/psychedelischerweltraum.com\/el\/wp-json\/wp\/v2\/product_cat?post=1565"},{"taxonomy":"product_tag","embeddable":true,"href":"https:\/\/psychedelischerweltraum.com\/el\/wp-json\/wp\/v2\/product_tag?post=1565"}],"curies":[{"name":"wp","href":"https:\/\/api.w.org\/{rel}","templated":true}]}}