{"id":1983,"date":"2023-07-23T19:45:40","date_gmt":"2023-07-23T18:45:40","guid":{"rendered":"https:\/\/psychedelischerweltraum.com\/?page_id=1983"},"modified":"2023-07-23T19:49:49","modified_gmt":"2023-07-23T18:49:49","slug":"zahlung","status":"publish","type":"page","link":"https:\/\/psychedelischerweltraum.com\/es\/zahlung\/","title":{"rendered":"Pago"},"content":{"rendered":"<p>La seguridad ante todo.<\/p>\n\n\n\n<p>S\u00f3lo puedes pagar con Bitcoin en nuestra tienda online de hierba y hach\u00eds. \u00bfPor qu\u00e9? Muy sencillo. Bitcoin es an\u00f3nimo y no puede ser rastreado.<\/p>\n\n\n\n<p>\u00bfNo tiene Bitcoin? \u00bfNo sabe d\u00f3nde comprar Bitcoin o c\u00f3mo usarlo?<\/p>\n\n\n\n<h2 class=\"wp-block-heading\">Comprar Bitcoin es f\u00e1cil<\/h2>\n\n\n\n<p>Hay muchos proveedores donde puede comprar Bitcoin f\u00e1cilmente utilizando varios m\u00e9todos de pago como PayPal, tarjeta de cr\u00e9dito o transferencia bancaria.<\/p>\n\n\n\n<p>Para principiantes recomendamos <a href=\"https:\/\/bitpanda.com\" target=\"_blank\" rel=\"noopener\">bitpanda.com<\/a>.<\/p>\n\n\n\n<figure class=\"wp-block-embed is-type-video is-provider-youtube wp-block-embed-youtube wp-embed-aspect-16-9 wp-has-aspect-ratio\"><div class=\"wp-block-embed__wrapper\">\n<iframe title=\"Comprar Bitcoin 2024: Instrucciones para principiantes | paso a paso - seguro y f\u00e1cil\" width=\"843\" height=\"474\" src=\"https:\/\/www.youtube.com\/embed\/szKnbbHwY4A?feature=oembed\" frameborder=\"0\" allow=\"accelerometer; autoplay; clipboard-write; encrypted-media; gyroscope; picture-in-picture; web-share\" allowfullscreen><\/iframe>\n<\/div><\/figure>\n\n\n\n<p>Tras un breve proceso de verificaci\u00f3n, puede comprar Bitcoin all\u00ed f\u00e1cilmente.<\/p>\n\n\n\n<p>En segundo lugar, le recomendamos que cree un monedero an\u00f3nimo personal. Aqu\u00ed es donde almacena su Bitcoin. Para ello es adecuado, por ejemplo, el proveedor suizo <a href=\"https:\/\/swiss-wallet.org\/\" target=\"_blank\" rel=\"noopener\">swiss-wallet.org<\/a>.<\/p>\n\n\n\n<p>Debido a las estrictas leyes suizas de protecci\u00f3n de datos, su Bitcoin est\u00e1 seguro all\u00ed.<\/p>\n\n\n\n<h2 class=\"wp-block-heading\">Puedes conectarte inmediatamente.<\/h2>\n\n\n\n<p>Si ya tiene su Bitcoin en su monedero personal, casi lo ha conseguido.<\/p>\n\n\n\n<p>Usted finaliza su compra en nuestra tienda y va a la caja. Confirmas \"Pago con Bitcoin\".<\/p>\n\n\n\n<p>Poco despu\u00e9s ver\u00e1s la direcci\u00f3n de nuestro monedero y un c\u00f3digo QR. Env\u00eda el importe correspondiente a nuestra direcci\u00f3n.<\/p>\n\n\n\n<p>En breve recibir\u00e1 su paquete.<\/p>","protected":false},"excerpt":{"rendered":"<p>Sicherheit geht vor! Du kannst in unserem Online-Shop f\u00fcr Weed und Haschisch nur mit Bitcoin bezahlen. Warum das so ist? Ganz einfach! Bitcoin sind anonym&hellip;<\/p>","protected":false},"author":10,"featured_media":0,"parent":0,"menu_order":0,"comment_status":"closed","ping_status":"closed","template":"","meta":{"_monsterinsights_skip_tracking":false,"_monsterinsights_sitenote_active":false,"_monsterinsights_sitenote_note":"","_monsterinsights_sitenote_category":0,"footnotes":""},"class_list":["post-1983","page","type-page","status-publish","hentry"],"_links":{"self":[{"href":"https:\/\/psychedelischerweltraum.com\/es\/wp-json\/wp\/v2\/pages\/1983","targetHints":{"allow":["GET"]}}],"collection":[{"href":"https:\/\/psychedelischerweltraum.com\/es\/wp-json\/wp\/v2\/pages"}],"about":[{"href":"https:\/\/psychedelischerweltraum.com\/es\/wp-json\/wp\/v2\/types\/page"}],"author":[{"embeddable":true,"href":"https:\/\/psychedelischerweltraum.com\/es\/wp-json\/wp\/v2\/users\/10"}],"replies":[{"embeddable":true,"href":"https:\/\/psychedelischerweltraum.com\/es\/wp-json\/wp\/v2\/comments?post=1983"}],"version-history":[{"count":2,"href":"https:\/\/psychedelischerweltraum.com\/es\/wp-json\/wp\/v2\/pages\/1983\/revisions"}],"predecessor-version":[{"id":1987,"href":"https:\/\/psychedelischerweltraum.com\/es\/wp-json\/wp\/v2\/pages\/1983\/revisions\/1987"}],"wp:attachment":[{"href":"https:\/\/psychedelischerweltraum.com\/es\/wp-json\/wp\/v2\/media?parent=1983"}],"curies":[{"name":"wp","href":"https:\/\/api.w.org\/{rel}","templated":true}]}}