{"id":3,"date":"2023-05-30T13:58:39","date_gmt":"2023-05-30T12:58:39","guid":{"rendered":"https:\/\/psychedelischerweltraum.com\/?page_id=3"},"modified":"2023-07-23T19:14:12","modified_gmt":"2023-07-23T18:14:12","slug":"datenschutzerklarung","status":"publish","type":"page","link":"https:\/\/psychedelischerweltraum.com\/es\/datenschutzerklarung\/","title":{"rendered":"Pol\u00edtica de privacidad"},"content":{"rendered":"<p>Gracias por su visita a <a href=\"\/es\/\">coke2kaufen.com<\/a> (en lo sucesivo, \"sitio web\"). La protecci\u00f3n de sus datos personales es importante para nosotros. A continuaci\u00f3n, nos gustar\u00eda informarle de qu\u00e9 datos personales recopilamos durante su visita a nuestro sitio web, para qu\u00e9 fines se utilizan y qu\u00e9 derechos le asisten en relaci\u00f3n con sus datos. Esta pol\u00edtica de privacidad se aplica al uso del sitio web coke2kaufen.com.<\/p>\n\n\n\n<ol class=\"wp-block-list\">\n<li>Organismo responsable<\/li>\n<\/ol>\n\n\n\n<p>El responsable del tratamiento de datos en este sitio web es<\/p>\n\n\n\n<p>Coke2Kaufen GmbH Musterstra\u00dfe 123 12345 Musterstadt Alemania E-Mail: <a href=\"mailto:info@psychedelischerweltraum.com\">info@psychedelischerweltraum.com<\/a><\/p>\n\n\n\n<ol class=\"wp-block-list\" start=\"2\">\n<li>Recogida y tratamiento de datos personales<\/li>\n<\/ol>\n\n\n\n<p>a) Al visitar el sitio web<\/p>\n\n\n\n<p>Cuando visita nuestro sitio web, recogemos y almacenamos autom\u00e1ticamente la informaci\u00f3n t\u00e9cnica que su navegador transmite a nuestro servidor. Esto incluye la direcci\u00f3n IP de su dispositivo, el tipo de navegador, la fecha y hora de acceso, las p\u00e1ginas y archivos consultados y el sitio web desde el que accedi\u00f3 a nuestro sitio (URL de referencia). La recogida de estos datos es t\u00e9cnicamente necesaria para permitirle utilizar nuestro sitio web y para garantizar su estabilidad y seguridad. Estos datos no se fusionan con otras fuentes de datos ni se utilizan para crear perfiles de usuario.<\/p>\n\n\n\n<p>b) Al registrarse y hacer un pedido<\/p>\n\n\n\n<p>Cuando se registra en nuestro sitio web o realiza un pedido, recopilamos los datos personales necesarios para su procesamiento. Esto incluye su nombre, su direcci\u00f3n, su direcci\u00f3n de correo electr\u00f3nico y cualquier otro dato de contacto. Estos datos se utilizan exclusivamente para cumplir el contrato celebrado con usted y no se transmiten a terceros a menos que sea necesario para cumplir el contrato (por ejemplo, transmisi\u00f3n a proveedores de servicios de env\u00edo).<\/p>\n\n\n\n<p>c) Al establecer contacto<\/p>\n\n\n\n<p>Si se pone en contacto con nosotros por correo electr\u00f3nico o a trav\u00e9s del formulario de contacto del sitio web, almacenaremos la informaci\u00f3n que nos proporcione para poder procesar su consulta. Estos datos no se transmitir\u00e1n a terceros sin su consentimiento.<\/p>\n\n\n\n<p>d) Uso de cookies<\/p>\n\n\n\n<p>Utilizamos cookies para mejorar y analizar el uso de nuestro sitio web. Las cookies son peque\u00f1os archivos de texto que se almacenan en su dispositivo final y contienen determinada informaci\u00f3n. Se utilizan para que el sitio web sea m\u00e1s f\u00e1cil de usar, eficaz y seguro. Puede desactivar el almacenamiento de cookies en la configuraci\u00f3n de su navegador. Tenga en cuenta que esto puede limitar la funcionalidad de nuestro sitio web.<\/p>\n\n\n\n<ol class=\"wp-block-list\" start=\"3\">\n<li>Finalidad del tratamiento de datos<\/li>\n<\/ol>\n\n\n\n<p>Tratamos sus datos personales exclusivamente para los siguientes fines:<\/p>\n\n\n\n<ul class=\"wp-block-list\">\n<li>Suministro y mejora de nuestro sitio web<\/li>\n\n\n\n<li>Tramitaci\u00f3n de pedidos y contratos<\/li>\n\n\n\n<li>Responder a sus preguntas y comunicarse con usted<\/li>\n\n\n\n<li>Garantizar la seguridad inform\u00e1tica y analizar los errores<\/li>\n\n\n\n<li>Cumplimiento de las obligaciones legales<\/li>\n<\/ul>\n\n\n\n<ol class=\"wp-block-list\" start=\"4\">\n<li>Base jur\u00eddica del tratamiento de datos<\/li>\n<\/ol>\n\n\n\n<p>Sus datos personales se procesan sobre la base de las leyes de protecci\u00f3n de datos de la Uni\u00f3n Europea, en particular el Reglamento General de Protecci\u00f3n de Datos (RGPD). La base jur\u00eddica puede ser, en particular, el cumplimiento de un contrato con usted, su consentimiento o intereses leg\u00edtimos por nuestra parte.<\/p>\n\n\n\n<ol class=\"wp-block-list\" start=\"5\">\n<li>Duraci\u00f3n del almacenamiento de datos<\/li>\n<\/ol>\n\n\n\n<p>Sus datos personales s\u00f3lo se almacenar\u00e1n mientras sea necesario para los fines para los que se recogieron o mientras lo exijan los periodos de conservaci\u00f3n legales. Una vez que la finalidad haya dejado de ser aplicable o hayan expirado los periodos de conservaci\u00f3n, sus datos ser\u00e1n suprimidos.<\/p>\n\n\n\n<ol class=\"wp-block-list\" start=\"6\">\n<li>Divulgaci\u00f3n a terceros<\/li>\n<\/ol>\n\n\n\n<p>No transmitimos sus datos personales a terceros a menos que sea necesario para el cumplimiento del contrato o debido a disposiciones legales.<\/p>\n\n\n\n<ol class=\"wp-block-list\" start=\"7\">\n<li>Sus derechos<\/li>\n<\/ol>\n\n\n\n<p>Tiene derecho a obtener informaci\u00f3n sobre los datos que tratamos, as\u00ed como derecho de rectificaci\u00f3n, supresi\u00f3n, limitaci\u00f3n del tratamiento y portabilidad de los datos. Puede revocar su consentimiento al tratamiento de sus datos en cualquier momento. Para ejercer sus derechos o si tiene alguna pregunta sobre la protecci\u00f3n de datos, puede ponerse en contacto con nosotros utilizando los datos de contacto que figuran en la secci\u00f3n 1.<\/p>\n\n\n\n<ol class=\"wp-block-list\" start=\"8\">\n<li>Cambios en la pol\u00edtica de privacidad<\/li>\n<\/ol>\n\n\n\n<p>Nos reservamos el derecho a actualizar esta pol\u00edtica de privacidad en caso necesario. Por lo tanto, consulte nuestra pol\u00edtica de privacidad con regularidad.<\/p>\n\n\n\n<p>Gracias por tomarse el tiempo de leer nuestra pol\u00edtica de privacidad.<\/p>","protected":false},"excerpt":{"rendered":"<p>Vielen Dank f\u00fcr Ihren Besuch auf coke2kaufen.com (im Folgenden &#8222;Website&#8220; genannt). Der Schutz Ihrer personenbezogenen Daten ist uns ein wichtiges Anliegen. Nachfolgend m\u00f6chten wir Sie&hellip;<\/p>","protected":false},"author":10,"featured_media":0,"parent":0,"menu_order":0,"comment_status":"closed","ping_status":"open","template":"","meta":{"_monsterinsights_skip_tracking":false,"_monsterinsights_sitenote_active":false,"_monsterinsights_sitenote_note":"","_monsterinsights_sitenote_category":0,"footnotes":""},"class_list":["post-3","page","type-page","status-publish","hentry"],"_links":{"self":[{"href":"https:\/\/psychedelischerweltraum.com\/es\/wp-json\/wp\/v2\/pages\/3","targetHints":{"allow":["GET"]}}],"collection":[{"href":"https:\/\/psychedelischerweltraum.com\/es\/wp-json\/wp\/v2\/pages"}],"about":[{"href":"https:\/\/psychedelischerweltraum.com\/es\/wp-json\/wp\/v2\/types\/page"}],"author":[{"embeddable":true,"href":"https:\/\/psychedelischerweltraum.com\/es\/wp-json\/wp\/v2\/users\/10"}],"replies":[{"embeddable":true,"href":"https:\/\/psychedelischerweltraum.com\/es\/wp-json\/wp\/v2\/comments?post=3"}],"version-history":[{"count":1,"href":"https:\/\/psychedelischerweltraum.com\/es\/wp-json\/wp\/v2\/pages\/3\/revisions"}],"predecessor-version":[{"id":1979,"href":"https:\/\/psychedelischerweltraum.com\/es\/wp-json\/wp\/v2\/pages\/3\/revisions\/1979"}],"wp:attachment":[{"href":"https:\/\/psychedelischerweltraum.com\/es\/wp-json\/wp\/v2\/media?parent=3"}],"curies":[{"name":"wp","href":"https:\/\/api.w.org\/{rel}","templated":true}]}}