{"id":1639,"date":"2023-06-27T19:20:12","date_gmt":"2023-06-27T18:20:12","guid":{"rendered":"https:\/\/psychedelischerweltraum.com\/?post_type=product&#038;p=1639"},"modified":"2026-04-29T16:09:21","modified_gmt":"2026-04-29T14:09:21","slug":"anesket-online-kaufen","status":"publish","type":"product","link":"https:\/\/psychedelischerweltraum.com\/es\/product\/anesket-online-kaufen\/","title":{"rendered":"Anesket Ketamina"},"content":{"rendered":"<h2><span class=\"___SText_4qyg4-ko_\" data-ui-name=\"Link.Text\">Comprar Anesket Ketamina<\/span><\/h2>\n<p>En este punto, usted puede comprar Anesket en l\u00ednea con o sin receta m\u00e9dica. En el momento en que alguien gru\u00f1e Anesket, trabajar\u00e1n experiencia una euforia inconfundible de lo que obtendr\u00edan tragarlo, ambos de los cuales a\u00f1ade inclinaci\u00f3n concebible y mejora el riesgo de brasas. El gru\u00f1ido de Anesket da un severo calmante de la r\u00e1pida aparici\u00f3n de efectos de la medicaci\u00f3n de riesgo. Esta medicaci\u00f3n puede influenciar posiblemente su innovativeness o reacciones.<\/p>\n<p>Probablemente no se le permitir\u00e1 vivir sin la ayuda de nadie adecuada a su actividad o r\u00e9gimen de tratamiento. Abst\u00e9ngase de conducir o trabajar con equipos durante unas 24 horas. En el momento en que haya adquirido Anesket. Adem\u00e1s, este tipo de uso puede causar da\u00f1os b\u00e1sicos a las secciones nasales.<\/p>\n<p>La infusi\u00f3n de Anesket es una receta prescrita profesionalmente que se utiliza sola o junto con otros medicamentos para dar una ausencia de conciencia justo antes y durante una intervenci\u00f3n quir\u00fargica o quiz\u00e1s un tratamiento cl\u00ednico. L\u00edquido Anesket produce una generosidad inesperada que dura unos 60 minutos. Comienza Anesket efectos incidentales por 2 a 5 minutos una vez que la porci\u00f3n ha sido fumado o tragado. Comprar Anesket en l\u00ednea<\/p>\n<p>Los datos de la insignificante extensi\u00f3n de personas en abierto sobre el nombre, los preliminares cl\u00ednicos potenciales sugieren que Anesket podr\u00eda ser \u00fatil con la curaci\u00f3n de la fomentaci\u00f3n escandalosa y las inclinaciones \u00e1speras. No obstante, el surtido de medidas es muy diferente y no se ha demostrado una dosis digna de menci\u00f3n. Anesket glut no es generalmente mortal, no obstante, puede da\u00f1ar significativamente a su cliente, y grunt ketamina apoya la posibilidad de glut. Comprar Anesket Ketamina.<\/p>\n<h4>ANESKET EN VENTA:<\/h4>\n<p>Por la raz\u00f3n de que el gru\u00f1ido de la droga le permite llegar a la mente m\u00e1s r\u00e1pido, puede provocar un aumento de alta, pero tambi\u00e9n bien dominar muchas t\u00e9cnicas fisiol\u00f3gicas controladas por el cerebro. Durante un exceso, lo m\u00e1s probable es que el cliente se tambalee sin darse cuenta y sin duda tendr\u00e1 una respiraci\u00f3n somnolienta y superficial 2. Comprar Anesket Online<\/p>\n<p>Aunque podr\u00eda presentarse alguna confirmaci\u00f3n de la seguridad de la v\u00eda a\u00e9rea s\u00f3lo debido a los fuertes reflejos lar\u00edngeos y far\u00edngeos, podr\u00edan surgir arcadas y antojos junto con la infusi\u00f3n de clorhidrato de Anesket. La infusi\u00f3n de Anesket clorhidrato no es r\u00e1pida para los individuos que no han seguido los encabezamientos cero para cualquier hamburguesa. Comprar Anesket online<\/p>\n<p>El da\u00f1o hep\u00e1tico de Anesket asimismo incorpora dosis notables y organizaci\u00f3n repetitiva. En una reuni\u00f3n de una medida considerable persistente de Anesket clientes, la recurrencia de da\u00f1o hep\u00e1tico individual se inform\u00f3 a ser en su mayor parte alrededor de 10%. Anesket se introduce generalmente como una infusi\u00f3n de estos realizados en la organizaci\u00f3n de sedantes normales, en el mantenimiento de su ruta de vuelo y mientras que la organizaci\u00f3n de la respiraci\u00f3n dentro de la empresa de su experto en salud, cl\u00ednica de emergencia o establecimiento. AAnesket Ketamina Comprar.<\/p>\n<h4>COMPRAR ANESKET ONLINE EUROPA:<\/h4>\n<p>En resumen, este Anesket suele ser un medicamento aprobado. Sin embargo, suministramos con o sin soluci\u00f3n (Adquirir Anesket con o sin remedio). Para el exceso \/ ajuste, Esto realmente es as\u00ed por la explicaci\u00f3n que necesitamos para ayudar a los enfermos en todo el mundo. Anesket es una medicaci\u00f3n usada en tareas humanas y de criaturas para estimular estupor y sedaci\u00f3n sin afectar respiraci\u00f3n e hipertensi\u00f3n 1. Comprar Anesket online<\/p>\n<p>El anesket es un sedante disociativo que se utiliza cada vez m\u00e1s como f\u00e1rmaco para fiestas, sobre todo por la sensaci\u00f3n de ensue\u00f1o y retraimiento que produce. La infusi\u00f3n de Anesket es una prescripci\u00f3n recomendada por el m\u00e9dico que se utiliza sin nadie m\u00e1s o junto con otros medicamentos para dar la p\u00e9rdida de conciencia antes y durante la actividad o incluso un tratamiento cl\u00ednico. Comprar Anesket online<\/p>\n<p>Tambi\u00e9n garantizamos un transporte r\u00e1pido, seguro y vigilado al cien por cien. Tambi\u00e9n significativo. Aparte de que no se revela ning\u00fan dato concreto del cliente a partir de la negociaci\u00f3n del paquete. Del mismo modo, a lo largo de estas l\u00edneas, la seguridad del consumidor y la privacidad siguen siendo nuestras principales necesidades. a lo largo. Anesket es artificial a diferencia de los barbit\u00faricos y diazepam debido a fomentar el desarrollo. Comprar Anesket Online<\/p>\n<h5>ADICIONAL:<\/h5>\n<p>Posteriormente, no deben consolidarse exactamente en la misma aguja o l\u00edquido de implantaci\u00f3n. Anesket se infunde por v\u00eda intravenosa directamente en una masa o vena. Recibir\u00e1 esta infusi\u00f3n en un centro o cl\u00ednica especializada. Su respiraci\u00f3n, la presi\u00f3n arterial alta, la ejecuci\u00f3n del coraz\u00f3n coronario, y otros indicadores significativos probablemente se observar\u00e1 con avidez mientras se determina Anesket. Comprar Anesket Ketamina.<\/p>\n<p>Anesket polvo se utiliza sin ayuda de nadie o junto con otras recetas para dar una falta de conciencia no mucho antes y durante la cirug\u00eda o tal vez un sistema de atenci\u00f3n m\u00e9dica. Tiene un lugar en el grupo de medicamentos denominados sedantes normales. Anesket es un medicamento que es apoyado por la mayor\u00eda de los pa\u00edses y se utiliza en todas partes. Nuestros materiales vienen directamente del fabricante. Comprar Anesket Online<\/p>\n<p>Se trata de un comando de laboratorio que distinguimos bajo la marca Anesket live. La tensi\u00f3n circulatoria y los latidos del coraz\u00f3n aumentan regularmente al tomar Anesket clorhidrato solo. En cualquier caso, se ha notado hipotensi\u00f3n y bradicardia. Tambi\u00e9n se han producido arritmias. Asimismo, los costes son habilitantes, valiosos y cuestionables. Comprar Anesket online.  Para m\u00e1s informaci\u00f3n <a href=\"https:\/\/psychedelischerweltraum.com\/es\/kontakt\/\">Contacto<\/a> por favor.<\/p>","protected":false},"excerpt":{"rendered":"<p>Anesket Ketamina Comprar Hasta este momento, se puede comprar Anesket online con o sin receta. En el momento en que alguien gru\u00f1e Anesket,...<\/p>","protected":false},"featured_media":1828,"comment_status":"open","ping_status":"closed","template":"","meta":{"_monsterinsights_skip_tracking":false,"_monsterinsights_sitenote_active":false,"_monsterinsights_sitenote_note":"","_monsterinsights_sitenote_category":0},"product_brand":[],"product_cat":[163],"product_tag":[],"class_list":{"0":"post-1639","1":"product","2":"type-product","3":"status-publish","4":"has-post-thumbnail","6":"product_cat-forschungschemikalien","8":"first","9":"instock","10":"shipping-taxable","11":"purchasable","12":"product-type-variable","13":"customify-col"},"_links":{"self":[{"href":"https:\/\/psychedelischerweltraum.com\/es\/wp-json\/wp\/v2\/product\/1639","targetHints":{"allow":["GET"]}}],"collection":[{"href":"https:\/\/psychedelischerweltraum.com\/es\/wp-json\/wp\/v2\/product"}],"about":[{"href":"https:\/\/psychedelischerweltraum.com\/es\/wp-json\/wp\/v2\/types\/product"}],"replies":[{"embeddable":true,"href":"https:\/\/psychedelischerweltraum.com\/es\/wp-json\/wp\/v2\/comments?post=1639"}],"wp:featuredmedia":[{"embeddable":true,"href":"https:\/\/psychedelischerweltraum.com\/es\/wp-json\/wp\/v2\/media\/1828"}],"wp:attachment":[{"href":"https:\/\/psychedelischerweltraum.com\/es\/wp-json\/wp\/v2\/media?parent=1639"}],"wp:term":[{"taxonomy":"product_brand","embeddable":true,"href":"https:\/\/psychedelischerweltraum.com\/es\/wp-json\/wp\/v2\/product_brand?post=1639"},{"taxonomy":"product_cat","embeddable":true,"href":"https:\/\/psychedelischerweltraum.com\/es\/wp-json\/wp\/v2\/product_cat?post=1639"},{"taxonomy":"product_tag","embeddable":true,"href":"https:\/\/psychedelischerweltraum.com\/es\/wp-json\/wp\/v2\/product_tag?post=1639"}],"curies":[{"name":"wp","href":"https:\/\/api.w.org\/{rel}","templated":true}]}}