{"id":1729,"date":"2023-06-27T19:20:43","date_gmt":"2023-06-27T18:20:43","guid":{"rendered":"https:\/\/psychedelischerweltraum.com\/?post_type=product&#038;p=1729"},"modified":"2026-03-29T16:36:22","modified_gmt":"2026-03-29T14:36:22","slug":"kaliumzyanid-kaufen","status":"publish","type":"product","link":"https:\/\/psychedelischerweltraum.com\/es\/product\/kaliumzyanid-kaufen\/","title":{"rendered":"Cianuro de potasio"},"content":{"rendered":"<h3><span class=\"___SText_4qyg4-ko_\" data-ui-name=\"Link.Text\">Comprar cianuro pot\u00e1sico<\/span><\/h3>\n<p>No obstante, ofrecemos <a href=\"https:\/\/de.wikipedia.org\/wiki\/Kaliumcyanid\" target=\"_blank\" rel=\"noopener\">Cianuro de potasio<\/a> a la venta a precios muy favorables. El cianuro pot\u00e1sico se utiliza a menudo junto con la estrategia KCN. Esta sal turbia y vidriosa, de aspecto similar al az\u00facar, es un potente disolvente del agua potable. El cianuro pot\u00e1sico es un potente inhibidor respiratorio port\u00e1til que act\u00faa sobre la citocromo c oxidasa mitocondrial para inhibir la fosforilaci\u00f3n oxidativa. Como resultado de la digesti\u00f3n anaer\u00f3bica, se produce entonces la acidosis l\u00e1ctica.<\/p>\n<p>Los da\u00f1os graves por cianuro provocan inicialmente una coloraci\u00f3n roja oscura o rojiza en la v\u00edctima porque el tejido no puede utilizar el ox\u00edgeno de la sangre. Los efectos del cianuro pot\u00e1sico y del cianuro s\u00f3dico son los mismos, y los s\u00edntomas de la lesi\u00f3n suelen aparecer a los pocos minutos de ingerir la sustancia: La persona se desmaya y, finalmente, se produce la muerte del cerebro. El humo del tabaco contiene cianuro, al igual que los resultados de la combusti\u00f3n de productos falsificados, como los pl\u00e1sticos. Venta de cianuro pot\u00e1sico<\/p>\n<p>El cianuro es muy popular en la fabricaci\u00f3n de papel, tejidos y pl\u00e1sticos. Actualmente se emplea en la sustancia que intensifica y se utiliza para crear fotograf\u00edas. En metalurgia, las sales de cianuro se utilizan para la galvanoplastia, la limpieza de metales y la extracci\u00f3n de oro del metal. Durante este tiempo, la v\u00edctima puede sufrir convulsiones. El n\u00famero de v\u00edctimas mortales se debe a la hipoxia cerebral. Conseguir cianuro de potasio es casi imposible, aunque hubo un informe sobre la venta de cianuro de potasio desde China en el foro de discusi\u00f3n Tranquil Tablet Handbook. Comprar cianuro pot\u00e1sico<\/p>\n<h4>COMPRAR CIANURO POT\u00c1SICO ONLINE<\/h4>\n<p>El cianuro pot\u00e1sico es extremadamente t\u00f3xico. La hidr\u00f3lisis produce \u00e1cido cianh\u00eddrico en los establos h\u00famedos, que tiene un desagradable sabor a almendra. En general, no todo el mundo tiene la oportunidad de experimentarlo. Las personas que se exponen a una peque\u00f1a cantidad de cianuro de hidr\u00f3geno al inhalarlo, mantenerlo sobre la piel o consumir alimentos que lo contengan pueden, por lo general y en pocos minutos, experimentar algunos de los siguientes s\u00edntomas: Mareo, dolor de cabeza, v\u00f3mitos y n\u00e1useas, inhalaci\u00f3n r\u00e1pida, taquicardia, inquietud, sensaci\u00f3n de debilidad. Comprar cianuro pot\u00e1sico<\/p>\n<p>Lo m\u00e1s probable es que una ingesti\u00f3n intensa de cianuro tenga un inicio fant\u00e1stico y r\u00e1pido que afecte inmediatamente a las v\u00edsceras, provocando un colapso inesperado, convulsiones o un letargo extremo. Los da\u00f1os persistentes por ingesti\u00f3n o en el sistema biol\u00f3gico tienen un inicio m\u00e1s gradual. Las pastillas de cianuro pot\u00e1sico tienen una dosis letal (humana) de 200 a 300 mg. Su toxicidad, si se ingiere, est\u00e1 determinada por la agudeza del est\u00f3mago, ya que debe reaccionar con un corrosivo a cianuro de hidr\u00f3geno, la estrategia letal para el cianuro. Comprar cianuro de potasio<\/p>\n<p>No confundimos nuestro envasado con un empaquetado significativo haci\u00e9ndolo especialmente encantador o elaborado. Sabemos que la mayor\u00eda de los clientes simplemente necesitan pastillas de alta calidad, y nuestro embalaje est\u00e1 dise\u00f1ado para proteger su inversi\u00f3n. El cianuro pot\u00e1sico puede prepararse en proyectos de diferentes maneras, dependiendo del uso previsto. Como organizaciones y proveedores de cianuro pot\u00e1sico de confianza, ofrecemos KCN (cianuro pot\u00e1sico) puro 99,8 %, conocido por su alta viabilidad. Comprar cianuro pot\u00e1sico<\/p>\n<h4>VENTA ONLINE DE CIANURO POT\u00c1SICO:<\/h4>\n<p>Actualmente disponemos de un suministro ilimitado de cianuro pot\u00e1sico de alta calidad al precio m\u00e1s favorable. Al igual que el cianuro de sodio, el cianuro de potasio es extremadamente destructivo, innegablemente t\u00f3xico y act\u00faa con rapidez incluso en las cantidades m\u00e1s peque\u00f1as. La exposici\u00f3n al cianuro pot\u00e1sico en forma s\u00f3lida puede ser extremadamente peligrosa, ya que libera lentamente gases t\u00f3xicos en el aire, que mueren por inhalaci\u00f3n. Comprar cianuro pot\u00e1sico<\/p>\n<p>El cianuro pot\u00e1sico se produce de forma econ\u00f3mica haciendo reaccionar cianuro de hidr\u00f3geno con una cura l\u00edquida, que elimina el agua para producir cianuro pot\u00e1sico sano. El cianuro suele ser una sustancia mortal que puede ser mortal si se ingiere. Si se busca cianuro en internet, se puede encontrar bastante informaci\u00f3n. Es importante que todos los implicados est\u00e9n de acuerdo en que tu estrategia funciona sin problemas. Comprar cianuro pot\u00e1sico<\/p>\n<p>Las pastillas de cianuro pot\u00e1sico son un compuesto masivamente nocivo que es inhibidor de numerosas estrategias metab\u00f3licas y se utiliza en particular como reactivo de evaluaci\u00f3n para la visualizaci\u00f3n de quimiorreceptores. Debido a su propiedad extremadamente disolvente, se utiliza en galvanoplastia y en la extracci\u00f3n de oro. Adem\u00e1s, proporcionamos cianuro pot\u00e1sico a nuestros generosos donantes a bajo precio. A continuaci\u00f3n se enumeran las posibilidades de nuestro producto. Se trata de una sustancia blanca o vaporosa, transl\u00facida, con un ligero olor a almendra (resultado de las part\u00edculas de cianuro). Comprar cianuro pot\u00e1sico<\/p>\n<h4>CIANURO POT\u00c1SICO EN POLVO PARA LA VENTA:<\/h4>\n<p>Tiene un espesor de 1,52 g\/ml a pesar de una temperatura de licuefacci\u00f3n de 634,5 \u00b0C. El cianuro es extremadamente t\u00f3xico y s\u00f3lo debe utilizarse para una \u00fanica muerte r\u00e1pida, eficaz, sencilla y pac\u00edfica. El cianuro tambi\u00e9n se conoce como envase letal o pastilla de la muerte. El cianuro pot\u00e1sico es un compuesto muy t\u00f3xico que se utiliza para una ejecuci\u00f3n r\u00e1pida y eficaz. Tambi\u00e9n se utilizaba en la pesca para matar a los peces y luego recuperarlos del agua, un m\u00e9todo que ahora es ilegal debido a sus ingredientes reconocibles. Comprar cianuro pot\u00e1sico<\/p>\n<p>Otra explicaci\u00f3n para el cianuro pot\u00e1sico es la reutilizaci\u00f3n del oro. Como experto cient\u00edfico, me siento obligado a se\u00f1alar que la primera estrategia sugerida no dar\u00e1 como resultado cianuro pot\u00e1sico puro. Dependiendo del n\u00famero de reactivos utilizados, seguir\u00e1 habiendo una decoloraci\u00f3n significativa del hidr\u00f3xido de potasio. Otro objetivo del cianuro pot\u00e1sico es el reciclaje de oro y plata a partir de chatarra de acero, un tema muy debatido debido a la mencionada toxicidad de los cianuros. Sus principales aplicaciones se encuentran en la mezcla regular y natural, as\u00ed como en la producci\u00f3n de numerosas sustancias importantes, pl\u00e1sticos y medicamentos autorizados. Comprar cianuro pot\u00e1sico<\/p>\n<p>Tambi\u00e9n existen diversos estudios sobre la muerte inducida por cianuro. Se puede producir a partir de un compuesto estable (KOH) y un aguafuerte d\u00e9bil (HCN). De hecho, se utiliza para la extracci\u00f3n de oro, plata y otros metales. Es uno de los tipos de cianuro asociados a la descomposici\u00f3n del ferrocianuro pot\u00e1sico antes de la t\u00e9cnica Castner. Comprar cianuro pot\u00e1sico<\/p>\n<h4>VENTA DE PASTILLAS DE CIANURO POT\u00c1SICO:<\/h4>\n<p>Los desequilibrios card\u00edacos son frecuentes. La aparici\u00f3n focal de la parada respiratoria conduce a la muerte. Los labios azules, la disminuci\u00f3n de la presi\u00f3n arterial alta y las convulsiones son signos. Para el cliente\/objetivo que no muestre signos reales de intoxicaci\u00f3n por cianuro, un estado de alerta extremadamente cauteloso, ox\u00edgeno suplementario y una fuerte consideraci\u00f3n pueden ser tratamiento suficiente.<\/p>\n<p>La terapia original para la persona afectada que presenta consecuencias f\u00edsicas de la intoxicaci\u00f3n por cianuro incluye la organizaci\u00f3n de tratamientos bajo la direcci\u00f3n de un experto cl\u00ednico, la gesti\u00f3n respiratoria y circulatoria (ox\u00edgeno y l\u00edquidos intravenosos), el cese de los signos sint\u00e9ticos desiguales en la sangre y la vigilancia de las convulsiones. Adem\u00e1s, encuentra aplicaci\u00f3n en la combinaci\u00f3n de hidanto\u00ednas, que pueden ser importantes productos intermedios falsificados cuando reacciona con un compuesto carbon\u00edlico como un aldeh\u00eddo o una cetona en presencia de carbonato de amonio. Venta de cianuro pot\u00e1sico<\/p>\n<p>La conversi\u00f3n mediada por levaduras de benzaldeh\u00eddo en acetaldeh\u00eddo es bastante convincente, ya que se trata de uno de los primeros cambios microbianos mec\u00e1nicamente significativos, y la acilo\u00edna resultante se sintetiza ahora en d-efedrina. El cianuro de potasio es un excelente inhibidor de la respiraci\u00f3n celular, actuando sobre la citocromo c oxidasa mitocondrial para inhibir la fosforilaci\u00f3n oxidativa. Venta de cianuro de potasio<\/p>\n<p>Como consecuencia del metabolismo anaer\u00f3bico, se produce una intoxicaci\u00f3n por \u00e1cido l\u00e1ctico. Como el tejido no puede utilizar el ox\u00edgeno de la sangre, los graves da\u00f1os causados por el cianuro provocan inicialmente un aspecto rojo oscuro o rosado en el interior de la v\u00edctima. El cianuro es un estuche, vaina, ampolla o comprimido que contiene un compuesto peligroso mortal que libera gas cianuro de hidr\u00f3geno extremadamente t\u00f3xico cuando se ingiere. Comprar cianuro pot\u00e1sico<\/p>\n<h5>ADICIONAL :<\/h5>\n<p>Y reacciona activando todo el cuerpo y sus \u00f3rganos sensoriales, como la mente, el coraz\u00f3n y el programa focal del miedo. Como resultado, se limita la captaci\u00f3n de ox\u00edgeno en las venas de la v\u00edctima, lo que conduce a una muerte relajada y tranquila. 27 Otra prueba del valor de fabricaci\u00f3n es el enriquecimiento inducido por levadura del aldeh\u00eddo (4a,b) con acetaldeh\u00eddo liberado fermentativamente. Comprar cianuro pot\u00e1sico<\/p>\n<p>Junto con la ecuaci\u00f3n KCN, el cianuro pot\u00e1sico es un compuesto. Esta sal seca y vidriosa, de aspecto parecido al az\u00facar, se disuelve r\u00e1pidamente en agua potable. La mayor parte del KCN se utiliza en la extracci\u00f3n de oro, la amalgamaci\u00f3n normal y la galvanoplastia. Otras aplicaciones menores son la ornamentaci\u00f3n para chapado y el pulido de juntas. Esto expone y endurece la imagen, haci\u00e9ndola menos susceptible a un tratamiento suave. Venta de cianuro pot\u00e1sico<\/p>\n<p>Los fot\u00f3grafos actuales, que mojan las placas con agua, prefieren fijadores menos t\u00f3xicos como el tiosulfato s\u00f3dico, pero el KCN sigue siendo popular. Productos de cianuro de potasio El cianuro de potasio tiene una dosis letal de 100-300 mg. Su toxicidad cuando se ingiere viene determinada por la acidez del est\u00f3mago, principalmente porque debe reaccionar con sustancias corrosivas para formar cianuro de hidr\u00f3geno, el tipo m\u00e1s peligroso de cianuro. Para m\u00e1s informaci\u00f3n <a href=\"https:\/\/psychedelischerweltraum.com\/es\/kontakt\/\">Contacto<\/a> por favor.<\/p>","protected":false},"excerpt":{"rendered":"<p>Comprar cianuro pot\u00e1sico No obstante, ofrecemos cianuro pot\u00e1sico puro de alta calidad en venta a precios muy favorables. El cianuro de potasio se utiliza a menudo junto con la estrategia KCN....<\/p>","protected":false},"featured_media":1892,"comment_status":"open","ping_status":"closed","template":"","meta":{"_monsterinsights_skip_tracking":false,"_monsterinsights_sitenote_active":false,"_monsterinsights_sitenote_note":"","_monsterinsights_sitenote_category":0},"product_brand":[],"product_cat":[163],"product_tag":[],"class_list":{"0":"post-1729","1":"product","2":"type-product","3":"status-publish","4":"has-post-thumbnail","6":"product_cat-forschungschemikalien","8":"first","9":"instock","10":"shipping-taxable","11":"purchasable","12":"product-type-variable","13":"customify-col"},"_links":{"self":[{"href":"https:\/\/psychedelischerweltraum.com\/es\/wp-json\/wp\/v2\/product\/1729","targetHints":{"allow":["GET"]}}],"collection":[{"href":"https:\/\/psychedelischerweltraum.com\/es\/wp-json\/wp\/v2\/product"}],"about":[{"href":"https:\/\/psychedelischerweltraum.com\/es\/wp-json\/wp\/v2\/types\/product"}],"replies":[{"embeddable":true,"href":"https:\/\/psychedelischerweltraum.com\/es\/wp-json\/wp\/v2\/comments?post=1729"}],"wp:featuredmedia":[{"embeddable":true,"href":"https:\/\/psychedelischerweltraum.com\/es\/wp-json\/wp\/v2\/media\/1892"}],"wp:attachment":[{"href":"https:\/\/psychedelischerweltraum.com\/es\/wp-json\/wp\/v2\/media?parent=1729"}],"wp:term":[{"taxonomy":"product_brand","embeddable":true,"href":"https:\/\/psychedelischerweltraum.com\/es\/wp-json\/wp\/v2\/product_brand?post=1729"},{"taxonomy":"product_cat","embeddable":true,"href":"https:\/\/psychedelischerweltraum.com\/es\/wp-json\/wp\/v2\/product_cat?post=1729"},{"taxonomy":"product_tag","embeddable":true,"href":"https:\/\/psychedelischerweltraum.com\/es\/wp-json\/wp\/v2\/product_tag?post=1729"}],"curies":[{"name":"wp","href":"https:\/\/api.w.org\/{rel}","templated":true}]}}