{"id":1752,"date":"2023-06-27T19:20:52","date_gmt":"2023-06-27T18:20:52","guid":{"rendered":"https:\/\/psychedelischerweltraum.com\/?post_type=product&#038;p=1752"},"modified":"2023-07-17T02:20:43","modified_gmt":"2023-07-17T01:20:43","slug":"ketamin-flussig","status":"publish","type":"product","link":"https:\/\/psychedelischerweltraum.com\/es\/product\/ketamin-flussig\/","title":{"rendered":"Ketamina l\u00edquida 500mg\/10ml"},"content":{"rendered":"<h2>Comprar Ketamina L\u00edquida 500mg\/10ml<\/h2>\n<p>En general, vendemos ketamina pura en forma l\u00edquida a precios muy favorables, es decir, ketamina en forma l\u00edquida en venta. R\u00e1pidamente nos convertimos en el mayor proveedor mundial de ketamina para investigaci\u00f3n y fines m\u00e9dicos. Como resultado, tenemos ketamina l\u00edquida a la venta. La ketamina l\u00edquida 50mg\/10ml permite r\u00e1pidamente una manera decente para que la gente remedie sus circunstancias mientras que levanta su desesperaci\u00f3n y trabaja en su disposici\u00f3n. Ketamina l\u00edquida 50mg\/10 ml infusi\u00f3n de clorhidrato se demuestra con el uso de sedaci\u00f3n no mucho antes de la organizaci\u00f3n de otros mediadores sedantes t\u00edpicos. Se ha demostrado que la infusi\u00f3n de clorhidrato de ketamina l\u00edquida 50mg\/10 ml mejora el efecto de especialistas de baja potencia como el \u00f3xido nitroso.<\/p>\n<p>Podr\u00eda terminar el trabajo en dos horas. Si es posible, debe evitar estos tratamientos o sustituirlos por otra medicaci\u00f3n. Si no hay mejor\u00eda, no se debe coadministrar la medicaci\u00f3n. Si es necesario, cambie la dosis seg\u00fan los efectos recomendados. Con este m\u00e9todo, el l\u00edquido se clasifica y se administra tanto por v\u00eda intramuscular como por v\u00eda intravenosa (que es mucho menos segura).<\/p>\n<p>El efecto de esta interacci\u00f3n es mayor, ya que toda la droga acaba entrando en el torrente sangu\u00edneo, a diferencia de la administraci\u00f3n por ingesti\u00f3n, en la que parte de la droga se pierde durante el proceso digestivo. A medida que el uso terap\u00e9utico de la ketamina ganaba popularidad en la d\u00e9cada de 1970, tambi\u00e9n se utilizaba como droga recreativa. En Argentina, se utiliz\u00f3 tanto legal como ilegalmente en tratamientos de reca\u00edda, misticismo new age e investigaciones.<\/p>\n<p>En los a\u00f1os 70 y 80, se realizaron cada vez m\u00e1s aplicaciones de prueba de la Ketamina l\u00edquida 50mg\/10 ml y se expandi\u00f3 bajo diversas marcas. Se hizo realista en forma de envases, polvos, gemas, comprimidos y l\u00edquidos, as\u00ed como diferentes opciones para infusi\u00f3n en la calle. Un especialista puede optar por el aerosol nasal en lugar de la ketamina intravenosa debido a la organizaci\u00f3n del soporte.<\/p>\n<h4>COMPRAR KETAMINA LEGAL ONLINE:<\/h4>\n<p>Debe tener en cuenta que, independientemente de c\u00f3mo se manipule la Ketamina l\u00edquida 50mg\/10ml en la carretera, no existen niveles seguros para un uso relajado de la Ketamina l\u00edquida 50mg\/10ml. El uso de este medicamento sin supervisi\u00f3n m\u00e9dica puede conducir a problemas extracorp\u00f3reos y debe evitarse a toda costa. \"La irrigaci\u00f3n nasal no es ni m\u00e1s r\u00e1pida ni m\u00e1s duradera\", afirma. Ketamina l\u00edquida en venta, Ketamina l\u00edquida.<\/p>\n<p>\"La ketamina IV es m\u00e1s adecuada que la ketamina intranasal debido a su biodisponibilidad\". Ketamina l\u00edquida 50mg\/10 ml La confianza y la resistencia son posibles tras un uso prolongado. Tras suspender una ingesta extremadamente prolongada de Ketamina l\u00edquida 50mg\/10 ml, se aclara un trastorno de abstinencia con alternativas insanas. En consecuencia, la Ketamina l\u00edquida 50mg\/10 ml deber\u00eda etiquetarse con una advertencia y regularse.<\/p>\n<p>El tratamiento puede potenciar significativamente los efectos simpaticomim\u00e9ticos; precauci\u00f3n en individuos con porfiria o posiblemente enfermedad tiroidea; la porfiria y la enfermedad tiroidea o el tratamiento tiroideo pueden considerarse una contraindicaci\u00f3n general. Las investigaciones recientes sobre la neurotoxicidad inducida por la ketamina se han centrado en primates para proporcionar un modelo m\u00e1s apropiado que los roedores. En uno de estos ensayos, se administraron a monos cynomolgus adultos j\u00f3venes dosis diarias de ketamina de 50 mg\/10 ml durante varios periodos de tiempo, en consonancia con las dosis deportivas est\u00e1ndar (1 mg\/kg IV).<\/p>\n<p>En cuesti\u00f3n de segundos se a\u00f1adieron diversas sustancias a la droga, lo que provoc\u00f3 efectos extra\u00f1os. Peque\u00f1as dosis de Ketamina l\u00edquida 50mg\/10 ml provocan una desinhibici\u00f3n similar a la de las bebidas alcoh\u00f3licas. Por eso se utiliza a menudo en fiestas y raves. Las dosis m\u00e1s altas tienen el efecto contrario: retraimiento social y gran incapacidad para comunicarse.<\/p>\n<h4>KETAMINA L\u00cdQUIDA EN VENTA ONLINE:<\/h4>\n<p>La MDMA (delicia), una conocida droga de club que apareci\u00f3 por primera vez a mediados de los 80, es un buen ejemplo. Aunque los efectos no son comparables, la ketamina l\u00edquida 50mg\/10ml se presenta a menudo como una sensaci\u00f3n de felicidad. Las propiedades sedantes de la ketamina provocan dificultad para hablar e incapacidad para moverse. Por esta raz\u00f3n, a la ketamina l\u00edquida 50mg\/10ml se la suele denominar droga de la cita. Venta de ketamina l\u00edquida<\/p>\n<p>El Dr. Levine afirma que la posibilidad de convertirse en adicto a la ketamina l\u00edquida 50mg\/10ml cuando se utiliza como \"droga de fiesta\" simplemente no existe. \"Los estudios demuestran que a las dosis realmente reducidas que utilizamos, en un entorno muy orientado a la medicina, con una apertura inadecuada en casa y una dosificaci\u00f3n incoherente, no hay ninguna posibilidad de compulsi\u00f3n o abuso\", afirma, a\u00f1adiendo una advertencia: \"Las benzodiacepinas pueden muy bien amortiguar los efectos superiores de la ketamina\". Ketamina l\u00edquida en venta, Ketamina l\u00edquida.<\/p>\n<p>Esto lo perfecciona regularmente un experto cl\u00ednico en un entorno regulado para evaluaciones cr\u00edticas de seguridad. Esta estrategia requiere una planificaci\u00f3n cuidadosa, ya que los ensayos con alucin\u00f3genos pueden ser impactantes si el miembro no est\u00e1 bien coordinado. Algunos profesionales de la salud mental aconsejan precauci\u00f3n al utilizar Ketamina l\u00edquida 50mg\/10ml. Ketamina l\u00edquida en venta, Ketamina l\u00edquida.<\/p>\n<p>\"Aunque puede ser un tratamiento eficaz para reducir r\u00e1pidamente los s\u00edntomas de la depresi\u00f3n, no sabemos lo suficiente sobre los posibles efectos secundarios negativos, en particular con el uso a largo plazo, como para recomendarlo a la mayor\u00eda de los pacientes.\" Sentimientos considerables de felicidad - La ketamina l\u00edquida 50mg\/10ml puede inducir estados de aut\u00e9ntico \u00e9xtasis en ciertos consumidores finales. Venta de ketamina l\u00edquida<\/p>\n<h4>KETAMINA L\u00cdQUIDA EN VENTA CON\/SIN RECETA:<\/h4>\n<p>En cualquier caso, este efecto es mucho menos fuerte y persistente que con los narc\u00f3ticos o la MDMA. La ketamina l\u00edquida 50mg\/10ml es un medicamento que puede ayudarle a controlar las afecciones neurop\u00e1ticas (molestias nerviosas) durante y despu\u00e9s de su tratamiento m\u00e9dico. Ketamina l\u00edquida 50mg\/10ml puede ser un remedio fant\u00e1stico para muchas personas. Venta de ketamina l\u00edquida<\/p>\n<p>Para otros, es cualquier cosa menos un traje brillante. Si est\u00e1 considerando un tratamiento con Ketamina 50mg\/10ml, es importante que pueda confiar en los proveedores de su centro m\u00e9dico. Tomar Ketamina 50mg\/10ml calmar\u00e1 sus nervios agitados, que le transmitir\u00e1n mensajes de angustia. Venta de ketamina l\u00edquida<\/p>\n<p>Las mezclas de ketamina l\u00edquida 50mg\/10 ml para el tratamiento de la depresi\u00f3n y otros problemas de salud mental suelen durar entre 40 minutos y 2 horas, dependiendo de la persona afectada. Se cree que los disociativos son superiores a otras sustancias porque inducen un tipo de resistencia duradera o extremadamente duradera que se desarrolla de forma gradual e independiente de la resistencia t\u00edpica. Venta de ketamina l\u00edquida<\/p>\n<p>La ketamina l\u00edquida 50mg\/10ml puede administrarse como droga ilegal. Algunos centros exigen que alguien est\u00e9 presente durante el alta para ayudarle a que le acompa\u00f1en a casa de forma segura. Algunos pacientes prefieren que un ser querido est\u00e9 presente durante todo el tratamiento para sentirse m\u00e1s c\u00f3modos, pero esto no es obligatorio en todos los centros. Venta de ketamina l\u00edquida<\/p>\n<h4>KETAMINA A LA VENTA:<\/h4>\n<p>The Truth Sandwich simplemente no autoriza el uso de estas recetas en el lugar. Creemos que es importante proporcionar matices para la seguridad de aquellos que optan por utilizar estas sustancias. Muchos clientes de Ketamina l\u00edquida 50mg\/10ml de larga duraci\u00f3n o que consumen mucho informan que necesitan tomar significativamente m\u00e1s para conseguir una separaci\u00f3n o apertura K en comparaci\u00f3n con su primer uso, en cualquier caso despu\u00e9s de haber tenido descansos m\u00e1s largos. L\u00edquido de ketamina en venta<\/p>\n<p>Si no dispone de una persona, simplemente p\u00f3ngase en contacto con una de las organizaciones que se indican a continuaci\u00f3n para organizar el transporte. Con la ayuda de un experto en bienestar psicol\u00f3gico, puedes crear un plan de tratamiento que se centre en los aspectos de tu vida diaria que necesitas controlar mejor mientras adquieres tu medicaci\u00f3n de ketamina l\u00edquida 50mg\/10ml para disfrutar de forma inusual de tus encuentros. Venta de ketamina l\u00edquida<\/p>\n<p>Se enviar\u00e1 a alguien a su domicilio para recogerle. En general, hay mucho inter\u00e9s en esta organizaci\u00f3n y usted tendr\u00e1 que proporcionar el transporte. Dado que la Ketamina l\u00edquida 50mg\/10 ml est\u00e1 aprobada por la FDA bajo la marca Spravato, existen solicitudes para su uso en el tratamiento de la depresi\u00f3n. Venta de ketamina l\u00edquida<\/p>\n<p>La psicoterapia asistida con ketamina l\u00edquida 50mg\/10 ml es una opci\u00f3n. Este procedimiento pretende abordar las causas de la desesperaci\u00f3n del paciente. Esta categor\u00eda incluye todos los centros que ofrecen tratamiento de salud mental junto con organizaciones de ketamina l\u00edquida 50mg\/10 ml. Venta de ketamina l\u00edquida<\/p>\n<h4>PAINKILLERS:<\/h4>\n<p>Spravato se prescribe para pulverizar en la nariz y s\u00f3lo est\u00e1 disponible en unos pocos centros y farmacias autorizados de ketamina l\u00edquida 50mg\/10 ml. En el ensayo cl\u00ednico, doce personas con depresi\u00f3n grave que requer\u00eda tratamiento y pensamientos suicidas recibieron mezclas intravenosas de Ketamina l\u00edquida 50mg\/10 ml tres veces por semana. Venta de ketamina l\u00edquida<\/p>\n<p>Cinco de los doce se sometieron y recibieron semanalmente ketamina 50mg\/10ml durante un largo periodo de tiempo, seguido de un tratamiento con ketamina 50mg\/10ml y un periodo de seguimiento de aproximadamente un mes durante el cual no se administr\u00f3 ketamina 50mg\/10ml. Cada uno de los cinco prepar\u00f3 un curso de manifestaci\u00f3n m\u00e1s dif\u00edcil durante la duraci\u00f3n del tratamiento de seguimiento. Para m\u00e1s informaci\u00f3n, <a href=\"https:\/\/psychedelischerweltraum.com\/es\/kontakt\/\">Contacto<\/a> por favor.<\/p>\n<p>&nbsp;<\/p>","protected":false},"excerpt":{"rendered":"<p>Ketamina L\u00edquida Comprar 500mg\/10ml En general, vendemos ketamina pura en forma l\u00edquida a precios muy favorables, es decir, ketamina en forma l\u00edquida para la venta....<\/p>","protected":false},"featured_media":1887,"comment_status":"open","ping_status":"closed","template":"","meta":{"_monsterinsights_skip_tracking":false,"_monsterinsights_sitenote_active":false,"_monsterinsights_sitenote_note":"","_monsterinsights_sitenote_category":0},"product_brand":[],"product_cat":[188],"product_tag":[],"class_list":{"0":"post-1752","1":"product","2":"type-product","3":"status-publish","4":"has-post-thumbnail","6":"product_cat-ketamin-kaufen-ohne-rezept","8":"first","9":"instock","10":"shipping-taxable","11":"purchasable","12":"product-type-variable","13":"customify-col"},"_links":{"self":[{"href":"https:\/\/psychedelischerweltraum.com\/es\/wp-json\/wp\/v2\/product\/1752","targetHints":{"allow":["GET"]}}],"collection":[{"href":"https:\/\/psychedelischerweltraum.com\/es\/wp-json\/wp\/v2\/product"}],"about":[{"href":"https:\/\/psychedelischerweltraum.com\/es\/wp-json\/wp\/v2\/types\/product"}],"replies":[{"embeddable":true,"href":"https:\/\/psychedelischerweltraum.com\/es\/wp-json\/wp\/v2\/comments?post=1752"}],"wp:featuredmedia":[{"embeddable":true,"href":"https:\/\/psychedelischerweltraum.com\/es\/wp-json\/wp\/v2\/media\/1887"}],"wp:attachment":[{"href":"https:\/\/psychedelischerweltraum.com\/es\/wp-json\/wp\/v2\/media?parent=1752"}],"wp:term":[{"taxonomy":"product_brand","embeddable":true,"href":"https:\/\/psychedelischerweltraum.com\/es\/wp-json\/wp\/v2\/product_brand?post=1752"},{"taxonomy":"product_cat","embeddable":true,"href":"https:\/\/psychedelischerweltraum.com\/es\/wp-json\/wp\/v2\/product_cat?post=1752"},{"taxonomy":"product_tag","embeddable":true,"href":"https:\/\/psychedelischerweltraum.com\/es\/wp-json\/wp\/v2\/product_tag?post=1752"}],"curies":[{"name":"wp","href":"https:\/\/api.w.org\/{rel}","templated":true}]}}