{"id":1983,"date":"2023-07-23T19:45:40","date_gmt":"2023-07-23T18:45:40","guid":{"rendered":"https:\/\/psychedelischerweltraum.com\/?page_id=1983"},"modified":"2023-07-23T19:49:49","modified_gmt":"2023-07-23T18:49:49","slug":"zahlung","status":"publish","type":"page","link":"https:\/\/psychedelischerweltraum.com\/fr\/zahlung\/","title":{"rendered":"Paiement"},"content":{"rendered":"<p>La s\u00e9curit\u00e9 avant tout !<\/p>\n\n\n\n<p>Tu ne peux payer qu'en Bitcoin dans notre boutique en ligne de weed et de haschisch. Pourquoi en est-il ainsi ? C'est tr\u00e8s simple ! Les bitcoins sont anonymes et ne peuvent pas \u00eatre trac\u00e9s.<\/p>\n\n\n\n<p>Tu n'as pas de Bitcoin ? Tu ne sais pas o\u00f9 acheter des bitcoins ou comment les utiliser ?<\/p>\n\n\n\n<h2 class=\"wp-block-heading\">Acheter des bitcoins est facile !<\/h2>\n\n\n\n<p>Il existe de nombreux fournisseurs aupr\u00e8s desquels vous pouvez facilement acheter des bitcoins en utilisant diff\u00e9rentes m\u00e9thodes de paiement telles que PayPal, carte de cr\u00e9dit ou virement bancaire.<\/p>\n\n\n\n<p>Pour les d\u00e9butants, nous recommandons <a href=\"https:\/\/bitpanda.com\" target=\"_blank\" rel=\"noopener\">bitpanda.com<\/a>.<\/p>\n\n\n\n<figure class=\"wp-block-embed is-type-video is-provider-youtube wp-block-embed-youtube wp-embed-aspect-16-9 wp-has-aspect-ratio\"><div class=\"wp-block-embed__wrapper\">\n<iframe title=\"Acheter des bitcoins en 2024 : guide du d\u00e9butant | \u00e9tape par \u00e9tape - s\u00fbr et simple\" width=\"843\" height=\"474\" src=\"https:\/\/www.youtube.com\/embed\/szKnbbHwY4A?feature=oembed\" frameborder=\"0\" allow=\"accelerometer; autoplay; clipboard-write; encrypted-media; gyroscope; picture-in-picture; web-share\" allowfullscreen><\/iframe>\n<\/div><\/figure>\n\n\n\n<p>Apr\u00e8s une br\u00e8ve v\u00e9rification, vous pouvez y acheter facilement des bitcoins.<\/p>\n\n\n\n<p>Deuxi\u00e8mement, nous vous recommandons de cr\u00e9er un porte-monnaie personnel anonyme. Vous y stockez vos bitcoins. Le fournisseur suisse est par exemple appropri\u00e9 \u00e0 cet effet <a href=\"https:\/\/swiss-wallet.org\/\" target=\"_blank\" rel=\"noopener\">swiss-wallet.org<\/a>.<\/p>\n\n\n\n<p>En raison de la l\u00e9gislation suisse tr\u00e8s stricte en mati\u00e8re de protection des donn\u00e9es, vos bitcoins y sont en s\u00e9curit\u00e9.<\/p>\n\n\n\n<h2 class=\"wp-block-heading\">Vous pouvez vous connecter imm\u00e9diatement.<\/h2>\n\n\n\n<p>Si vous avez maintenant vos bitcoins sur votre portefeuille personnel, vous \u00eates presque arriv\u00e9 \u00e0 destination.<\/p>\n\n\n\n<p>Vous terminez vos achats dans notre boutique et passez \u00e0 la caisse. Vous confirmez \"Paiement par Bitcoin\".<\/p>\n\n\n\n<p>Peu de temps apr\u00e8s, vous verrez notre adresse de portefeuille et un code QR. Envoyez le montant correspondant \u00e0 notre adresse.<\/p>\n\n\n\n<p>Votre colis est en route pour vous peu de temps apr\u00e8s.<\/p>","protected":false},"excerpt":{"rendered":"<p>La s\u00e9curit\u00e9 avant tout ! Tu ne peux payer dans notre boutique en ligne de weed et de haschisch qu'avec Bitcoin. Pourquoi en est-il ainsi ? C'est tr\u00e8s simple ! Les bitcoins sont anonymes<\/p>","protected":false},"author":10,"featured_media":0,"parent":0,"menu_order":0,"comment_status":"closed","ping_status":"closed","template":"","meta":{"_monsterinsights_skip_tracking":false,"_monsterinsights_sitenote_active":false,"_monsterinsights_sitenote_note":"","_monsterinsights_sitenote_category":0,"footnotes":""},"class_list":["post-1983","page","type-page","status-publish","hentry"],"_links":{"self":[{"href":"https:\/\/psychedelischerweltraum.com\/fr\/wp-json\/wp\/v2\/pages\/1983","targetHints":{"allow":["GET"]}}],"collection":[{"href":"https:\/\/psychedelischerweltraum.com\/fr\/wp-json\/wp\/v2\/pages"}],"about":[{"href":"https:\/\/psychedelischerweltraum.com\/fr\/wp-json\/wp\/v2\/types\/page"}],"author":[{"embeddable":true,"href":"https:\/\/psychedelischerweltraum.com\/fr\/wp-json\/wp\/v2\/users\/10"}],"replies":[{"embeddable":true,"href":"https:\/\/psychedelischerweltraum.com\/fr\/wp-json\/wp\/v2\/comments?post=1983"}],"version-history":[{"count":2,"href":"https:\/\/psychedelischerweltraum.com\/fr\/wp-json\/wp\/v2\/pages\/1983\/revisions"}],"predecessor-version":[{"id":1987,"href":"https:\/\/psychedelischerweltraum.com\/fr\/wp-json\/wp\/v2\/pages\/1983\/revisions\/1987"}],"wp:attachment":[{"href":"https:\/\/psychedelischerweltraum.com\/fr\/wp-json\/wp\/v2\/media?parent=1983"}],"curies":[{"name":"wp","href":"https:\/\/api.w.org\/{rel}","templated":true}]}}