{"id":3,"date":"2023-05-30T13:58:39","date_gmt":"2023-05-30T12:58:39","guid":{"rendered":"https:\/\/psychedelischerweltraum.com\/?page_id=3"},"modified":"2023-07-23T19:14:12","modified_gmt":"2023-07-23T18:14:12","slug":"datenschutzerklarung","status":"publish","type":"page","link":"https:\/\/psychedelischerweltraum.com\/fr\/datenschutzerklarung\/","title":{"rendered":"D\u00e9claration de confidentialit\u00e9"},"content":{"rendered":"<p>Merci de votre visite sur <a href=\"\/fr\/\">coke2kaufen.com<\/a> (ci-apr\u00e8s d\u00e9nomm\u00e9 \"site web\"). Nous accordons une grande importance \u00e0 la protection de vos donn\u00e9es personnelles. Nous souhaitons vous informer ci-apr\u00e8s des donn\u00e9es personnelles que nous collectons lors de votre visite sur notre site web, des fins auxquelles elles sont utilis\u00e9es et des droits dont vous disposez en ce qui concerne vos donn\u00e9es. Cette d\u00e9claration de protection des donn\u00e9es s'applique \u00e0 l'utilisation du site coke2kaufen.com.<\/p>\n\n\n\n<ol class=\"wp-block-list\">\n<li>Entit\u00e9 responsable<\/li>\n<\/ol>\n\n\n\n<p>Le responsable du traitement des donn\u00e9es sur ce site est :<\/p>\n\n\n\n<p>Coke2Kaufen GmbH Musterstra\u00dfe 123 12345 Musterstadt Allemagne E-mail : <a href=\"mailto:info@psychedelischerweltraum.com\">info@psychedelischerweltraum.com<\/a><\/p>\n\n\n\n<ol class=\"wp-block-list\" start=\"2\">\n<li>Collecte et traitement des donn\u00e9es \u00e0 caract\u00e8re personnel<\/li>\n<\/ol>\n\n\n\n<p>a) lors de la visite du site web<\/p>\n\n\n\n<p>Lors de votre visite sur notre site, nous collectons et enregistrons automatiquement des informations techniques transmises par votre navigateur \u00e0 notre serveur. Il s'agit notamment de l'adresse IP de votre appareil, du type de navigateur, de la date et de l'heure d'acc\u00e8s, des pages et des fichiers consult\u00e9s ainsi que du site web \u00e0 partir duquel vous avez acc\u00e9d\u00e9 \u00e0 notre site (URL de r\u00e9f\u00e9rence). La collecte de ces donn\u00e9es est techniquement n\u00e9cessaire pour vous permettre d'utiliser notre site web et pour en assurer la stabilit\u00e9 et la s\u00e9curit\u00e9. Ces donn\u00e9es ne sont pas combin\u00e9es avec d'autres sources de donn\u00e9es ni utilis\u00e9es pour cr\u00e9er des profils d'utilisateurs.<\/p>\n\n\n\n<p>b) Lors de l'enregistrement et de la commande<\/p>\n\n\n\n<p>Lorsque vous vous enregistrez sur notre site web ou que vous passez une commande, nous collectons les donn\u00e9es personnelles n\u00e9cessaires au traitement de la commande. Il s'agit notamment de votre nom, de votre adresse, de votre adresse e-mail et, le cas \u00e9ch\u00e9ant, d'autres donn\u00e9es de contact. Ces donn\u00e9es sont utilis\u00e9es exclusivement pour l'ex\u00e9cution du contrat conclu avec vous et ne sont pas transmises \u00e0 des tiers, \u00e0 moins que cela ne soit n\u00e9cessaire \u00e0 l'ex\u00e9cution du contrat (p. ex. transmission \u00e0 des prestataires de services d'exp\u00e9dition).<\/p>\n\n\n\n<p>c) En cas de contact<\/p>\n\n\n\n<p>Lorsque vous nous contactez par e-mail ou via le formulaire de contact sur le site web, nous enregistrons les informations que vous nous fournissez afin de pouvoir traiter votre demande. Ces donn\u00e9es ne seront pas transmises \u00e0 des tiers sans votre consentement.<\/p>\n\n\n\n<p>d) Utilisation de cookies<\/p>\n\n\n\n<p>Afin d'am\u00e9liorer et d'analyser l'utilisation de notre site web, nous utilisons ce que l'on appelle des cookies. Les cookies sont de petits fichiers texte qui sont enregistr\u00e9s sur votre terminal et qui contiennent certaines informations. Ils servent \u00e0 rendre l'offre plus conviviale, plus efficace et plus s\u00fbre. Vous pouvez d\u00e9sactiver l'enregistrement des cookies dans les param\u00e8tres de votre navigateur. Veuillez noter que cela peut limiter la fonctionnalit\u00e9 de notre site web.<\/p>\n\n\n\n<ol class=\"wp-block-list\" start=\"3\">\n<li>Finalit\u00e9 du traitement des donn\u00e9es<\/li>\n<\/ol>\n\n\n\n<p>Nous traitons vos donn\u00e9es personnelles exclusivement aux fins suivantes :<\/p>\n\n\n\n<ul class=\"wp-block-list\">\n<li>Mise \u00e0 disposition et am\u00e9lioration de notre site web<\/li>\n\n\n\n<li>Traitement des commandes et des contrats<\/li>\n\n\n\n<li>R\u00e9pondre aux demandes et communiquer avec vous<\/li>\n\n\n\n<li>Assurer la s\u00e9curit\u00e9 informatique et analyser les erreurs<\/li>\n\n\n\n<li>Respect des obligations l\u00e9gales<\/li>\n<\/ul>\n\n\n\n<ol class=\"wp-block-list\" start=\"4\">\n<li>Base juridique du traitement des donn\u00e9es<\/li>\n<\/ol>\n\n\n\n<p>Le traitement de vos donn\u00e9es personnelles s'effectue sur la base des lois sur la protection des donn\u00e9es de l'Union europ\u00e9enne, en particulier du r\u00e8glement g\u00e9n\u00e9ral sur la protection des donn\u00e9es (RGPD). La base juridique peut notamment \u00eatre l'ex\u00e9cution d'un contrat avec vous, votre consentement ou des int\u00e9r\u00eats l\u00e9gitimes de notre part.<\/p>\n\n\n\n<ol class=\"wp-block-list\" start=\"5\">\n<li>Dur\u00e9e de conservation des donn\u00e9es<\/li>\n<\/ol>\n\n\n\n<p>Vos donn\u00e9es personnelles ne sont conserv\u00e9es que tant que cela est n\u00e9cessaire aux fins pour lesquelles elles ont \u00e9t\u00e9 collect\u00e9es ou que des d\u00e9lais de conservation l\u00e9gaux le prescrivent. Vos donn\u00e9es sont supprim\u00e9es d\u00e8s que la finalit\u00e9 n'est plus poursuivie ou que les d\u00e9lais de conservation expirent.<\/p>\n\n\n\n<ol class=\"wp-block-list\" start=\"6\">\n<li>Transmission \u00e0 des tiers<\/li>\n<\/ol>\n\n\n\n<p>En principe, nous ne transmettons pas vos donn\u00e9es personnelles \u00e0 des tiers, \u00e0 moins que cela ne soit n\u00e9cessaire pour l'ex\u00e9cution du contrat ou en vertu de dispositions l\u00e9gales.<\/p>\n\n\n\n<ol class=\"wp-block-list\" start=\"7\">\n<li>Vos droits<\/li>\n<\/ol>\n\n\n\n<p>Vous avez le droit d'obtenir des informations sur les donn\u00e9es que nous traitons, ainsi que le droit de rectification, d'effacement, de limitation du traitement et de portabilit\u00e9 des donn\u00e9es. Vous pouvez \u00e0 tout moment r\u00e9voquer votre consentement au traitement de vos donn\u00e9es. Pour exercer vos droits ou poser des questions sur la protection des donn\u00e9es, vous pouvez nous contacter aux coordonn\u00e9es mentionn\u00e9es au point 1.<\/p>\n\n\n\n<ol class=\"wp-block-list\" start=\"8\">\n<li>Modifications de la d\u00e9claration de confidentialit\u00e9<\/li>\n<\/ol>\n\n\n\n<p>Nous nous r\u00e9servons le droit de mettre \u00e0 jour cette d\u00e9claration de confidentialit\u00e9 si n\u00e9cessaire. Nous vous invitons donc \u00e0 consulter r\u00e9guli\u00e8rement notre d\u00e9claration de confidentialit\u00e9.<\/p>\n\n\n\n<p>Nous vous remercions d'avoir pris le temps de lire notre d\u00e9claration de confidentialit\u00e9.<\/p>","protected":false},"excerpt":{"rendered":"<p>Vielen Dank f\u00fcr Ihren Besuch auf coke2kaufen.com (im Folgenden &#8222;Website&#8220; genannt). Der Schutz Ihrer personenbezogenen Daten ist uns ein wichtiges Anliegen. Nachfolgend m\u00f6chten wir Sie&hellip;<\/p>","protected":false},"author":10,"featured_media":0,"parent":0,"menu_order":0,"comment_status":"closed","ping_status":"open","template":"","meta":{"_monsterinsights_skip_tracking":false,"_monsterinsights_sitenote_active":false,"_monsterinsights_sitenote_note":"","_monsterinsights_sitenote_category":0,"footnotes":""},"class_list":["post-3","page","type-page","status-publish","hentry"],"_links":{"self":[{"href":"https:\/\/psychedelischerweltraum.com\/fr\/wp-json\/wp\/v2\/pages\/3","targetHints":{"allow":["GET"]}}],"collection":[{"href":"https:\/\/psychedelischerweltraum.com\/fr\/wp-json\/wp\/v2\/pages"}],"about":[{"href":"https:\/\/psychedelischerweltraum.com\/fr\/wp-json\/wp\/v2\/types\/page"}],"author":[{"embeddable":true,"href":"https:\/\/psychedelischerweltraum.com\/fr\/wp-json\/wp\/v2\/users\/10"}],"replies":[{"embeddable":true,"href":"https:\/\/psychedelischerweltraum.com\/fr\/wp-json\/wp\/v2\/comments?post=3"}],"version-history":[{"count":1,"href":"https:\/\/psychedelischerweltraum.com\/fr\/wp-json\/wp\/v2\/pages\/3\/revisions"}],"predecessor-version":[{"id":1979,"href":"https:\/\/psychedelischerweltraum.com\/fr\/wp-json\/wp\/v2\/pages\/3\/revisions\/1979"}],"wp:attachment":[{"href":"https:\/\/psychedelischerweltraum.com\/fr\/wp-json\/wp\/v2\/media?parent=3"}],"curies":[{"name":"wp","href":"https:\/\/api.w.org\/{rel}","templated":true}]}}