{"id":1729,"date":"2023-06-27T19:20:43","date_gmt":"2023-06-27T18:20:43","guid":{"rendered":"https:\/\/psychedelischerweltraum.com\/?post_type=product&#038;p=1729"},"modified":"2026-03-29T16:36:22","modified_gmt":"2026-03-29T14:36:22","slug":"kaliumzyanid-kaufen","status":"publish","type":"product","link":"https:\/\/psychedelischerweltraum.com\/fr\/product\/kaliumzyanid-kaufen\/","title":{"rendered":"Cyanure de potassium"},"content":{"rendered":"<h3><span class=\"___SText_4qyg4-ko_\" data-ui-name=\"Link.Text\">Acheter Cyanure de potassium<\/span><\/h3>\n<p>N\u00e9anmoins, nous proposons un produit pur et de haute qualit\u00e9. <a href=\"https:\/\/de.wikipedia.org\/wiki\/Kaliumcyanid\" target=\"_blank\" rel=\"noopener\">Cyanure de potassium<\/a> \u00e0 la vente \u00e0 des prix tr\u00e8s avantageux. Le cyanure de potassium est souvent utilis\u00e9 en association avec la strat\u00e9gie KCN. Ce sel trouble et vitreux, dont l'aspect ressemble \u00e0 celui du sucre, est un puissant solvant dans l'eau potable. Le cyanure de potassium est un puissant inhibiteur respiratoire portable qui agit sur la cytochrome-c-oxydase mitochondriale et inhibe ainsi la phosphorylation oxydative. La cons\u00e9quence de la digestion ana\u00e9robie est alors l'intoxication par l'acide lactique.<\/p>\n<p>Une l\u00e9sion grave due au cyanure entra\u00eene d'abord une coloration rouge fonc\u00e9 ou rouge\u00e2tre chez la victime, car les tissus ne peuvent pas utiliser l'oxyg\u00e8ne pr\u00e9sent dans le sang. Les effets du cyanure de potassium et du cyanure de sodium sont les m\u00eames et les sympt\u00f4mes des l\u00e9sions apparaissent g\u00e9n\u00e9ralement quelques minutes apr\u00e8s l'ingestion de la substance : La personne s'\u00e9vanouit et la mort du cerveau suit finalement. La fum\u00e9e de tabac contient du cyanure, tout comme les r\u00e9sultats de combustion de produits contrefaits tels que les plastiques. Cyanure de potassium \u00e0 vendre<\/p>\n<p>Le cyanure est tr\u00e8s utilis\u00e9 dans la fabrication du papier, des tissus et des plastiques. Il est actuellement dans la substance qui intensifie et est utilis\u00e9 pour cr\u00e9er des photos. Dans la m\u00e9tallurgie, les sels de cyanure sont utilis\u00e9s pour la galvanisation, le nettoyage des m\u00e9taux et l'\u00e9limination de l'or du m\u00e9tal. Pendant cette p\u00e9riode, la personne accident\u00e9e peut \u00eatre victime de convulsions. Le nombre de d\u00e9c\u00e8s est d\u00fb \u00e0 une hypoxie c\u00e9r\u00e9brale. Il est presque impossible de se procurer du cyanure de potassium, m\u00eame si un rapport sur la vente de cyanure de potassium en provenance de Chine a \u00e9t\u00e9 publi\u00e9 sur le forum de discussion du Tranquil Tablet Handbook. Acheter du cyanure de potassium<\/p>\n<h4>ACHETER DU CYANURE DE POTASSIUM EN LIGNE<\/h4>\n<p>Il est significatif que le cyanure de potassium soit extr\u00eamement toxique. Par hydrolyse, il produit dans l'\u00e9table humide de l'acide cyanhydrique qui a un go\u00fbt d\u00e9sagr\u00e9able d'amande. Globalement, tout le monde n'a pas la possibilit\u00e9 de faire cette exp\u00e9rience. Les personnes expos\u00e9es \u00e0 une petite quantit\u00e9 d'acide cyanhydrique, en le respirant, en le gardant sur la peau ou en consommant des aliments qui en contiennent, peuvent g\u00e9n\u00e9ralement et en quelques minutes \u00e9prouver certains des sympt\u00f4mes suivants : vertiges, maux de t\u00eate, vomissements et naus\u00e9es, inhalation rapide, rythme cardiaque rapide, agitation, sensation de faiblesse. Acheter Cyanure de potassium<\/p>\n<p>Une ingestion intensive de cyanure a tr\u00e8s probablement un d\u00e9marrage fantastique et rapide, qui affecte imm\u00e9diatement les intestins et provoque un effondrement inattendu, des convulsions ou une l\u00e9thargie extr\u00eame. Les dommages persistants dus \u00e0 l'ingestion ou au syst\u00e8me biologique ont un d\u00e9but plus progressif. Les pilules de cyanure de potassium ont une dose mortelle (pour l'homme) de 200 \u00e0 300 mg. Sa toxicit\u00e9, lorsqu'elle est aval\u00e9e, est d\u00e9termin\u00e9e par l'acuit\u00e9 de l'estomac, comme il devrait r\u00e9agir avec un corrosif \u00e0 l'acide cyanhydrique, la strat\u00e9gie mortelle pour le cyanure. Achetez Cyanure de potassium<\/p>\n<p>Nous ne confondons pas notre emballage avec un regroupement important, en le rendant particuli\u00e8rement charmant ou \u00e9labor\u00e9. Nous savons que la plupart des clients ont simplement besoin de pilules de haute qualit\u00e9, et notre emballage est con\u00e7u pour prot\u00e9ger votre investissement. Le cyanure de potassium peut \u00eatre pr\u00e9par\u00e9 de diff\u00e9rentes mani\u00e8res dans les projets, en fonction de l'utilisation pr\u00e9vue. En tant qu'organisations et fournisseurs de cyanure de potassium de confiance, nous proposons du KCN (cyanure de potassium) pur 99,8 %, connu pour sa grande viabilit\u00e9. Acheter du cyanure de potassium<\/p>\n<h4>CYANURE DE POTASSIUM \u00c0 VENDRE EN LIGNE :<\/h4>\n<p>Nous disposons actuellement d'une offre illimit\u00e9e de cyanure de potassium de haute qualit\u00e9 au prix le plus avantageux. Comme le cyanure de sodium, le cyanure de potassium est extr\u00eamement destructeur, ind\u00e9niablement toxique et agit rapidement, m\u00eame en tr\u00e8s petites quantit\u00e9s. L'exposition au cyanure de potassium sous forme solide peut \u00eatre extr\u00eamement dangereuse, car il lib\u00e8re lentement des gaz toxiques dans l'air, qui sont ensuite tu\u00e9s par inhalation. Acheter du cyanure de potassium<\/p>\n<p>Le cyanure de potassium est produit de mani\u00e8re \u00e9conomique par la r\u00e9action du cyanure d'hydrog\u00e8ne avec une cure liquide, qui \u00e9limine l'eau pour produire du cyanure de potassium sain. Le cyanure est souvent une substance mortelle lorsqu'elle est ing\u00e9r\u00e9e. Si vous cherchez du cyanure sur Internet, vous pouvez en apprendre beaucoup. Il est important que tout le monde soit d'accord pour que votre strat\u00e9gie fonctionne sans probl\u00e8me. Acheter du cyanure de potassium<\/p>\n<p>Les comprim\u00e9s de cyanure de potassium sont un compos\u00e9 massivement nocif qui est un inhibiteur de nombreuses strat\u00e9gies m\u00e9taboliques et qui est notamment utilis\u00e9 comme r\u00e9actif d'\u00e9valuation pour la repr\u00e9sentation des chimior\u00e9cepteurs. En raison de ses propri\u00e9t\u00e9s extr\u00eamement dissolvantes, il est utilis\u00e9 en galvanoplastie et dans les mines d'or. En outre, nous mettons du cyanure de potassium \u00e0 la disposition de nos g\u00e9n\u00e9reux donateurs \u00e0 un prix modique. Les possibilit\u00e9s de notre produit sont pr\u00e9sent\u00e9es ci-dessous. Il s'agit d'une substance blanche ou vaporeuse, transparente, avec une l\u00e9g\u00e8re odeur d'amande (une cons\u00e9quence des particules de cyanure). Acheter du cyanure de potassium<\/p>\n<h4>POUDRE DE CYANURE DE POTASSIUM \u00c0 VENDRE :<\/h4>\n<p>Il a une \u00e9paisseur de 1. 52 g\/ml malgr\u00e9 une temp\u00e9rature de liqu\u00e9faction de 634. 5 \u00b0C. Le cyanure est extr\u00eamement toxique et ne devrait \u00eatre utilis\u00e9 que pour une seule mise \u00e0 mort rapide, efficace, simple et pacifique. Le cyanure est \u00e9galement connu, entre autres, sous le nom de r\u00e9cipient mortel ou de comprim\u00e9 mortel. Le cyanure de potassium est un compos\u00e9 hautement toxique utilis\u00e9 pour une ex\u00e9cution rapide et efficace. Il a \u00e9galement \u00e9t\u00e9 utilis\u00e9 dans la p\u00eache pour tuer les poissons et les sortir ensuite de l'eau, une m\u00e9thode aujourd'hui ill\u00e9gale en raison de la pr\u00e9sence de composants reconnaissables. Acheter Cyanure de potassium<\/p>\n<p>Une autre explication du cyanure de potassium est la r\u00e9utilisation de l'or. En tant qu'expert scientifique, je me vois contraint de souligner que la premi\u00e8re strat\u00e9gie propos\u00e9e ne permettra pas d'obtenir du cyanure de potassium pur. Selon le nombre de r\u00e9actifs utilis\u00e9s, vous aurez toujours une coloration importante de l'hydroxyde de potassium. Un autre objectif du cyanure de potassium est le recyclage de l'or et de l'argent \u00e0 partir de la ferraille d'acier, un sujet qui fait l'objet de vives discussions en raison de la toxicit\u00e9 des cyanures mentionn\u00e9e pr\u00e9c\u00e9demment. Ses principales applications se trouvent dans les m\u00e9langes r\u00e9guliers et naturels ainsi que dans la fabrication de nombreuses substances importantes, de mati\u00e8res plastiques et de m\u00e9dicaments autoris\u00e9s. Acheter Cyanure de potassium<\/p>\n<p>Il existe \u00e9galement plusieurs \u00e9tudes sur la mort induite par le cyanure. Celui-ci peut \u00eatre pr\u00e9par\u00e9 \u00e0 partir d'un compos\u00e9 stable (KOH) et d'un agent corrosif faible (HCN). Il est effectivement utilis\u00e9 pour l'extraction de l'or, de l'argent et d'autres m\u00e9taux. C'est l'un des types de cyanure associ\u00e9s \u00e0 la d\u00e9composition du ferrocyanure de potassium avant la technique de Castner. Acheter du cyanure de potassium<\/p>\n<h4>PILULES DE CYANURE DE POTASSIUM \u00c0 VENDRE :<\/h4>\n<p>Des anomalies cardiaques sont fr\u00e9quentes. L'arr\u00eat respiratoire qui d\u00e9bute de mani\u00e8re focale entra\u00eene la mort. Des l\u00e8vres bleues, une diminution de l'hypertension et des convulsions en sont les signes. Pour le client\/la cible qui ne pr\u00e9sente pas de cons\u00e9quences r\u00e9elles d'une intoxication au cyanure, une perception extr\u00eamement prudente, de l'oxyg\u00e8ne suppl\u00e9mentaire et une forte consid\u00e9ration peuvent \u00eatre un traitement suffisant.<\/p>\n<p>Le traitement initial pour la personne concern\u00e9e qui pr\u00e9sente des s\u00e9quelles physiques d'un empoisonnement au cyanure comprend l'organisation de traitements sous la direction d'un expert clinique, la gestion de la respiration et de la circulation (oxyg\u00e8ne et liquides intraveineux), l'arr\u00eat des signes synth\u00e9tiques irr\u00e9guliers dans le sang et la surveillance des crises. En outre, il est utilis\u00e9 dans la combinaison d'hydanto\u00efnes, qui peuvent \u00eatre d'importants interm\u00e9diaires contrefaits, lorsqu'il r\u00e9agit avec un compos\u00e9 carbonyle tel qu'un ald\u00e9hyde ou une c\u00e9tone en pr\u00e9sence de carbonate d'ammonium. Cyanure de potassium \u00e0 vendre<\/p>\n<p>La transformation du benzald\u00e9hyde en ac\u00e9tald\u00e9hyde m\u00e9di\u00e9e par la levure est assez convaincante, car il s'agit de l'une des premi\u00e8res modifications microbiennes m\u00e9caniquement significatives, l'acylo\u00efne produite \u00e9tant d\u00e9sormais synth\u00e9tis\u00e9e en d-\u00e9ph\u00e9drine. Le cyanure de potassium est un excellent inhibiteur de la respiration cellulaire, qui agit sur la cytochrome-c-oxydase mitochondriale et inhibe ainsi la phosphorylation oxydative. Cyanure de potassium \u00e0 vendre<\/p>\n<p>Suite au m\u00e9tabolisme ana\u00e9robie, il se produit alors une intoxication \u00e0 l'acide lactique. Comme les tissus ne peuvent pas utiliser l'oxyg\u00e8ne du sang, une l\u00e9sion grave due au cyanure entra\u00eene d'abord un aspect rouge fonc\u00e9 ou ros\u00e9 \u00e0 l'int\u00e9rieur de la victime. Le cyanure est un \u00e9tui, une douille, une ampoule ou un comprim\u00e9 contenant un compos\u00e9 mortellement dangereux qui lib\u00e8re un gaz cyanhydrique extr\u00eamement toxique lorsqu'il est ing\u00e9r\u00e9. Acheter Cyanure de potassium<\/p>\n<h5>SUPPL\u00c9MENTAIRE :<\/h5>\n<p>Et r\u00e9agit en saisissant l'ensemble du corps et de ses organes sensoriels, comme l'esprit, le c\u0153ur et le programme de peur focale. En cons\u00e9quence, l'absorption d'oxyg\u00e8ne dans les veines de la victime est limit\u00e9e, ce qui entra\u00eene une mort d\u00e9contract\u00e9e et calme. 27 D'autres indices de la valeur de fabrication sont l'enrichissement en ald\u00e9hyde (4a,b) d\u00fb \u00e0 la levure avec de l'ac\u00e9tald\u00e9hyde lib\u00e9r\u00e9 par fermentation. Acheter Cyanure de potassium<\/p>\n<p>Avec l'\u00e9quation KCN, le cyanure de potassium est un compos\u00e9. Ce sel sec et vitreux, dont l'aspect ressemble \u00e0 celui du sucre, se dissout rapidement dans l'eau potable. La plus grande partie du KCN est utilis\u00e9e dans l'exploitation mini\u00e8re de l'or, dans l'amalgame normal et dans la galvanoplastie. Parmi les applications mineures, on trouve des ornements pour recouvrir et polir les assemblages. Cela permet de mettre l'image \u00e0 nu et de la solidifier, la rendant moins vuln\u00e9rable \u00e0 un traitement doux. Cyanure de potassium \u00e0 vendre<\/p>\n<p>Les photographes actuels qui arrosent les plaques pr\u00e9f\u00e8rent peut-\u00eatre des fixateurs moins toxiques comme le thiosulfate de sodium, mais le KCN reste populaire. Produits \u00e0 base de cyanure de potassium Le cyanure de potassium a une dose mortelle de 100 \u00e0 300 mg. Sa toxicit\u00e9 en cas d'ingestion est d\u00e9termin\u00e9e par l'acidit\u00e9 de l'estomac, notamment parce qu'il doit r\u00e9agir avec des substances corrosives pour former de l'acide cyanhydrique, le type de cyanure le plus dangereux. Pour plus d'informations <a href=\"https:\/\/psychedelischerweltraum.com\/fr\/kontakt\/\">contactez-nous<\/a> s'il vous pla\u00eet.<\/p>","protected":false},"excerpt":{"rendered":"<p>Acheter du cyanure de potassium N\u00e9anmoins, nous proposons \u00e0 la vente du cyanure de potassium pur de haute qualit\u00e9 \u00e0 des prix tr\u00e8s avantageux. Le cyanure de potassium est souvent utilis\u00e9 en combinaison avec la strat\u00e9gie KCN....<\/p>","protected":false},"featured_media":1892,"comment_status":"open","ping_status":"closed","template":"","meta":{"_monsterinsights_skip_tracking":false,"_monsterinsights_sitenote_active":false,"_monsterinsights_sitenote_note":"","_monsterinsights_sitenote_category":0},"product_brand":[],"product_cat":[163],"product_tag":[],"class_list":{"0":"post-1729","1":"product","2":"type-product","3":"status-publish","4":"has-post-thumbnail","6":"product_cat-forschungschemikalien","8":"first","9":"instock","10":"shipping-taxable","11":"purchasable","12":"product-type-variable","13":"customify-col"},"_links":{"self":[{"href":"https:\/\/psychedelischerweltraum.com\/fr\/wp-json\/wp\/v2\/product\/1729","targetHints":{"allow":["GET"]}}],"collection":[{"href":"https:\/\/psychedelischerweltraum.com\/fr\/wp-json\/wp\/v2\/product"}],"about":[{"href":"https:\/\/psychedelischerweltraum.com\/fr\/wp-json\/wp\/v2\/types\/product"}],"replies":[{"embeddable":true,"href":"https:\/\/psychedelischerweltraum.com\/fr\/wp-json\/wp\/v2\/comments?post=1729"}],"wp:featuredmedia":[{"embeddable":true,"href":"https:\/\/psychedelischerweltraum.com\/fr\/wp-json\/wp\/v2\/media\/1892"}],"wp:attachment":[{"href":"https:\/\/psychedelischerweltraum.com\/fr\/wp-json\/wp\/v2\/media?parent=1729"}],"wp:term":[{"taxonomy":"product_brand","embeddable":true,"href":"https:\/\/psychedelischerweltraum.com\/fr\/wp-json\/wp\/v2\/product_brand?post=1729"},{"taxonomy":"product_cat","embeddable":true,"href":"https:\/\/psychedelischerweltraum.com\/fr\/wp-json\/wp\/v2\/product_cat?post=1729"},{"taxonomy":"product_tag","embeddable":true,"href":"https:\/\/psychedelischerweltraum.com\/fr\/wp-json\/wp\/v2\/product_tag?post=1729"}],"curies":[{"name":"wp","href":"https:\/\/api.w.org\/{rel}","templated":true}]}}