{"id":1752,"date":"2023-06-27T19:20:52","date_gmt":"2023-06-27T18:20:52","guid":{"rendered":"https:\/\/psychedelischerweltraum.com\/?post_type=product&#038;p=1752"},"modified":"2023-07-17T02:20:43","modified_gmt":"2023-07-17T01:20:43","slug":"ketamin-flussig","status":"publish","type":"product","link":"https:\/\/psychedelischerweltraum.com\/fr\/product\/ketamin-flussig\/","title":{"rendered":"K\u00e9tamine liquide 500mg\/10ml"},"content":{"rendered":"<h2>Acheter K\u00e9tamine Liquide 500mg\/10ml<\/h2>\n<p>En g\u00e9n\u00e9ral, nous vendons de la k\u00e9tamine pure sous forme liquide \u00e0 des prix tr\u00e8s avantageux, c'est-\u00e0-dire de la k\u00e9tamine sous forme liquide \u00e0 vendre. Nous sommes rapidement devenus le plus grand fournisseur mondial de k\u00e9tamine \u00e0 des fins de recherche et m\u00e9dicales. En cons\u00e9quence, nous avons de la k\u00e9tamine liquide \u00e0 vendre. K\u00e9tamine liquide 50mg\/10 ml rapide permet une mani\u00e8re d\u00e9cente pour les gens de rem\u00e9dier \u00e0 leurs circonstances, tout en suspendant leur d\u00e9sespoir et en travaillant sur leur disposition. K\u00e9tamine liquide 50mg\/10 ml chlorhydrate perfusion est montr\u00e9 avec l'utilisation de la s\u00e9dation pas longtemps avant l'organisation d'autres m\u00e9diateurs s\u00e9datifs typiques. Il a \u00e9t\u00e9 d\u00e9montr\u00e9 que la k\u00e9tamine liquide 50mg\/10 ml perfusion de chlorhydrate am\u00e9liore l'effet des sp\u00e9cialistes faiblement actifs comme le protoxyde d'azote.<\/p>\n<p>Je peux terminer le travail en deux heures. Si possible, \u00e9vitez ces traitements ou remplacez-les par d'autres m\u00e9dicaments. Si aucune am\u00e9lioration n'est constat\u00e9e, le m\u00e9dicament ne devrait pas \u00eatre administr\u00e9 en m\u00eame temps. Si n\u00e9cessaire, modifiez le dosage en fonction des effets recommand\u00e9s. Avec cette m\u00e9thode, le liquide est tri\u00e9 et administr\u00e9 \u00e0 la fois par voie intramusculaire et intraveineuse (ce qui est beaucoup moins s\u00fbr).<\/p>\n<p>L'effet de cette interaction est plus fort, car la totalit\u00e9 du m\u00e9dicament finit par passer dans la circulation sanguine, contrairement \u00e0 l'administration par ingestion, o\u00f9 une partie du m\u00e9dicament est perdue pendant le processus de digestion. Lorsque l'utilisation th\u00e9rapeutique de la k\u00e9tamine a gagn\u00e9 en popularit\u00e9 dans les ann\u00e9es 1970, elle a \u00e9galement \u00e9t\u00e9 utilis\u00e9e comme drogue r\u00e9cr\u00e9ative. En Argentine, elle a \u00e9t\u00e9 utilis\u00e9e \u00e0 la fois l\u00e9galement et ill\u00e9galement dans le traitement des rechutes, dans le mysticisme New Age et dans les enqu\u00eates.<\/p>\n<p>Dans les ann\u00e9es 1970 et 1980, de plus en plus d'applications tests de k\u00e9tamine liquide 50mg\/10 ml ont \u00e9t\u00e9 r\u00e9alis\u00e9es et \u00e9tendues sous diff\u00e9rents noms de marque. Elle est devenue r\u00e9aliste sous forme de r\u00e9cipients, de poudres, de gemmes, de comprim\u00e9s et de liquides, ainsi que diff\u00e9rentes options de perfusion dans les rues. Un sp\u00e9cialiste peut choisir le spray nasal sur la k\u00e9tamine IV en raison de l'organisation du soutien.<\/p>\n<h4>ACHETER DE LA K\u00c9TAMINE L\u00c9GALE EN LIGNE :<\/h4>\n<p>Vous devez garder \u00e0 l'esprit que, quelle que soit la mani\u00e8re dont la k\u00e9tamine liquide 50mg\/10 ml est utilis\u00e9e sur la route, il n'existe pas de valeurs s\u00fbres pour une utilisation d\u00e9tendue de la k\u00e9tamine liquide 50mg\/10 ml. L'utilisation de ce m\u00e9dicament sans surveillance m\u00e9dicale peut entra\u00eener des probl\u00e8mes extra-corporels et doit absolument \u00eatre \u00e9vit\u00e9e. \"La douche nasale n'est ni plus rapide ni plus durable\", affirme-t-il. K\u00e9tamine liquide \u00e0 vendre, K\u00e9tamine liquide.<\/p>\n<p>\"La k\u00e9tamine IV est plus appropri\u00e9e que la k\u00e9tamine intranasale en raison de sa biodisponibilit\u00e9\". K\u00e9tamine liquide 50mg\/10 ml La confiance et la r\u00e9sistance sont possibles apr\u00e8s une prise prolong\u00e9e. Apr\u00e8s l'arr\u00eat d'une prise extr\u00eamement longue de k\u00e9tamine liquide 50mg\/10 ml, un trouble de sevrage avec des alternatives d\u00e9lirantes est clarifi\u00e9. En cons\u00e9quence, la k\u00e9tamine liquide 50mg\/10 ml doit faire l'objet d'une mise en garde et \u00eatre r\u00e9gul\u00e9e.<\/p>\n<p>Le traitement peut am\u00e9liorer consid\u00e9rablement l'effet sympathomim\u00e9tique ; prudence chez les personnes souffrant de porphyrie ou \u00e9ventuellement d'une maladie de la thyro\u00efde ; la porphyrie et la maladie de la thyro\u00efde ou le traitement de la thyro\u00efde peuvent \u00eatre consid\u00e9r\u00e9s comme une contre-indication g\u00e9n\u00e9rale. Des recherches r\u00e9centes sur la neurotoxicit\u00e9 induite par la k\u00e9tamine se sont concentr\u00e9es sur les primates, afin d'utiliser un mod\u00e8le plus appropri\u00e9 que les rongeurs. Dans l'un de ces essais, de jeunes singes cynomolgus adultes ont re\u00e7u des doses quotidiennes de k\u00e9tamine de 50 mg\/10 ml pendant diff\u00e9rentes p\u00e9riodes, ce qui correspondait aux portions habituellement utilis\u00e9es dans les sports (1 mg\/kg IV).<\/p>\n<p>Diff\u00e9rentes substances ont \u00e9t\u00e9 ajout\u00e9es au m\u00e9dicament en quelques secondes, ce qui a entra\u00een\u00e9 des effets bizarres. De petites doses de k\u00e9tamine liquide 50mg\/10 ml provoquent une d\u00e9sinhibition similaire \u00e0 celle provoqu\u00e9e par les boissons alcoolis\u00e9es. C'est pourquoi elle est souvent utilis\u00e9e dans les f\u00eates et les raves. Des doses plus \u00e9lev\u00e9es ont l'effet inverse : retrait social et incapacit\u00e9 de communiquer dans une large mesure.<\/p>\n<h4>K\u00c9TAMINE LIQUIDE \u00c0 VENDRE EN LIGNE :<\/h4>\n<p>La MDMA (delight), une drogue de club bien connue, apparue pour la premi\u00e8re fois au milieu des ann\u00e9es 1980, en est un bon exemple. Bien que les effets ne soient pas comparables, la k\u00e9tamine liquide 50mg\/10 ml est souvent pr\u00e9sent\u00e9e comme une sensation de bonheur. Les propri\u00e9t\u00e9s s\u00e9datives de la k\u00e9tamine entra\u00eenent une \u00e9locution indistincte et une incapacit\u00e9 \u00e0 se mouvoir, ce qui rend presque impossible tout mouvement. Pour cette raison, la k\u00e9tamine liquide 50mg\/10 ml est souvent qualifi\u00e9e de drogue de rendez-vous. K\u00e9tamine liquide \u00e0 vendre<\/p>\n<p>Le Dr Levine affirme que la possibilit\u00e9 de devenir d\u00e9pendant de la k\u00e9tamine liquide 50mg\/10 ml lorsqu'elle est utilis\u00e9e comme \"drogue de f\u00eate\" est tout simplement inexistante. \"Des \u00e9tudes montrent qu'avec les portions vraiment r\u00e9duites que nous utilisons, dans un environnement tr\u00e8s m\u00e9dicalis\u00e9, avec une ouverture insuffisante \u00e0 la maison et un dosage non uniforme, il n'y a aucune chance de compulsion ou d'abus\", dit-il, ajoutant une r\u00e9serve : \"Les benzodiaz\u00e9pines peuvent tout \u00e0 fait att\u00e9nuer les effets sup\u00e9rieurs de la k\u00e9tamine\". K\u00e9tamine liquide \u00e0 vendre, K\u00e9tamine liquide.<\/p>\n<p>Celle-ci est r\u00e9guli\u00e8rement affin\u00e9e par un expert clinique dans un environnement r\u00e9glement\u00e9 pour les \u00e9valuations critiques de s\u00e9curit\u00e9. Cette strat\u00e9gie n\u00e9cessite une planification minutieuse, car les exp\u00e9riences hallucinog\u00e8nes peuvent \u00eatre choquantes si le membre n'est pas correctement coordonn\u00e9. Certains sp\u00e9cialistes de la sant\u00e9 mentale recommandent la prudence dans l'utilisation de la k\u00e9tamine liquide 50mg\/10 ml. K\u00e9tamine liquide en vente, K\u00e9tamine liquide.<\/p>\n<p>\"Bien qu'il puisse s'agir d'un traitement efficace pour r\u00e9duire rapidement les sympt\u00f4mes de la d\u00e9pression, nous n'en savons pas assez sur les effets secondaires n\u00e9gatifs potentiels, notamment en cas d'utilisation \u00e0 long terme, pour le recommander \u00e0 la plupart des patients\". Sensations de bonheur consid\u00e9rables - La k\u00e9tamine liquide 50mg\/10 ml peut provoquer des \u00e9tats de v\u00e9ritable extase chez certains utilisateurs finaux. K\u00e9tamine liquide \u00e0 vendre<\/p>\n<h4>K\u00c9TAMINE LIQUIDE EN VENTE AVEC\/SANS ORDONNANCE :<\/h4>\n<p>Dans tous les cas, cet effet est beaucoup moins fort et constant que celui des narcotiques ou de la MDMA. La k\u00e9tamine liquide 50mg\/10 ml est un m\u00e9dicament qui peut vous aider \u00e0 g\u00e9rer les affections neuropathiques (troubles nerveux) pendant et apr\u00e8s le traitement de votre maladie. La k\u00e9tamine liquide 50mg\/10 ml peut \u00eatre un rem\u00e8de fantastique pour de nombreuses personnes. K\u00e9tamine liquide \u00e0 vendre<\/p>\n<p>Pour d'autres, c'est tout sauf une combinaison brillante. Si vous envisagez un traitement \u00e0 la k\u00e9tamine 50mg\/10 ml, il est important que vous puissiez faire confiance aux prestataires de votre \u00e9tablissement m\u00e9dical. La prise de k\u00e9tamine 50mg\/10 ml calme vos nerfs agit\u00e9s, qui vous transmettent des messages d'urgence. K\u00e9tamine liquide \u00e0 vendre<\/p>\n<p>K\u00e9tamine liquide 50mg\/10 ml Les m\u00e9langes destin\u00e9s au traitement de la d\u00e9pression et d'autres probl\u00e8mes psychiques durent g\u00e9n\u00e9ralement de 40 minutes \u00e0 2 heures, selon la personne concern\u00e9e. On pense que les dissociatifs sont sup\u00e9rieurs \u00e0 d'autres substances parce qu'ils provoquent un type de r\u00e9sistance de longue dur\u00e9e ou extr\u00eamement longue, qui se d\u00e9veloppe progressivement et ind\u00e9pendamment de la r\u00e9sistance typique. K\u00e9tamine liquide \u00e0 vendre<\/p>\n<p>La k\u00e9tamine liquide 50mg\/10 ml peut \u00eatre administr\u00e9e comme un m\u00e9dicament ill\u00e9gal. Certains centres exigent que quelqu'un soit pr\u00e9sent pendant votre sortie pour vous aider \u00e0 \u00eatre raccompagn\u00e9 chez vous en toute s\u00e9curit\u00e9. Certains patients pr\u00e9f\u00e8rent la pr\u00e9sence d'un proche tout au long du traitement pour se sentir plus \u00e0 l'aise, mais cela n'est pas n\u00e9cessaire dans tous les centres. K\u00e9tamine liquide \u00e0 vendre<\/p>\n<h4>K\u00c9TAMINE \u00c0 VENDRE :<\/h4>\n<p>Le sandwich de v\u00e9rit\u00e9 n'autorise tout simplement pas l'utilisation de ces recettes sur le terrain. Nous pensons qu'il est important d'apporter des nuances pour la s\u00e9curit\u00e9 de ceux qui choisissent d'utiliser ces substances. De nombreux clients de k\u00e9tamine liquide 50mg\/10 ml extr\u00eamement longs ou lourds rapportent qu'ils doivent prendre beaucoup plus pour obtenir une s\u00e9paration ou une ouverture K par rapport \u00e0 leur premi\u00e8re utilisation, en tout cas apr\u00e8s avoir eu des pauses prolong\u00e9es. K\u00e9tamine liquide \u00e0 vendre<\/p>\n<p>Si vous n'avez personne, il vous suffit de contacter l'une des organisations ci-dessous pour organiser le transport. Avec l'aide d'un expert en bien-\u00eatre psychologique, vous pourrez \u00e9tablir un plan de traitement ax\u00e9 sur les aspects de votre vie quotidienne que vous devez g\u00e9rer au mieux, tout en achetant vos m\u00e9dicaments \u00e0 base de k\u00e9tamine liquide 50mg\/10 ml, afin de prendre un plaisir inhabituel lors de vos rencontres. K\u00e9tamine liquide en vente<\/p>\n<p>Une personne sera envoy\u00e9e \u00e0 votre domicile pour venir vous chercher. Dans l'ensemble, l'int\u00e9r\u00eat pour cette organisation est grand et vous devez prendre en charge le transport. Comme la k\u00e9tamine liquide 50mg\/10 ml est approuv\u00e9e par la FDA sous le nom de marque Spravato, il y a des demandes pour son utilisation dans le traitement de la d\u00e9pression. K\u00e9tamine liquide \u00e0 vendre<\/p>\n<p>Une psychoth\u00e9rapie assist\u00e9e par la k\u00e9tamine liquide 50mg\/10 ml est une option. Cette proc\u00e9dure vise \u00e0 s'attaquer aux causes du d\u00e9sespoir du patient. Cette cat\u00e9gorie comprend tous les \u00e9tablissements qui proposent un traitement psychique associ\u00e9 \u00e0 des organisations de k\u00e9tamine liquide 50mg\/10 ml. K\u00e9tamine liquide \u00e0 vendre<\/p>\n<h4>ANTI-DOULEURS :<\/h4>\n<p>Spravato est prescrit pour \u00eatre vaporis\u00e9 dans le nez et n'est disponible que dans quelques ketamine liquid 50mg\/10 ml centres et drogueries agr\u00e9\u00e9s. Dans l'\u00e9tude clinique, douze personnes souffrant de d\u00e9pression grave n\u00e9cessitant un traitement et de pens\u00e9es suicidaires ont re\u00e7u trois fois par semaine des m\u00e9langes intraveineux de k\u00e9tamine liquide 50mg\/10 ml. K\u00e9tamine liquide en vente<\/p>\n<p>Cinq des douze patients transmis et ayant re\u00e7u un traitement hebdomadaire de k\u00e9tamine liquide 50mg\/10 ml pendant une p\u00e9riode prolong\u00e9e, suivi d'un traitement de k\u00e9tamine liquide 50mg\/10 ml et d'une p\u00e9riode de suivi d'environ un mois pendant laquelle aucun traitement de k\u00e9tamine liquide 50mg\/10 ml n'a \u00e9t\u00e9 administr\u00e9. Chacun des cinq pr\u00e9parait une manifestation plus difficile pour la dur\u00e9e du traitement de suivi. Pour plus d'informations, <a href=\"https:\/\/psychedelischerweltraum.com\/fr\/kontakt\/\">contactez-nous<\/a> s'il vous pla\u00eet.<\/p>\n<p>&nbsp;<\/p>","protected":false},"excerpt":{"rendered":"<p>Acheter K\u00e9tamine liquide 500mg\/10ml En g\u00e9n\u00e9ral, nous vendons de la k\u00e9tamine pure sous forme liquide \u00e0 des prix tr\u00e8s avantageux, c'est-\u00e0-dire de la k\u00e9tamine sous forme liquide \u00e0 vendre....<\/p>","protected":false},"featured_media":1887,"comment_status":"open","ping_status":"closed","template":"","meta":{"_monsterinsights_skip_tracking":false,"_monsterinsights_sitenote_active":false,"_monsterinsights_sitenote_note":"","_monsterinsights_sitenote_category":0},"product_brand":[],"product_cat":[188],"product_tag":[],"class_list":{"0":"post-1752","1":"product","2":"type-product","3":"status-publish","4":"has-post-thumbnail","6":"product_cat-ketamin-kaufen-ohne-rezept","8":"first","9":"instock","10":"shipping-taxable","11":"purchasable","12":"product-type-variable","13":"customify-col"},"_links":{"self":[{"href":"https:\/\/psychedelischerweltraum.com\/fr\/wp-json\/wp\/v2\/product\/1752","targetHints":{"allow":["GET"]}}],"collection":[{"href":"https:\/\/psychedelischerweltraum.com\/fr\/wp-json\/wp\/v2\/product"}],"about":[{"href":"https:\/\/psychedelischerweltraum.com\/fr\/wp-json\/wp\/v2\/types\/product"}],"replies":[{"embeddable":true,"href":"https:\/\/psychedelischerweltraum.com\/fr\/wp-json\/wp\/v2\/comments?post=1752"}],"wp:featuredmedia":[{"embeddable":true,"href":"https:\/\/psychedelischerweltraum.com\/fr\/wp-json\/wp\/v2\/media\/1887"}],"wp:attachment":[{"href":"https:\/\/psychedelischerweltraum.com\/fr\/wp-json\/wp\/v2\/media?parent=1752"}],"wp:term":[{"taxonomy":"product_brand","embeddable":true,"href":"https:\/\/psychedelischerweltraum.com\/fr\/wp-json\/wp\/v2\/product_brand?post=1752"},{"taxonomy":"product_cat","embeddable":true,"href":"https:\/\/psychedelischerweltraum.com\/fr\/wp-json\/wp\/v2\/product_cat?post=1752"},{"taxonomy":"product_tag","embeddable":true,"href":"https:\/\/psychedelischerweltraum.com\/fr\/wp-json\/wp\/v2\/product_tag?post=1752"}],"curies":[{"name":"wp","href":"https:\/\/api.w.org\/{rel}","templated":true}]}}