{"id":1983,"date":"2023-07-23T19:45:40","date_gmt":"2023-07-23T18:45:40","guid":{"rendered":"https:\/\/psychedelischerweltraum.com\/?page_id=1983"},"modified":"2023-07-23T19:49:49","modified_gmt":"2023-07-23T18:49:49","slug":"zahlung","status":"publish","type":"page","link":"https:\/\/psychedelischerweltraum.com\/hu\/zahlung\/","title":{"rendered":"Fizet\u00e9s"},"content":{"rendered":"<p>A biztons\u00e1g az els\u0151!<\/p>\n\n\n\n<p>A f\u0171 \u00e9s hasis online boltunkban csak Bitcoin-nal lehet fizetni. Mi\u00e9rt van ez \u00edgy? Nagyon egyszer\u0171! A Bitcoin n\u00e9vtelen \u00e9s nem k\u00f6vethet\u0151 nyomon.<\/p>\n\n\n\n<p>Nincs Bitcoinja? Nem tudja, hol v\u00e1s\u00e1rolhat Bitcoin-t vagy hogyan haszn\u00e1lhatja?<\/p>\n\n\n\n<h2 class=\"wp-block-heading\">Bitcoin v\u00e1s\u00e1rl\u00e1sa egyszer\u0171!<\/h2>\n\n\n\n<p>Sz\u00e1mos olyan szolg\u00e1ltat\u00f3 van, ahol k\u00f6nnyen v\u00e1s\u00e1rolhat Bitcoin-t k\u00fcl\u00f6nb\u00f6z\u0151 fizet\u00e9si m\u00f3dok, p\u00e9ld\u00e1ul PayPal, hitelk\u00e1rtya vagy banki \u00e1tutal\u00e1s seg\u00edts\u00e9g\u00e9vel.<\/p>\n\n\n\n<p>Kezd\u0151knek aj\u00e1nljuk <a href=\"https:\/\/bitpanda.com\" target=\"_blank\" rel=\"noopener\">bitpanda.com<\/a>.<\/p>\n\n\n\n<figure class=\"wp-block-embed is-type-video is-provider-youtube wp-block-embed-youtube wp-embed-aspect-16-9 wp-has-aspect-ratio\"><div class=\"wp-block-embed__wrapper\">\n<iframe title=\"V\u00e1s\u00e1rl\u00e1s Bitcoin 2024: \u00datmutat\u00f3 kezd\u0151knek | l\u00e9p\u00e9sr\u0151l l\u00e9p\u00e9sre - biztons\u00e1gos \u00e9s k\u00f6nny\u0171\" width=\"843\" height=\"474\" src=\"https:\/\/www.youtube.com\/embed\/szKnbbHwY4A?feature=oembed\" frameborder=\"0\" allow=\"accelerometer; autoplay; clipboard-write; encrypted-media; gyroscope; picture-in-picture; web-share\" allowfullscreen><\/iframe>\n<\/div><\/figure>\n\n\n\n<p>Egy r\u00f6vid ellen\u0151rz\u00e9si folyamat ut\u00e1n k\u00f6nnyed\u00e9n v\u00e1s\u00e1rolhat Bitcoin-t.<\/p>\n\n\n\n<p>M\u00e1sodszor, javasoljuk, hogy hozzon l\u00e9tre egy szem\u00e9lyes anonim p\u00e9nzt\u00e1rc\u00e1t. Itt t\u00e1rolja a Bitcoinj\u00e1t. Erre alkalmas p\u00e9ld\u00e1ul a sv\u00e1jci szolg\u00e1ltat\u00f3. <a href=\"https:\/\/swiss-wallet.org\/\" target=\"_blank\" rel=\"noopener\">swiss-wallet.org<\/a>.<\/p>\n\n\n\n<p>A szigor\u00fa sv\u00e1jci adatv\u00e9delmi t\u00f6rv\u00e9nyeknek k\u00f6sz\u00f6nhet\u0151en a Bitcoin ott biztons\u00e1gban van.<\/p>\n\n\n\n<h2 class=\"wp-block-heading\">Azonnal bejelentkezhet.<\/h2>\n\n\n\n<p>Ha m\u00e1r van Bitcoinja a szem\u00e9lyes p\u00e9nzt\u00e1rc\u00e1j\u00e1n, akkor m\u00e1r majdnem ott van.<\/p>\n\n\n\n<p>Befejezi a v\u00e1s\u00e1rl\u00e1st az \u00fczlet\u00fcnkben, \u00e9s a p\u00e9nzt\u00e1rhoz megy. Meger\u0151s\u00edti a \"Fizet\u00e9s bitcoinnal\" opci\u00f3t.<\/p>\n\n\n\n<p>R\u00f6viddel k\u00e9s\u0151bb megjelenik a t\u00e1rc\u00e1nk c\u00edme \u00e9s egy QR-k\u00f3d. K\u00fcldje el a megfelel\u0151 \u00f6sszeget a c\u00edm\u00fcnkre.<\/p>\n\n\n\n<p>Csomagja r\u00f6vid id\u0151n bel\u00fcl \u00faton lesz \u00d6nh\u00f6z.<\/p>","protected":false},"excerpt":{"rendered":"<p>A biztons\u00e1g az els\u0151! Online \u00e1ruh\u00e1zunkban csak Bitcoin-nal lehet fizetni f\u0171 \u00e9s hasis v\u00e1s\u00e1rl\u00e1sakor. Mi\u00e9rt van ez \u00edgy? Nagyon egyszer\u0171! A Bitcoin n\u00e9vtelen...<\/p>","protected":false},"author":10,"featured_media":0,"parent":0,"menu_order":0,"comment_status":"closed","ping_status":"closed","template":"","meta":{"_monsterinsights_skip_tracking":false,"_monsterinsights_sitenote_active":false,"_monsterinsights_sitenote_note":"","_monsterinsights_sitenote_category":0,"footnotes":""},"class_list":["post-1983","page","type-page","status-publish","hentry"],"_links":{"self":[{"href":"https:\/\/psychedelischerweltraum.com\/hu\/wp-json\/wp\/v2\/pages\/1983","targetHints":{"allow":["GET"]}}],"collection":[{"href":"https:\/\/psychedelischerweltraum.com\/hu\/wp-json\/wp\/v2\/pages"}],"about":[{"href":"https:\/\/psychedelischerweltraum.com\/hu\/wp-json\/wp\/v2\/types\/page"}],"author":[{"embeddable":true,"href":"https:\/\/psychedelischerweltraum.com\/hu\/wp-json\/wp\/v2\/users\/10"}],"replies":[{"embeddable":true,"href":"https:\/\/psychedelischerweltraum.com\/hu\/wp-json\/wp\/v2\/comments?post=1983"}],"version-history":[{"count":2,"href":"https:\/\/psychedelischerweltraum.com\/hu\/wp-json\/wp\/v2\/pages\/1983\/revisions"}],"predecessor-version":[{"id":1987,"href":"https:\/\/psychedelischerweltraum.com\/hu\/wp-json\/wp\/v2\/pages\/1983\/revisions\/1987"}],"wp:attachment":[{"href":"https:\/\/psychedelischerweltraum.com\/hu\/wp-json\/wp\/v2\/media?parent=1983"}],"curies":[{"name":"wp","href":"https:\/\/api.w.org\/{rel}","templated":true}]}}