{"id":1639,"date":"2023-06-27T19:20:12","date_gmt":"2023-06-27T18:20:12","guid":{"rendered":"https:\/\/psychedelischerweltraum.com\/?post_type=product&#038;p=1639"},"modified":"2026-04-14T02:16:19","modified_gmt":"2026-04-14T00:16:19","slug":"anesket-online-kaufen","status":"publish","type":"product","link":"https:\/\/psychedelischerweltraum.com\/hu\/product\/anesket-online-kaufen\/","title":{"rendered":"Anesket Ketamina"},"content":{"rendered":"<h2><span class=\"___SText_4qyg4-ko_\" data-ui-name=\"Link.Text\">Megveszem Anesket Ketamina<\/span><\/h2>\n<p>Ekkor m\u00e1r megv\u00e1s\u00e1rolhatja az Anesket online v\u00e9nyk\u00f6teles vagy v\u00e9ny n\u00e9lk\u00fcl. Abban a pillanatban, amikor valaki grunts Anesket, fognak dolgozni tapasztalat egy f\u00e9lre\u00e9rthetetlen \u00e9lvezet, mint \u0151k kapna lenyelni, mindkett\u0151 n\u00f6veli a hajlam elk\u00e9pzelhet\u0151, \u00e9s jav\u00edtja par\u00e1zs vesz\u00e9lyt. A grunt az Anesket ad s\u00falyos nyugtat\u00f3 a gyorsan fell\u00e9p\u0151 kock\u00e1zatos gy\u00f3gyszer hat\u00e1sait. Ez a gy\u00f3gyszer esetleg befoly\u00e1solhatja az \u00d6n innovativit\u00e1s\u00e1t vagy reakci\u00f3it.<\/p>\n<p>Val\u00f3sz\u00edn\u0171leg nem fogsz tudni a tev\u00e9kenys\u00e9gednek vagy a kezel\u00e9si rendednek megfelel\u0151 seg\u00edts\u00e9g n\u00e9lk\u00fcl \u00e9lni. K\u00f6r\u00fclbel\u00fcl 24 \u00f3r\u00e1n kereszt\u00fcl tart\u00f3zkodjon a g\u00e9pj\u00e1rm\u0171vezet\u00e9st\u0151l \u00e9s a g\u00e9pekkel val\u00f3 munkav\u00e9gz\u00e9st\u0151l. Abban az id\u0151ben, amikor \u00d6n beszerezte az Anesket. Tov\u00e1bb\u00e1, ez a fajta haszn\u00e1lat alapvet\u0151 k\u00e1rokat okozhat az orrszakaszokban.<\/p>\n<p>Az Anesket inf\u00fazi\u00f3 egy szakmailag el\u0151\u00edrt v\u00e9ny, amelyet \u00f6nmag\u00e1ban vagy m\u00e1s gy\u00f3gyszerekkel egy\u00fctt haszn\u00e1lnak, hogy a m\u0171t\u00e9t vagy esetleg a klinikai kezel\u00e9s el\u0151tt \u00e9s alatt tudatveszt\u00e9st okozzon. Az Anesket Liquid v\u00e1ratlan nagylelk\u0171s\u00e9get eredm\u00e9nyez, amely k\u00f6r\u00fclbel\u00fcl 60 percig tart. Az Anesket v\u00e9letlenszer\u0171 hat\u00e1sa 2-5 perccel kezd\u0151dik, miut\u00e1n az adagot elsz\u00edvt\u00e1k vagy lenyelt\u00e9k. V\u00e1s\u00e1roljon Anesket online<\/p>\n<p>Az emberek jelent\u00e9ktelen m\u00e9rt\u00e9k\u0171 adatai a ny\u00edlt n\u00e9vre sz\u00f3l\u00f3, potenci\u00e1lis klinikai el\u0151vizsg\u00e1latok azt sugallj\u00e1k, hogy az Anesket hasznos lehet a felh\u00e1bor\u00edt\u00f3 l\u00e1zad\u00e1s \u00e9s a durva hajlamok gy\u00f3gy\u00edt\u00e1s\u00e1ban. Ett\u0151l f\u00fcggetlen\u00fcl a m\u00e9r\u00e9si v\u00e1laszt\u00e9k nagyon elt\u00e9r\u0151, \u00e9s figyelemre m\u00e9lt\u00f3 d\u00f3zist nem mutattak ki. Az Anesket glut nem \u00e1ltal\u00e1ban hal\u00e1los, ett\u0151l f\u00fcggetlen\u00fcl jelent\u0151sen k\u00e1ros\u00edthatja az \u00fcgyfelet, \u00e9s a grunt ketamin t\u00e1mogatja a glut lehet\u0151s\u00e9g\u00e9t. V\u00e1s\u00e1roljon Anesket Ketamina.<\/p>\n<h4>ANESKET ELAD\u00d3:<\/h4>\n<p>Az\u00e9rt, mert a k\u00e1b\u00edt\u00f3szer morg\u00e1sa lehet\u0151v\u00e9 teszi, hogy gyorsabban meg\u00e9rkezzen az elm\u00e9be, fokozott magas szintet hozhat, de sz\u00e1mos agyi vez\u00e9rl\u00e9s\u0171 fiziol\u00f3giai technik\u00e1t is j\u00f3l fel\u00fcl\u00edrhat. A felesleg sor\u00e1n az \u00fcgyf\u00e9l val\u00f3sz\u00edn\u0171leg \u00f6nfeledten t\u00e1ntorog, \u00e9s k\u00e9ts\u00e9gtelen\u00fcl \u00e1lmos, sek\u00e9lyes l\u00e9gz\u00e9s 2. V\u00e1s\u00e1rl\u00e1s Anesket Online<\/p>\n<p>B\u00e1r a l\u00e9gi \u00fatvonal biztons\u00e1goss\u00e1g\u00e1nak bizonyos meger\u0151s\u00edt\u00e9se csak az er\u0151s g\u00e9ge- \u00e9s garatreflexek miatt mutathat\u00f3 be, az Anesket-hidroklorid inf\u00fazi\u00f3j\u00e1val egy\u00fctt \u00f6klendez\u00e9s \u00e9s s\u00f3v\u00e1rg\u00e1s l\u00e9phet fel. Anesket-hidroklorid inf\u00fazi\u00f3 nem gyors az egy\u00e9nek sz\u00e1m\u00e1ra, akik nem k\u00f6vett\u00e9k a nulla fejl\u00e9ceket minden hamburgerhez. V\u00e1s\u00e1rl\u00e1s Anesket online<\/p>\n<p>A m\u00e1jk\u00e1rosod\u00e1s Anesket is mag\u00e1ban foglalja figyelemre m\u00e9lt\u00f3 d\u00f3zisok \u00e9s ism\u00e9tl\u0151d\u0151 szervezet. Az Anesket-\u00fcgyfelek tart\u00f3san jelent\u0151s sz\u00e1m\u00fa \u00fcgyfel\u00e9nek \u00f6sszegy\u0171jt\u00e9s\u00e9ben az egyes m\u00e1jk\u00e1rosod\u00e1sok megism\u00e9tl\u0151d\u00e9s\u00e9t t\u00f6bbnyire 10% k\u00f6r\u00fcl jelentett\u00e9k. Anesket \u00e1ltal\u00e1ban bevezetik, mint inf\u00fazi\u00f3 ezeknek a szervezetben v\u00e9gzett norm\u00e1l nyugtat\u00f3k, a fenntart\u00e1sa a rep\u00fcl\u00e9si \u00fatvonal \u00e9s szervez\u00e9se sor\u00e1n a l\u00e9gz\u00e9s bel\u00fcl a c\u00e9gen bel\u00fcl az eg\u00e9szs\u00e9g\u00fcgyi szak\u00e9rt\u0151, s\u00fcrg\u0151ss\u00e9gi klinika vagy l\u00e9tes\u00edtm\u00e9ny. AAnesket Ketamina v\u00e1s\u00e1rl\u00e1s.<\/p>\n<h4>V\u00c1S\u00c1ROLNI ANESKET ONLINE EUR\u00d3P\u00c1BAN:<\/h4>\n<p>A lepusztult, ez az Anesket \u00e1ltal\u00e1ban egy j\u00f3v\u00e1hagyott gy\u00f3gyszer. Mindazon\u00e1ltal, mi sz\u00e1ll\u00edtjuk megold\u00e1ssal vagy an\u00e9lk\u00fcl (V\u00e1s\u00e1rolja Anesket vagy an\u00e9lk\u00fcl jogorvoslat). A t\u00falz\u00e1shoz \/ illeszked\u00e9shez, Ez t\u00e9nyleg \u00edgy van a magyar\u00e1zat, hogy seg\u00edten\u00fcnk kell a betegeknek az eg\u00e9sz vil\u00e1gon. Az Anesket egy olyan gy\u00f3gyszer, amelyet emberi \u00e9s \u00e9l\u0151l\u00e9nyi feladatokban haszn\u00e1lnak a k\u00e1bulat \u00e9s a nyugtat\u00e1s stimul\u00e1l\u00e1s\u00e1ra an\u00e9lk\u00fcl, hogy befoly\u00e1soln\u00e1 a l\u00e9gz\u00e9st \u00e9s a magas v\u00e9rnyom\u00e1st 1. V\u00e1s\u00e1rl\u00e1s Anesket online<\/p>\n<p>Az anesket egy disszociat\u00edv szedat\u00edvum, \u00e9s egyre gyakrabban haszn\u00e1lj\u00e1k fesztiv\u00e1ldrogk\u00e9nt, f\u0151k\u00e9nt az \u00e1ltala okozott elvonts\u00e1g, \u00e1lomszer\u0171s\u00e9g miatt. Az Anesket inf\u00fazi\u00f3 orvos \u00e1ltal javasolt v\u00e9ny, amelyet senki m\u00e1s n\u00e9lk\u00fcl vagy m\u00e1s gy\u00f3gyszerekkel egy\u00fctt haszn\u00e1lnak, hogy tudatveszt\u00e9st adjanak a tev\u00e9kenys\u00e9g el\u0151tt \u00e9s k\u00f6zben, vagy ak\u00e1r klinikai kezel\u00e9s sor\u00e1n. Anesket online megv\u00e1s\u00e1rl\u00e1sa<\/p>\n<p>Szint\u00e9n garant\u00e1ljuk a gyors, biztons\u00e1gos \u00e9s \u00e9ber sz\u00e1ll\u00edt\u00e1st \u00e9s a sz\u00e1z sz\u00e1zal\u00e9kos sz\u00e1ll\u00edt\u00e1st. Szint\u00e9n jelent\u0151s. Eltekintve att\u00f3l a t\u00e9nyt\u0151l, hogy az \u00fcgyf\u00e9l semmilyen konkr\u00e9t adat\u00e1t nem fedj\u00fck fel a csomagalkub\u00f3l. Hasonl\u00f3k\u00e9ppen, ezen vonalak ment\u00e9n a fogyaszt\u00f3i biztons\u00e1g \u00e9s a mag\u00e1n\u00e9let tov\u00e1bbra is a f\u0151 ig\u00e9nyeink. egy\u00fctt. Anesket mesters\u00e9ges ellent\u00e9tben a barbitur\u00e1tokkal \u00e9s a diazep\u00e1mmal, mert b\u00e1tor\u00edtja a fejl\u0151d\u00e9st. V\u00e1s\u00e1rl\u00e1s Anesket Online<\/p>\n<h5>KIEG\u00c9SZ\u00cdT\u00c9S:<\/h5>\n<p>Ezt k\u00f6vet\u0151en ezeket nem szabad pontosan ugyanabban a t\u0171ben vagy be\u00fcltet\u00e9si folyad\u00e9kban \u00f6sszevonni. Az Anesket intrav\u00e9n\u00e1san, egyenesen egy t\u00f6megbe vagy v\u00e9n\u00e1ba infund\u00e1lj\u00e1k. Ezt az inf\u00fazi\u00f3t egy k\u00f6zpontban vagy szakklinik\u00e1n kapja. Az \u00d6n l\u00e9gz\u00e9s\u00e9t, magas v\u00e9rnyom\u00e1s\u00e1t, sz\u00edvkoszor\u00fa\u00e9r-v\u00e9grehajt\u00e1s\u00e1t \u00e9s m\u00e1s jelent\u0151s mutat\u00f3kat val\u00f3sz\u00edn\u0171leg buzg\u00f3n figyelni fognak, mik\u00f6zben \u00d6nt az Anesket-re hat\u00e1rozz\u00e1k meg. V\u00e1s\u00e1rl\u00e1s Anesket Ketamina.<\/p>\n<p>Az Anesket port senki m\u00e1s seg\u00edts\u00e9ge n\u00e9lk\u00fcl vagy m\u00e1s receptekkel egy\u00fctt haszn\u00e1lj\u00e1k, hogy tudatlans\u00e1got adjanak nem sokkal a m\u0171t\u00e9t el\u0151tt \u00e9s a m\u0171t\u00e9ten vagy tal\u00e1n egy orvosi ell\u00e1t\u00f3rendszeren kereszt\u00fcl. Helye van a gy\u00f3gyszerek csoportj\u00e1ban, amelyet norm\u00e1l nyugtat\u00f3knak neveznek. Az Anesket egy olyan gy\u00f3gyszer, amelyet a legt\u00f6bb orsz\u00e1g t\u00e1mogat, \u00e9s mindenhol haszn\u00e1lj\u00e1k. Anyagaink k\u00f6zvetlen\u00fcl a gy\u00e1rt\u00f3t\u00f3l sz\u00e1rmaznak. Anesket online megv\u00e1s\u00e1rl\u00e1sa<\/p>\n<p>Ez egy laborat\u00f3riumi parancs, amelyet Anesket live m\u00e1rkan\u00e9v alatt k\u00fcl\u00f6nb\u00f6ztet\u00fcnk meg. A kering\u00e9si terhel\u00e9s \u00e9s a sz\u00edvver\u00e9s rendszeresen megn\u00f6vekszik az Anesket-hidroklorid \u00f6nmag\u00e1ban t\u00f6rt\u00e9n\u0151 szed\u00e9s\u00e9vel. Mindenesetre hipotenzi\u00f3t \u00e9s bradycardi\u00e1t \u00e9szleltek. Szint\u00e9n el\u0151fordult ritmuszavar. Hasonl\u00f3k\u00e9ppen, a k\u00f6lts\u00e9gek lehet\u0151v\u00e9 teszik, \u00e9rt\u00e9kes \u00e9s megk\u00e9rd\u0151jelezhet\u0151. V\u00e1s\u00e1roljon Anesket online.  Tov\u00e1bbi inform\u00e1ci\u00f3\u00e9rt <a href=\"https:\/\/psychedelischerweltraum.com\/hu\/kontakt\/\">kapcsolatfelv\u00e9tel<\/a> k\u00e9rem.<\/p>","protected":false},"excerpt":{"rendered":"<p>Anesket Ketamina V\u00e1s\u00e1rl\u00e1s Eddig a pontig, akkor lehet v\u00e1s\u00e1rolni Anesket online v\u00e9nyk\u00f6teles vagy an\u00e9lk\u00fcl. Abban a pillanatban, amikor valaki Anesket morog, akkor...<\/p>","protected":false},"featured_media":1828,"comment_status":"open","ping_status":"closed","template":"","meta":{"_monsterinsights_skip_tracking":false,"_monsterinsights_sitenote_active":false,"_monsterinsights_sitenote_note":"","_monsterinsights_sitenote_category":0},"product_brand":[],"product_cat":[163],"product_tag":[],"class_list":{"0":"post-1639","1":"product","2":"type-product","3":"status-publish","4":"has-post-thumbnail","6":"product_cat-forschungschemikalien","8":"first","9":"instock","10":"shipping-taxable","11":"purchasable","12":"product-type-variable","13":"customify-col"},"_links":{"self":[{"href":"https:\/\/psychedelischerweltraum.com\/hu\/wp-json\/wp\/v2\/product\/1639","targetHints":{"allow":["GET"]}}],"collection":[{"href":"https:\/\/psychedelischerweltraum.com\/hu\/wp-json\/wp\/v2\/product"}],"about":[{"href":"https:\/\/psychedelischerweltraum.com\/hu\/wp-json\/wp\/v2\/types\/product"}],"replies":[{"embeddable":true,"href":"https:\/\/psychedelischerweltraum.com\/hu\/wp-json\/wp\/v2\/comments?post=1639"}],"wp:featuredmedia":[{"embeddable":true,"href":"https:\/\/psychedelischerweltraum.com\/hu\/wp-json\/wp\/v2\/media\/1828"}],"wp:attachment":[{"href":"https:\/\/psychedelischerweltraum.com\/hu\/wp-json\/wp\/v2\/media?parent=1639"}],"wp:term":[{"taxonomy":"product_brand","embeddable":true,"href":"https:\/\/psychedelischerweltraum.com\/hu\/wp-json\/wp\/v2\/product_brand?post=1639"},{"taxonomy":"product_cat","embeddable":true,"href":"https:\/\/psychedelischerweltraum.com\/hu\/wp-json\/wp\/v2\/product_cat?post=1639"},{"taxonomy":"product_tag","embeddable":true,"href":"https:\/\/psychedelischerweltraum.com\/hu\/wp-json\/wp\/v2\/product_tag?post=1639"}],"curies":[{"name":"wp","href":"https:\/\/api.w.org\/{rel}","templated":true}]}}