{"id":1729,"date":"2023-06-27T19:20:43","date_gmt":"2023-06-27T18:20:43","guid":{"rendered":"https:\/\/psychedelischerweltraum.com\/?post_type=product&#038;p=1729"},"modified":"2026-03-29T16:36:22","modified_gmt":"2026-03-29T14:36:22","slug":"kaliumzyanid-kaufen","status":"publish","type":"product","link":"https:\/\/psychedelischerweltraum.com\/hu\/product\/kaliumzyanid-kaufen\/","title":{"rendered":"K\u00e1lium-cianid"},"content":{"rendered":"<h3><span class=\"___SText_4qyg4-ko_\" data-ui-name=\"Link.Text\">V\u00e1s\u00e1roljon k\u00e1lium-cianidot<\/span><\/h3>\n<p>Ennek ellen\u00e9re kiv\u00e1l\u00f3 min\u0151s\u00e9g\u0171, tiszta <a href=\"https:\/\/de.wikipedia.org\/wiki\/Kaliumcyanid\" target=\"_blank\" rel=\"noopener\">K\u00e1lium-cianid<\/a> nagyon kedvez\u0151 \u00e1ron elad\u00f3. A k\u00e1lium-cianidot gyakran haszn\u00e1lj\u00e1k a KCN strat\u00e9gi\u00e1val egy\u00fctt. Ez a zavaros, \u00fcvegszer\u0171, cukorhoz hasonl\u00f3 megjelen\u00e9s\u0171 s\u00f3 er\u0151s old\u00f3szer az iv\u00f3v\u00edzben. A k\u00e1lium-cianid er\u0151s hordozhat\u00f3 l\u00e9gz\u00e9sg\u00e1tl\u00f3, amely a mitokondri\u00e1lis citokr\u00f3m c oxid\u00e1zra hatva g\u00e1tolja az oxidat\u00edv foszforil\u00e1ci\u00f3t. Az anaerob em\u00e9szt\u00e9s k\u00f6vetkezt\u00e9ben ezut\u00e1n tejsavas acid\u00f3zis l\u00e9p fel.<\/p>\n<p>A s\u00falyos cianidk\u00e1rosod\u00e1s kezdetben s\u00f6t\u00e9tv\u00f6r\u00f6s vagy v\u00f6r\u00f6ses elsz\u00ednez\u0151d\u00e9shez vezet a s\u00e9r\u00fcltn\u00e9l, mivel a sz\u00f6vetek nem tudj\u00e1k hasznos\u00edtani a v\u00e9rben l\u00e9v\u0151 oxig\u00e9nt. A k\u00e1lium-cianid \u00e9s a n\u00e1trium-cianid hat\u00e1sa azonos, \u00e9s a s\u00e9r\u00fcl\u00e9s t\u00fcnetei \u00e1ltal\u00e1ban az anyag lenyel\u00e9s\u00e9t k\u00f6vet\u0151 n\u00e9h\u00e1ny percen bel\u00fcl jelentkeznek: A szem\u00e9ly el\u00e1jul, \u00e9s v\u00e9g\u00fcl az agyhal\u00e1l k\u00f6vetkezik. A doh\u00e1nyf\u00fcst cianidot tartalmaz, ak\u00e1rcsak a hamis\u00edtott term\u00e9kek, p\u00e9ld\u00e1ul a m\u0171anyagok \u00e9g\u00e9si eredm\u00e9nye. Elad\u00f3 k\u00e1lium-cianid<\/p>\n<p>A ci\u00e1n nagyon n\u00e9pszer\u0171 a pap\u00edr, a sz\u00f6vetek \u00e9s a m\u0171anyagok gy\u00e1rt\u00e1s\u00e1ban. Jelenleg a f\u00e9nyk\u00e9pek k\u00e9sz\u00edt\u00e9s\u00e9hez haszn\u00e1lt \u00e9s intenz\u00edvebb\u00e9 tev\u0151 anyagban haszn\u00e1lj\u00e1k. A koh\u00e1szatban a cianids\u00f3kat galvaniz\u00e1l\u00e1shoz, f\u00e9mtiszt\u00edt\u00e1shoz \u00e9s az arany elt\u00e1vol\u00edt\u00e1s\u00e1hoz haszn\u00e1lj\u00e1k. Ez id\u0151 alatt az \u00e1ldozat g\u00f6rcs\u00f6ket szenvedhet. A hal\u00e1los \u00e1ldozatok sz\u00e1ma az agyi hipoxia miatt k\u00f6vetkezik be. A k\u00e1lium-cianid beszerz\u00e9se szinte lehetetlen, b\u00e1r a Tranquil Tablet Handbook vitaf\u00f3rum\u00e1ban volt egy jelent\u00e9s arr\u00f3l, hogy K\u00edn\u00e1b\u00f3l k\u00e1lium-cianidot \u00e1rulnak. V\u00e1s\u00e1roljon k\u00e1lium-cianidot<\/p>\n<h4>V\u00c1S\u00c1ROLNI K\u00c1LIUM-CIANID ONLINE<\/h4>\n<p>A k\u00e1lium-cianid rendk\u00edv\u00fcl m\u00e9rgez\u0151. A hidrol\u00edzis sor\u00e1n a nedves ist\u00e1ll\u00f3kban cianhidrog\u00e9nsav keletkezik, amelynek kellemetlen mandula\u00edze van. \u00d6sszess\u00e9g\u00e9ben nem mindenkinek van lehet\u0151s\u00e9ge ezt megtapasztalni. Azok az emberek, akik kis mennyis\u00e9g\u0171 ci\u00e1nhidrog\u00e9nnek vannak kit\u00e9ve a bel\u00e9legz\u00e9s\u00e9vel, a b\u0151r\u00fck\u00f6n tart\u00e1s\u00e1val vagy a ci\u00e1nhidrog\u00e9nt tartalmaz\u00f3 \u00e9lelmiszerek fogyaszt\u00e1s\u00e1val, \u00e1ltal\u00e1ban \u00e9s n\u00e9h\u00e1ny percen bel\u00fcl az al\u00e1bbi t\u00fcnetek valamelyik\u00e9t tapasztalhatj\u00e1k: Sz\u00e9d\u00fcl\u00e9s, fejf\u00e1j\u00e1s, h\u00e1ny\u00e1s \u00e9s h\u00e1nyinger, szapora bel\u00e9gz\u00e9s, szapora sz\u00edvver\u00e9s, nyugtalans\u00e1g, gyenges\u00e9g\u00e9rzet. V\u00e1s\u00e1roljon k\u00e1lium-cianidot<\/p>\n<p>Az intenz\u00edv cianidbevitel nagy val\u00f3sz\u00edn\u0171s\u00e9ggel fantasztikus, gyors lefoly\u00e1s\u00fa, a zsigerekre azonnal hat\u00f3, v\u00e1ratlan \u00f6sszeoml\u00e1st, g\u00f6rcsrohamot vagy sz\u00e9ls\u0151s\u00e9ges letargi\u00e1t okoz. A lenyel\u00e9sb\u0151l sz\u00e1rmaz\u00f3 tart\u00f3s k\u00e1rosod\u00e1s vagy a biol\u00f3giai rendszerben bek\u00f6vetkez\u0151 k\u00e1rosod\u00e1s fokozatosabban kezd\u0151dik. A k\u00e1lium-cianid tablett\u00e1k hal\u00e1los d\u00f3zisa (ember) 200-300 mg. A toxicit\u00e1s\u00e1t lenyel\u00e9s eset\u00e9n a gyomor hevess\u00e9ge hat\u00e1rozza meg, mivel mar\u00f3szerrel hidrog\u00e9n-cianidd\u00e1 kell reag\u00e1lnia, a cianid hal\u00e1los strat\u00e9gi\u00e1j\u00e1ra. V\u00e1s\u00e1roljon k\u00e1lium-cianidot<\/p>\n<p>Nem t\u00e9vesztj\u00fck \u00f6ssze a csomagol\u00e1sunkat a jelent\u0151s csomagol\u00e1st azzal, hogy k\u00fcl\u00f6n\u00f6sen b\u00e1joss\u00e1 vagy bonyolultt\u00e1 tessz\u00fck. Tudjuk, hogy a legt\u00f6bb v\u00e1s\u00e1rl\u00f3nak egyszer\u0171en csak kiv\u00e1l\u00f3 min\u0151s\u00e9g\u0171 tablett\u00e1kra van sz\u00fcks\u00e9ge, \u00e9s a csomagol\u00e1sunkat \u00fagy tervezt\u00fck, hogy megv\u00e9dje a befektet\u00e9s\u00e9t. A k\u00e1lium-cianidot a projektekben a tervezett felhaszn\u00e1l\u00e1st\u00f3l f\u00fcgg\u0151en k\u00fcl\u00f6nb\u00f6z\u0151 m\u00f3don lehet elk\u00e9sz\u00edteni. Megb\u00edzhat\u00f3 szervezetk\u00e9nt \u00e9s k\u00e1lium-cianid besz\u00e1ll\u00edt\u00f3k\u00e9nt 99,8 % tiszta KCN-t (k\u00e1lium-cianid) k\u00edn\u00e1lunk, amely magas \u00e9letk\u00e9pess\u00e9g\u00e9r\u0151l ismert. V\u00e1s\u00e1roljon k\u00e1lium-cianidot<\/p>\n<h4>ONLINE ELAD\u00d3 K\u00c1LIUM-CIANID:<\/h4>\n<p>Jelenleg korl\u00e1tlan mennyis\u00e9g\u0171, kiv\u00e1l\u00f3 min\u0151s\u00e9g\u0171 k\u00e1lium-cianiddal rendelkez\u00fcnk a legkedvez\u0151bb \u00e1ron. A n\u00e1trium-cianidhoz hasonl\u00f3an a k\u00e1lium-cianid is rendk\u00edv\u00fcl puszt\u00edt\u00f3 hat\u00e1s\u00fa, tagadhatatlanul m\u00e9rgez\u0151 \u00e9s m\u00e1r a legkisebb mennyis\u00e9gben is gyorsan hat. A k\u00e1lium-cianidnak szil\u00e1rd form\u00e1ban val\u00f3 kitetts\u00e9g rendk\u00edv\u00fcl vesz\u00e9lyes lehet, mivel lassan m\u00e9rgez\u0151 g\u00e1zokat bocs\u00e1t ki a leveg\u0151be, amelyek bel\u00e9gz\u00e9ssel elpuszt\u00edtj\u00e1k az embert. V\u00e1s\u00e1roljon k\u00e1lium-cianidot<\/p>\n<p>A k\u00e1lium-cianidot gazdas\u00e1gosan \u00fagy \u00e1ll\u00edtj\u00e1k el\u0151, hogy a hidrog\u00e9n-cianidot foly\u00e9kony p\u00e1ccal reag\u00e1ltatj\u00e1k, a vizet elt\u00e1vol\u00edtj\u00e1k, \u00e9s eg\u00e9szs\u00e9ges k\u00e1lium-cianidot \u00e1ll\u00edtanak el\u0151. A cianid gyakran hal\u00e1los anyag, amely lenyel\u00e9se eset\u00e9n hal\u00e1los lehet. Ha r\u00e1keres az interneten a cianidra, el\u00e9g sokat megtudhat. Fontos, hogy minden \u00e9rintett egyet\u00e9rt abban, hogy a strat\u00e9gi\u00e1ja z\u00f6kken\u0151mentesen m\u0171k\u00f6dik. V\u00e1s\u00e1roljon k\u00e1lium-cianidot<\/p>\n<p>A k\u00e1lium-cianid tabletta egy massz\u00edvan k\u00e1ros vegy\u00fclet, amely sz\u00e1mos anyagcsere-strat\u00e9gia g\u00e1tl\u00f3ja, \u00e9s k\u00fcl\u00f6n\u00f6sen a kemoreceptorok vizualiz\u00e1l\u00e1s\u00e1hoz haszn\u00e1lt \u00e9rt\u00e9kel\u0151 reagens. Rendk\u00edv\u00fcl old\u00f3 tulajdons\u00e1ga miatt a galvaniz\u00e1l\u00e1sban \u00e9s az aranyb\u00e1ny\u00e1szatban haszn\u00e1lj\u00e1k. Ezenk\u00edv\u00fcl nagylelk\u0171 adom\u00e1nyoz\u00f3inknak kedvez\u0151 \u00e1ron biztos\u00edtjuk a k\u00e1lium-cianidot. Az al\u00e1bbiakban felsoroljuk a term\u00e9k\u00fcnkben rejl\u0151 lehet\u0151s\u00e9geket. Feh\u00e9r vagy g\u0151z\u00f6lg\u0151, \u00e1ttetsz\u0151 anyag, enyhe mandulaillattal (a cianid r\u00e9szecsk\u00e9k miatt). V\u00e1s\u00e1roljon k\u00e1lium-cianidot<\/p>\n<h4>K\u00c1LIUM-CIANID POR ELAD\u00d3:<\/h4>\n<p>Vastags\u00e1ga 1,52 g\/ml, 634,5 \u00b0C-os cseppfoly\u00f3s\u00edt\u00e1si h\u0151m\u00e9rs\u00e9klet ellen\u00e9re. A ci\u00e1n rendk\u00edv\u00fcl m\u00e9rgez\u0151, \u00e9s csak egyszeri gyors, hat\u00e9kony, egyszer\u0171 \u00e9s b\u00e9k\u00e9s \u00f6l\u00e9sre szabad haszn\u00e1lni. A ci\u00e1nt hal\u00e1los tart\u00e1lyk\u00e9nt vagy hal\u00e1los tablettak\u00e9nt is ismerik. A k\u00e1lium-cianid egy rendk\u00edv\u00fcl m\u00e9rgez\u0151 vegy\u00fclet, amelyet gyors \u00e9s hat\u00e9kony kiv\u00e9gz\u00e9sre haszn\u00e1lnak. A hal\u00e1szatban is haszn\u00e1lt\u00e1k a halak meg\u00f6l\u00e9s\u00e9re, majd a v\u00edzb\u0151l val\u00f3 kiemel\u00e9s\u00e9re, amely m\u00f3dszer ma m\u00e1r illeg\u00e1lis a felismerhet\u0151 \u00f6sszetev\u0151k miatt. V\u00e1s\u00e1roljon k\u00e1lium-cianidot<\/p>\n<p>A k\u00e1lium-cianid m\u00e1sik magyar\u00e1zata az arany \u00fajrafelhaszn\u00e1l\u00e1sa. Tudom\u00e1nyos szak\u00e9rt\u0151k\u00e9nt k\u00e9nytelen vagyok r\u00e1mutatni, hogy az els\u0151 javasolt strat\u00e9gia nem fog tiszta k\u00e1lium-cianidot eredm\u00e9nyezni. A felhaszn\u00e1lt reagensek sz\u00e1m\u00e1t\u00f3l f\u00fcgg\u0151en m\u00e9g mindig jelent\u0151s k\u00e1lium-hidroxid elsz\u00ednez\u0151d\u00e9s lesz. A k\u00e1lium-cianid m\u00e1sik c\u00e9lpontja az ac\u00e9lhullad\u00e9kb\u00f3l sz\u00e1rmaz\u00f3 arany \u00e9s ez\u00fcst \u00fajrahasznos\u00edt\u00e1sa, ami a cianidok fent eml\u00edtett m\u00e9rgez\u0151 hat\u00e1sa miatt hevesen vitatott t\u00e9ma. F\u0151 alkalmaz\u00e1si ter\u00fcletei a rendszeres \u00e9s term\u00e9szetes kever\u00e9s, valamint sz\u00e1mos fontos anyag, m\u0171anyag \u00e9s enged\u00e9lyezett gy\u00f3gyszer el\u0151\u00e1ll\u00edt\u00e1sa. V\u00e1s\u00e1roljon k\u00e1lium-cianidot<\/p>\n<p>A cianid okozta hal\u00e1lr\u00f3l is vannak k\u00fcl\u00f6nb\u00f6z\u0151 tanulm\u00e1nyok. Ez egy stabil vegy\u00fcletb\u0151l (KOH) \u00e9s egy gyenge mar\u00f3szerb\u0151l (HCN) \u00e1ll\u00edthat\u00f3 el\u0151. Val\u00f3j\u00e1ban arany, ez\u00fcst \u00e9s m\u00e1s f\u00e9mek kivon\u00e1s\u00e1ra haszn\u00e1lj\u00e1k. Ez az egyik olyan cianidt\u00edpus, amely a Castner-technik\u00e1t megel\u0151z\u0151 k\u00e1lium-ferrocianid boml\u00e1s\u00e1hoz kapcsol\u00f3dik. V\u00e1s\u00e1roljon k\u00e1lium-cianidot<\/p>\n<h4>K\u00c1LIUM-CIANID TABLETT\u00c1K ELAD\u00d3:<\/h4>\n<p>A sz\u00edv egyens\u00falyhi\u00e1nya gyakori. A fok\u00e1lis l\u00e9gz\u00e9sle\u00e1ll\u00e1s hal\u00e1lhoz vezet. K\u00e9k ajkak, cs\u00f6kkent magas v\u00e9rnyom\u00e1s \u00e9s g\u00f6rcsrohamok a t\u00fcnetek. Azon \u00fcgyf\u00e9l\/c\u00e9lszem\u00e9ly eset\u00e9ben, aki nem mutatja a cianidm\u00e9rgez\u00e9s t\u00e9nyleges jeleit, a rendk\u00edv\u00fcl \u00f3vatos figyelem, a kieg\u00e9sz\u00edt\u0151 oxig\u00e9n \u00e9s az er\u0151s megfontol\u00e1s elegend\u0151 kezel\u00e9s lehet.<\/p>\n<p>A cianidm\u00e9rgez\u00e9s fizikai k\u00f6vetkezm\u00e9nyeit mutat\u00f3 \u00e9rintett szem\u00e9ly eredeti ter\u00e1pi\u00e1ja mag\u00e1ban foglalja a klinikai szak\u00e9rt\u0151 ir\u00e1ny\u00edt\u00e1s\u00e1val t\u00f6rt\u00e9n\u0151 kezel\u00e9sek megszervez\u00e9s\u00e9t, a l\u00e9gz\u00e9s- \u00e9s kering\u00e9sszab\u00e1lyoz\u00e1st (oxig\u00e9n \u00e9s intrav\u00e9n\u00e1s folyad\u00e9kok), a v\u00e9rben l\u00e9v\u0151 szintetikus egyenl\u0151tlen jelek megsz\u00fcntet\u00e9s\u00e9t \u00e9s a rohamok megfigyel\u00e9s\u00e9t. Ezen k\u00edv\u00fcl alkalmaz\u00e1st tal\u00e1l a hidantoinok kombin\u00e1ci\u00f3j\u00e1ban, amelyek jelent\u0151s hamis\u00edtott intermedierek lehetnek, amikor amm\u00f3nium-karbon\u00e1t jelenl\u00e9t\u00e9ben reakci\u00f3ba l\u00e9p egy karbonilvegy\u00fclettel, p\u00e9ld\u00e1ul aldehiddel vagy ketonokkal. Elad\u00f3 k\u00e1lium-cianid<\/p>\n<p>A benzaldehid \u00e9leszt\u0151 \u00e1ltal k\u00f6zvet\u00edtett \u00e1talakul\u00e1sa acetaldehidd\u00e9 igen meggy\u0151z\u0151, mivel ez az egyik els\u0151 mechanisztikailag jelent\u0151s mikrobi\u00e1lis v\u00e1ltoz\u00e1s, \u00e9s az \u00edgy keletkez\u0151 aciloidot most d-efedrinn\u00e9 szintetiz\u00e1lj\u00e1k. A k\u00e1lium-cianid kiv\u00e1l\u00f3 g\u00e1tl\u00f3ja a sejtl\u00e9gz\u00e9snek, a mitokondri\u00e1lis citokr\u00f3m c-oxid\u00e1zra hatva g\u00e1tolja az oxidat\u00edv foszforil\u00e1ci\u00f3t. Elad\u00f3 k\u00e1lium-cianid<\/p>\n<p>Az anaerob anyagcsere eredm\u00e9nyek\u00e9nt tejsavm\u00e9rgez\u00e9s l\u00e9p fel. Mivel a sz\u00f6vetek nem tudj\u00e1k hasznos\u00edtani a v\u00e9rben l\u00e9v\u0151 oxig\u00e9nt, a s\u00falyos cianidk\u00e1rosod\u00e1s kezdetben s\u00f6t\u00e9tv\u00f6r\u00f6s vagy r\u00f3zsasz\u00edn\u0171 megjelen\u00e9shez vezet az \u00e1ldozat belsej\u00e9ben. A cianid olyan tok, h\u00fcvely, ampulla vagy tabletta, amely egy hal\u00e1losan vesz\u00e9lyes vegy\u00fcletet tartalmaz, amely lenyel\u00e9skor rendk\u00edv\u00fcl m\u00e9rgez\u0151 hidrog\u00e9n-cianid g\u00e1zt szabad\u00edt fel. V\u00e1s\u00e1roljon k\u00e1lium-cianidot<\/p>\n<h5>KIEG\u00c9SZ\u00cdT\u0150 :<\/h5>\n<p>\u00c9s \u00fagy reag\u00e1l, hogy az eg\u00e9sz testet \u00e9s annak \u00e9rz\u00e9kszerveit, p\u00e9ld\u00e1ul az elm\u00e9t, a sz\u00edvet \u00e9s a k\u00f6zponti f\u00e9lelemprogramot aktiv\u00e1lja. Ennek eredm\u00e9nyek\u00e9ppen az \u00e1ldozat v\u00e9n\u00e1inak oxig\u00e9nfelv\u00e9tele korl\u00e1tozott, ami nyugodt \u00e9s nyugodt hal\u00e1lhoz vezet. 27 A gy\u00e1rt\u00e1si \u00e9rt\u00e9k tov\u00e1bbi bizony\u00edt\u00e9ka az \u00e9leszt\u0151 \u00e1ltal kiv\u00e1ltott aldehid (4a,b) fermentat\u00edvan felszabadul\u00f3 acetaldehiddel val\u00f3 feld\u00fasul\u00e1sa. V\u00e1s\u00e1roljon k\u00e1lium-cianidot<\/p>\n<p>A KCN egyenlet\u00e9vel egy\u00fctt a k\u00e1lium-cianid egy vegy\u00fclet. Ez a sz\u00e1raz, \u00fcvegszer\u0171 s\u00f3, amely megjelen\u00e9s\u00e9ben a cukorhoz hasonl\u00edt, gyorsan old\u00f3dik az iv\u00f3v\u00edzben. A KCN nagy r\u00e9sz\u00e9t az aranyb\u00e1ny\u00e1szatban, a szok\u00e1sos amalg\u00e1mia \u00e9s a galvaniz\u00e1l\u00e1s sor\u00e1n haszn\u00e1lj\u00e1k. Kisebb alkalmaz\u00e1sok k\u00f6z\u00e9 tartozik a galvaniz\u00e1l\u00e1s d\u00edsz\u00edt\u00e9se \u00e9s az illeszt\u00e9sek pol\u00edroz\u00e1sa. Ez expon\u00e1lja \u00e9s kem\u00e9ny\u00edti a k\u00e9pet, \u00edgy az kev\u00e9sb\u00e9 \u00e9rz\u00e9keny a k\u00edm\u00e9letes kezel\u00e9sre. Elad\u00f3 k\u00e1lium-cianid<\/p>\n<p>A mai fot\u00f3sok, akik v\u00edzzel locsolj\u00e1k a lemezeket, tal\u00e1n a kev\u00e9sb\u00e9 m\u00e9rgez\u0151 fix\u00e1l\u00f3szereket, p\u00e9ld\u00e1ul a n\u00e1trium-tioszulf\u00e1tot r\u00e9szes\u00edtik el\u0151nyben, de a KCN tov\u00e1bbra is n\u00e9pszer\u0171. K\u00e1lium-cianid term\u00e9kek A k\u00e1lium-cianid hal\u00e1los d\u00f3zisa 100-300 mg. Lenyel\u00e9skor toxicit\u00e1s\u00e1t a gyomor savass\u00e1ga hat\u00e1rozza meg, els\u0151sorban az\u00e9rt, mert mar\u00f3 anyagokkal kell reakci\u00f3ba l\u00e9pnie, hogy hidrog\u00e9n-cianidot, a legvesz\u00e9lyesebb cianidt\u00edpust k\u00e9pezzen. Tov\u00e1bbi inform\u00e1ci\u00f3k\u00e9rt <a href=\"https:\/\/psychedelischerweltraum.com\/hu\/kontakt\/\">kapcsolatfelv\u00e9tel<\/a> k\u00e9rem.<\/p>","protected":false},"excerpt":{"rendered":"<p>V\u00e1s\u00e1roljon k\u00e1lium-cianidot Mindazon\u00e1ltal kiv\u00e1l\u00f3 min\u0151s\u00e9g\u0171, tiszta k\u00e1lium-cianidot k\u00edn\u00e1lunk elad\u00e1sra nagyon kedvez\u0151 \u00e1ron. A k\u00e1lium-cianidot gyakran haszn\u00e1lj\u00e1k a KCN.... strat\u00e9gi\u00e1val egy\u00fctt.<\/p>","protected":false},"featured_media":1892,"comment_status":"open","ping_status":"closed","template":"","meta":{"_monsterinsights_skip_tracking":false,"_monsterinsights_sitenote_active":false,"_monsterinsights_sitenote_note":"","_monsterinsights_sitenote_category":0},"product_brand":[],"product_cat":[163],"product_tag":[],"class_list":{"0":"post-1729","1":"product","2":"type-product","3":"status-publish","4":"has-post-thumbnail","6":"product_cat-forschungschemikalien","8":"first","9":"instock","10":"shipping-taxable","11":"purchasable","12":"product-type-variable","13":"customify-col"},"_links":{"self":[{"href":"https:\/\/psychedelischerweltraum.com\/hu\/wp-json\/wp\/v2\/product\/1729","targetHints":{"allow":["GET"]}}],"collection":[{"href":"https:\/\/psychedelischerweltraum.com\/hu\/wp-json\/wp\/v2\/product"}],"about":[{"href":"https:\/\/psychedelischerweltraum.com\/hu\/wp-json\/wp\/v2\/types\/product"}],"replies":[{"embeddable":true,"href":"https:\/\/psychedelischerweltraum.com\/hu\/wp-json\/wp\/v2\/comments?post=1729"}],"wp:featuredmedia":[{"embeddable":true,"href":"https:\/\/psychedelischerweltraum.com\/hu\/wp-json\/wp\/v2\/media\/1892"}],"wp:attachment":[{"href":"https:\/\/psychedelischerweltraum.com\/hu\/wp-json\/wp\/v2\/media?parent=1729"}],"wp:term":[{"taxonomy":"product_brand","embeddable":true,"href":"https:\/\/psychedelischerweltraum.com\/hu\/wp-json\/wp\/v2\/product_brand?post=1729"},{"taxonomy":"product_cat","embeddable":true,"href":"https:\/\/psychedelischerweltraum.com\/hu\/wp-json\/wp\/v2\/product_cat?post=1729"},{"taxonomy":"product_tag","embeddable":true,"href":"https:\/\/psychedelischerweltraum.com\/hu\/wp-json\/wp\/v2\/product_tag?post=1729"}],"curies":[{"name":"wp","href":"https:\/\/api.w.org\/{rel}","templated":true}]}}