{"id":1752,"date":"2023-06-27T19:20:52","date_gmt":"2023-06-27T18:20:52","guid":{"rendered":"https:\/\/psychedelischerweltraum.com\/?post_type=product&#038;p=1752"},"modified":"2023-07-17T02:20:43","modified_gmt":"2023-07-17T01:20:43","slug":"ketamin-flussig","status":"publish","type":"product","link":"https:\/\/psychedelischerweltraum.com\/hu\/product\/ketamin-flussig\/","title":{"rendered":"Ketamin folyad\u00e9k 500mg\/10ml"},"content":{"rendered":"<h2>V\u00e1s\u00e1rl\u00e1s Ketamin folyad\u00e9k 500mg\/10ml<\/h2>\n<p>\u00c1ltal\u00e1noss\u00e1gban elmondhat\u00f3, hogy a tiszta ketamint foly\u00e9kony form\u00e1ban nagyon kedvez\u0151 \u00e1ron \u00e9rt\u00e9kes\u00edtj\u00fck, azaz ketamin foly\u00e9kony form\u00e1ban elad\u00f3. Gyorsan a vil\u00e1g legnagyobb ketamin sz\u00e1ll\u00edt\u00f3j\u00e1v\u00e1 v\u00e1ltunk kutat\u00e1si \u00e9s orvosi c\u00e9lokra. Ennek eredm\u00e9nyek\u00e9ppen ketamin foly\u00e9kony form\u00e1ban elad\u00f3. A ketamin foly\u00e9kony 50mg\/10ml gyorsan lehet\u0151v\u00e9 teszi, hogy az emberek tisztess\u00e9ges m\u00f3don orvosolj\u00e1k k\u00f6r\u00fclm\u00e9nyeiket, mik\u00f6zben felemelik a k\u00e9ts\u00e9gbees\u00e9s\u00fcket \u00e9s dolgoznak a hajlamukon. A ketamin foly\u00e9kony 50mg\/10 ml hidroklorid inf\u00fazi\u00f3 bizony\u00edtottan szed\u00e1ci\u00f3s felhaszn\u00e1l\u00e1ssal nem sokkal m\u00e1s tipikus nyugtat\u00f3 medi\u00e1torok szervez\u00e9se el\u0151tt. A ketamin foly\u00e9kony 50mg\/10 ml hidroklorid inf\u00fazi\u00f3 bizony\u00edtottan jav\u00edtja az alacsony potenci\u00e1l\u00fa szakemberek, p\u00e9ld\u00e1ul a dinitrog\u00e9n-oxid hat\u00e1s\u00e1t.<\/p>\n<p>K\u00e9t \u00f3ra alatt be tudtam fejezni a munk\u00e1t. Ha lehets\u00e9ges, ker\u00fclje ezeket a kezel\u00e9seket, vagy helyettes\u00edtse \u0151ket m\u00e1s gy\u00f3gyszerekkel. Ha nincs javul\u00e1s, a gy\u00f3gyszert nem szabad egy\u00fcttesen alkalmazni. Ha sz\u00fcks\u00e9ges, v\u00e1ltoztassa meg az adagol\u00e1st az aj\u00e1nlott hat\u00e1soknak megfelel\u0151en. Ezzel a m\u00f3dszerrel a folyad\u00e9kot sz\u00e9tv\u00e1logatj\u00e1k \u00e9s intramuszkul\u00e1risan \u00e9s intrav\u00e9n\u00e1san is beadj\u00e1k (ami sokkal kev\u00e9sb\u00e9 biztons\u00e1gos).<\/p>\n<p>Ennek a k\u00f6lcs\u00f6nhat\u00e1snak a hat\u00e1sa er\u0151sebb, mivel az \u00f6sszes hat\u00f3anyag v\u00e9g\u00fcl a v\u00e9r\u00e1ramba ker\u00fcl, szemben a lenyel\u00e9ssel t\u00f6rt\u00e9n\u0151 bead\u00e1ssal, ahol a hat\u00f3anyag egy r\u00e9sze az em\u00e9szt\u00e9si folyamat sor\u00e1n elv\u00e9sz. Ahogy a ketamin ter\u00e1pi\u00e1s alkalmaz\u00e1sa az 1970-es \u00e9vekben egyre n\u00e9pszer\u0171bb\u00e9 v\u00e1lt, a ketamint szabadid\u0151s drogk\u00e9nt is haszn\u00e1lt\u00e1k. Argent\u00edn\u00e1ban leg\u00e1lisan \u00e9s illeg\u00e1lisan is haszn\u00e1lt\u00e1k a visszaes\u00e9s kezel\u00e9s\u00e9ben, a new age miszticizmusban \u00e9s a nyomoz\u00e1sokban.<\/p>\n<p>Az 1970-es \u00e9s 1980-as \u00e9vekben egyre t\u00f6bb \u00e9s t\u00f6bb tesztalkalmaz\u00e1st v\u00e9geztek a Ketamin liquid 50mg\/10 ml-vel, \u00e9s k\u00fcl\u00f6nb\u00f6z\u0151 m\u00e1rkanevek alatt terjedtek el. Re\u00e1liss\u00e1 v\u00e1lt tart\u00e1lyok, porok, dr\u00e1gak\u00f6vek, tablett\u00e1k \u00e9s folyad\u00e9kok form\u00e1j\u00e1ban, valamint az utcai inf\u00fazi\u00f3 k\u00fcl\u00f6nb\u00f6z\u0151 lehet\u0151s\u00e9gei. A szakember a t\u00e1mogat\u00e1s megszervez\u00e9se miatt v\u00e1laszthatja az orrspray-t az intrav\u00e9n\u00e1s ketamin helyett.<\/p>\n<h4>V\u00c1S\u00c1ROLNI JOGI KETAMIN ONLINE:<\/h4>\n<p>Ne feledje, hogy f\u00fcggetlen\u00fcl att\u00f3l, hogy a Ketamin liquid 50mg\/10ml-t hogyan kezelik az \u00faton, nincsenek biztons\u00e1gos szintek a Ketamin liquid 50mg\/10ml nyugodt haszn\u00e1lat\u00e1hoz. Ennek a gy\u00f3gyszernek az orvosi fel\u00fcgyelet n\u00e9lk\u00fcli alkalmaz\u00e1sa testen k\u00edv\u00fcli probl\u00e9m\u00e1khoz vezethet, \u00e9s mindenk\u00e9ppen ker\u00fclni kell. \"Az orrl\u00e9gz\u00e9s nem gyorsabb \u00e9s nem is tart\u00f3sabb\" - \u00e1ll\u00edtja. Ketamin folyad\u00e9k elad\u00f3, Ketamin folyad\u00e9k.<\/p>\n<p>\"Az intrav\u00e9n\u00e1s ketamin biol\u00f3giai hozz\u00e1f\u00e9rhet\u0151s\u00e9ge miatt alkalmasabb, mint az intranaz\u00e1lis ketamin.\" Ketamin foly\u00e9kony 50mg\/10 ml Hossz\u00fa t\u00e1v\u00fa haszn\u00e1lat ut\u00e1n bizalom \u00e9s rezisztencia lehets\u00e9ges. A Ketamin liquid 50mg\/10 ml rendk\u00edv\u00fcl hossz\u00fa szed\u00e9s\u00e9nek abbahagy\u00e1sa ut\u00e1n az elvon\u00e1si zavar \u0151r\u00fclt alternat\u00edv\u00e1kkal tiszt\u00e1z\u00f3dik. Ennek k\u00f6vetkezt\u00e9ben a Ketamin liquid 50mg\/10 ml-t figyelmeztet\u00e9ssel kell ell\u00e1tni \u00e9s szab\u00e1lyozni kell.<\/p>\n<p>A kezel\u00e9s jelent\u0151sen fokozhatja a szimpatomimetikus hat\u00e1sokat; \u00f3vatoss\u00e1g porf\u00edri\u00e1ban vagy esetleg pajzsmirigybetegs\u00e9gben szenved\u0151 egy\u00e9nekn\u00e9l; a porf\u00edria \u00e9s a pajzsmirigybetegs\u00e9g vagy a pajzsmirigy kezel\u00e9se \u00e1ltal\u00e1nos ellenjavallatnak tekinthet\u0151. A ketamin \u00e1ltal kiv\u00e1ltott neurotoxicit\u00e1ssal kapcsolatos leg\u00fajabb kutat\u00e1sok a f\u0151eml\u0151s\u00f6kre \u00f6sszpontos\u00edtottak, mivel azok a r\u00e1gcs\u00e1l\u00f3kn\u00e1l megfelel\u0151bb modellt biztos\u00edtanak. Az egyik ilyen k\u00eds\u00e9rletben fiatal feln\u0151tt cinomolgus majmoknak naponta 50 mg\/10 ml ketamint adtak k\u00fcl\u00f6nb\u00f6z\u0151 id\u0151tartamokon kereszt\u00fcl, a szok\u00e1sos sportd\u00f3zisoknak megfelel\u0151en (1 mg\/kg intrav\u00e9n\u00e1san).<\/p>\n<p>A droghoz pillanatok alatt k\u00fcl\u00f6nb\u00f6z\u0151 anyagokat adtak hozz\u00e1, ami bizarr hat\u00e1sokat eredm\u00e9nyezett. A ketamin folyad\u00e9k 50mg\/10 ml kis d\u00f3zisban az alkoholos italokhoz hasonl\u00f3 g\u00e1tl\u00e1stalans\u00e1got okoz. Ez\u00e9rt haszn\u00e1lj\u00e1k gyakran partikon \u00e9s rave-partikon. Nagyobb d\u00f3zisok ellenkez\u0151 hat\u00e1st v\u00e1ltanak ki: szoci\u00e1lis elvon\u00e1st \u00e9s kiterjedt kommunik\u00e1ci\u00f3s k\u00e9ptelens\u00e9get.<\/p>\n<h4>KETAMIN FOLYAD\u00c9K ELAD\u00d3 ONLINE:<\/h4>\n<p>Az MDMA (delight), egy j\u00f3l ismert klubdrog, amely el\u0151sz\u00f6r az 1980-as \u00e9vek k\u00f6zep\u00e9n jelent meg, j\u00f3 p\u00e9lda erre. B\u00e1r a hat\u00e1sok nem hasonl\u00edthat\u00f3k \u00f6ssze, a ketamin liquid 50mg\/10ml-t gyakran a boldogs\u00e1g \u00e9rz\u00e9s\u00e9vel \u00e1br\u00e1zolj\u00e1k. A ketamin nyugtat\u00f3 tulajdons\u00e1gai miatt a besz\u00e9d elmos\u00f3dott\u00e1 v\u00e1lik, \u00e9s szinte lehetetlenn\u00e9 teszi a mozg\u00e1st. Emiatt a ketamin liquid 50mg\/10 ml-t gyakran randev\u00fa drogk\u00e9nt emlegetik. Ketamin foly\u00e9kony elad\u00f3<\/p>\n<p>Dr. Levine azt \u00e1ll\u00edtja, hogy a \"partidrogk\u00e9nt\" haszn\u00e1lt ketamin liquid 50mg\/10ml f\u00fcgg\u0151s\u00e9g\u00e9nek lehet\u0151s\u00e9ge egyszer\u0171en nem \u00e1ll fenn. \"A tanulm\u00e1nyok azt mutatj\u00e1k, hogy az \u00e1ltalunk haszn\u00e1lt, val\u00f3ban cs\u00f6kkentett d\u00f3zisok mellett, nagyon orvosilag orient\u00e1lt k\u00f6rnyezetben, nem megfelel\u0151 otthoni nyitotts\u00e1g \u00e9s k\u00f6vetkezetlen adagol\u00e1s mellett nincs es\u00e9ly a k\u00e9nyszer vagy a vissza\u00e9l\u00e9s kialakul\u00e1s\u00e1ra\" - mondja, \u00e9s hozz\u00e1tesz egy figyelmeztet\u00e9st: \"A benzodiazepinek j\u00f3l tomp\u00edthatj\u00e1k a ketamin fels\u0151 hat\u00e1s\u00e1t\". Ketamin folyad\u00e9k elad\u00f3, ketamin folyad\u00e9k.<\/p>\n<p>Ezt egy klinikai szak\u00e9rt\u0151 rendszeresen finom\u00edtja szab\u00e1lyozott k\u00f6rnyezetben a kritikus biztons\u00e1gi \u00e9rt\u00e9kel\u00e9sekhez. Ez a strat\u00e9gia gondos tervez\u00e9st ig\u00e9nyel, mivel a hallucinog\u00e9n vizsg\u00e1latok sokkol\u00f3ak lehetnek, ha a tag nem megfelel\u0151en koordin\u00e1lt. Egyes ment\u00e1lis eg\u00e9szs\u00e9g\u00fcgyi szakemberek \u00f3vatoss\u00e1got tan\u00e1csolnak a Ketamin liquid 50mg\/10ml haszn\u00e1latakor. Ketamin folyad\u00e9k elad\u00f3, Ketamin folyad\u00e9k.<\/p>\n<p>\"B\u00e1r hat\u00e9kony kezel\u00e9s lehet a depresszi\u00f3 t\u00fcneteinek gyors cs\u00f6kkent\u00e9s\u00e9re, nem tudunk eleget a lehets\u00e9ges negat\u00edv mell\u00e9khat\u00e1sokr\u00f3l, k\u00fcl\u00f6n\u00f6sen a hossz\u00fa t\u00e1v\u00fa alkalmaz\u00e1s eset\u00e9n, ahhoz, hogy a legt\u00f6bb beteg sz\u00e1m\u00e1ra aj\u00e1nljuk.\" Jelent\u0151s boldogs\u00e1g\u00e9rzet - A ketamin foly\u00e9kony 50mg\/10ml a val\u00f3di elragadtat\u00e1s \u00e1llapot\u00e1t id\u00e9zheti el\u0151 bizonyos v\u00e9gfelhaszn\u00e1l\u00f3kn\u00e1l. Ketamin folyad\u00e9k elad\u00f3<\/p>\n<h4>KETAMIN FOLY\u00c9KONY ELAD\u00d3 V\u00c9NYK\u00d6TELES VAGY V\u00c9NY N\u00c9LK\u00dcL:<\/h4>\n<p>Mindenesetre ez a hat\u00e1s sokkal kev\u00e9sb\u00e9 er\u0151s \u00e9s tart\u00f3s, mint a k\u00e1b\u00edt\u00f3szerek vagy az MDMA eset\u00e9ben. A ketamin liquid 50mg\/10ml egy olyan gy\u00f3gyszer, amely seg\u00edthet a neurop\u00e1ti\u00e1s \u00e1llapotok (idegi panaszok) kezel\u00e9s\u00e9ben az orvosi kezel\u00e9s alatt \u00e9s ut\u00e1n. A ketamin liquid 50mg\/10ml sok ember sz\u00e1m\u00e1ra fantasztikus gy\u00f3gym\u00f3d lehet. Ketamin foly\u00e9kony elad\u00f3<\/p>\n<p>M\u00e1sok sz\u00e1m\u00e1ra ez minden, csak nem egy ragyog\u00f3 \u00f6lt\u00f6ny. Ha fontol\u00f3ra veszi a Ketamin 50mg\/10ml kezel\u00e9s\u00e9t, fontos, hogy megb\u00edzzon az eg\u00e9szs\u00e9g\u00fcgyi int\u00e9zm\u00e9ny szolg\u00e1ltat\u00f3iban. A Ketamin 50mg\/10ml szed\u00e9se megnyugtatja izgatott idegeit, amelyek v\u00e9szjelz\u00e9seket tov\u00e1bb\u00edtanak \u00d6nnek. Ketamin folyad\u00e9k elad\u00f3<\/p>\n<p>A depresszi\u00f3 \u00e9s m\u00e1s ment\u00e1lis probl\u00e9m\u00e1k kezel\u00e9s\u00e9re szolg\u00e1l\u00f3 ketamin foly\u00e9kony 50 mg\/10 ml-es kever\u00e9kek \u00e1ltal\u00e1ban 40 perc \u00e9s 2 \u00f3ra k\u00f6z\u00f6tt tartanak, az \u00e9rintett szem\u00e9lyt\u0151l f\u00fcgg\u0151en. A disszociat\u00edv szereket az\u00e9rt tartj\u00e1k jobbnak m\u00e1s szerekn\u00e9l, mert olyan tart\u00f3s vagy rendk\u00edv\u00fcl tart\u00f3s rezisztenci\u00e1t id\u00e9znek el\u0151, amely fokozatosan \u00e9s a tipikus rezisztenci\u00e1t\u00f3l f\u00fcggetlen\u00fcl alakul ki. Ketamin folyad\u00e9k elad\u00f3<\/p>\n<p>A ketamin foly\u00e9kony 50mg\/10ml illeg\u00e1lis k\u00e1b\u00edt\u00f3szerk\u00e9nt adhat\u00f3 be. Egyes k\u00f6zpontokban sz\u00fcks\u00e9g van arra, hogy valaki jelen legyen az \u00d6n elbocs\u00e1t\u00e1sakor, hogy seg\u00edtsen \u00d6nnek a biztons\u00e1gos hazak\u00eds\u00e9r\u00e9sben. N\u00e9h\u00e1ny beteg jobban szereti, ha egy szerette jelen van a kezel\u00e9s alatt, hogy jobban \u00e9rezz\u00e9k magukat, de ez nem minden l\u00e9tes\u00edtm\u00e9nyben k\u00f6telez\u0151. Ketamin folyad\u00e9k elad\u00f3<\/p>\n<h4>KETAMIN ELAD\u00d3:<\/h4>\n<p>Az Igazs\u00e1g Szendvics egyszer\u0171en nem enged\u00e9lyezi ezeknek a recepteknek a helysz\u00ednen t\u00f6rt\u00e9n\u0151 haszn\u00e1lat\u00e1t. Fontosnak tartjuk, hogy \u00e1rnyalatnyi t\u00e1j\u00e9koztat\u00e1st adjunk azoknak a biztons\u00e1ga \u00e9rdek\u00e9ben, akik \u00fagy d\u00f6ntenek, hogy ezeket az anyagokat haszn\u00e1lj\u00e1k. Sok rendk\u00edv\u00fcl hossz\u00fa t\u00e1v\u00fa vagy neh\u00e9z ketamin foly\u00e9kony 50mg\/10ml v\u00e1s\u00e1rl\u00f3 arr\u00f3l sz\u00e1mol be, hogy az els\u0151 haszn\u00e1lathoz k\u00e9pest l\u00e9nyegesen t\u00f6bbet kell bevenni\u00fck ahhoz, hogy sz\u00e9tv\u00e1laszt\u00e1st vagy K-nyit\u00e1st \u00e9rjenek el, mindenesetre hosszabb sz\u00fcnetek ut\u00e1n. Ketamin foly\u00e9kony elad\u00f3<\/p>\n<p>Ha nincs szem\u00e9lye, egyszer\u0171en l\u00e9pjen kapcsolatba az al\u00e1bb felsorolt szervezetek valamelyik\u00e9vel a sz\u00e1ll\u00edt\u00e1s megszervez\u00e9se \u00e9rdek\u00e9ben. Egy pszichol\u00f3giai j\u00f3l\u00e9ti szak\u00e9rt\u0151 seg\u00edts\u00e9g\u00e9vel olyan kezel\u00e9si tervet hozhat l\u00e9tre, amely a mindennapi \u00e9let\u00e9nek azon aspektusaira \u00f6sszpontos\u00edt, amelyeket a legjobban kell kezelnie, mik\u00f6zben megszerezheti a ketamin foly\u00e9kony 50mg\/10ml gy\u00f3gyszert, hogy szokatlan \u00f6r\u00f6m\u00e9t lelje az \u00fcl\u00e9seken. Ketamin foly\u00e9kony elad\u00f3<\/p>\n<p>Valakit elk\u00fcldenek \u00d6n\u00e9rt az otthon\u00e1ba. \u00d6sszess\u00e9g\u00e9ben nagy az \u00e9rdekl\u0151d\u00e9s a szervezet ir\u00e1nt, \u00e9s \u00d6nnek kell gondoskodnia a sz\u00e1ll\u00edt\u00e1sr\u00f3l. Mivel a Ketamin liquid 50mg\/10 ml az FDA \u00e1ltal j\u00f3v\u00e1hagyott Spravato m\u00e1rkan\u00e9v alatt, vannak olyan k\u00e9r\u00e9sek, amelyek a depresszi\u00f3 kezel\u00e9s\u00e9re haszn\u00e1lj\u00e1k. Ketamin folyad\u00e9k elad\u00f3<\/p>\n<p>A ketamin foly\u00e9kony 50mg\/10 ml-rel t\u00e1mogatott pszichoter\u00e1pia is lehets\u00e9ges. Ez az elj\u00e1r\u00e1s a p\u00e1ciens k\u00e9ts\u00e9gbees\u00e9s\u00e9nek okait igyekszik kezelni. Ebbe a kateg\u00f3ri\u00e1ba tartozik minden olyan l\u00e9tes\u00edtm\u00e9ny, amely ketamin liquid 50mg\/10 ml szervezetekkel egy\u00fctt k\u00edn\u00e1l ment\u00e1lhigi\u00e9n\u00e9s kezel\u00e9st. Ketamin foly\u00e9kony elad\u00f3<\/p>\n<h4>PAINKILLEREK:<\/h4>\n<p>A Spravato az orrba t\u00f6rt\u00e9n\u0151 permetez\u00e9sre \u00edrj\u00e1k fel, \u00e9s csak n\u00e9h\u00e1ny enged\u00e9lyezett ketamin foly\u00e9kony 50mg\/10 ml k\u00f6zpontban \u00e9s drog\u00e9ri\u00e1ban kaphat\u00f3. A klinikai vizsg\u00e1latban tizenk\u00e9t s\u00falyos, kezel\u00e9st ig\u00e9nyl\u0151 depresszi\u00f3ban szenved\u0151, \u00f6ngyilkoss\u00e1gi gondolatokkal k\u00fczd\u0151 szem\u00e9ly kapott hetente h\u00e1romszor intrav\u00e9n\u00e1san ketamin liquid 50mg\/10 ml kever\u00e9ket. Ketamin foly\u00e9kony elad\u00f3<\/p>\n<p>A tizenkett\u0151b\u0151l \u00f6ten ny\u00fajtottak be \u00e9s kaptak hetente 50 mg\/10 ml ketamint hosszabb ideig, majd ezt k\u00f6vette a ketamin 50 mg\/10 ml kezel\u00e9s \u00e9s egy k\u00f6r\u00fclbel\u00fcl egy h\u00f3napos k\u00f6vet\u00e9si id\u0151szak, amely alatt nem adtak ketamin 50 mg\/10 ml-t. Mind az \u00f6ten nehezebb manifeszt\u00e1ci\u00f3s lefoly\u00e1st k\u00e9sz\u00edtettek el\u0151 a k\u00f6vet\u00e9ses kezel\u00e9s id\u0151tartam\u00e1ra. Tov\u00e1bbi inform\u00e1ci\u00f3k\u00e9rt: A k\u00f6vetkez\u0151 cikkek a k\u00f6vetkez\u0151 t\u00e9m\u00e1ban jelentek meg: \"Az orvosok \u00e9s az orvosszak\u00e9rt\u0151k a k\u00f6vetkez\u0151 t\u00e9m\u00e1ban jelentek meg, <a href=\"https:\/\/psychedelischerweltraum.com\/hu\/kontakt\/\">kapcsolatfelv\u00e9tel<\/a> k\u00e9rem.<\/p>\n<p>&nbsp;<\/p>","protected":false},"excerpt":{"rendered":"<p>Ketamin folyad\u00e9k v\u00e1s\u00e1rl\u00e1s 500mg\/10ml \u00c1ltal\u00e1ban tiszta ketamint foly\u00e9kony form\u00e1ban nagyon kedvez\u0151 \u00e1ron \u00e9rt\u00e9kes\u00edt\u00fcnk, azaz ketamin foly\u00e9kony form\u00e1ban elad\u00f3 ....<\/p>","protected":false},"featured_media":1887,"comment_status":"open","ping_status":"closed","template":"","meta":{"_monsterinsights_skip_tracking":false,"_monsterinsights_sitenote_active":false,"_monsterinsights_sitenote_note":"","_monsterinsights_sitenote_category":0},"product_brand":[],"product_cat":[188],"product_tag":[],"class_list":{"0":"post-1752","1":"product","2":"type-product","3":"status-publish","4":"has-post-thumbnail","6":"product_cat-ketamin-kaufen-ohne-rezept","8":"first","9":"instock","10":"shipping-taxable","11":"purchasable","12":"product-type-variable","13":"customify-col"},"_links":{"self":[{"href":"https:\/\/psychedelischerweltraum.com\/hu\/wp-json\/wp\/v2\/product\/1752","targetHints":{"allow":["GET"]}}],"collection":[{"href":"https:\/\/psychedelischerweltraum.com\/hu\/wp-json\/wp\/v2\/product"}],"about":[{"href":"https:\/\/psychedelischerweltraum.com\/hu\/wp-json\/wp\/v2\/types\/product"}],"replies":[{"embeddable":true,"href":"https:\/\/psychedelischerweltraum.com\/hu\/wp-json\/wp\/v2\/comments?post=1752"}],"wp:featuredmedia":[{"embeddable":true,"href":"https:\/\/psychedelischerweltraum.com\/hu\/wp-json\/wp\/v2\/media\/1887"}],"wp:attachment":[{"href":"https:\/\/psychedelischerweltraum.com\/hu\/wp-json\/wp\/v2\/media?parent=1752"}],"wp:term":[{"taxonomy":"product_brand","embeddable":true,"href":"https:\/\/psychedelischerweltraum.com\/hu\/wp-json\/wp\/v2\/product_brand?post=1752"},{"taxonomy":"product_cat","embeddable":true,"href":"https:\/\/psychedelischerweltraum.com\/hu\/wp-json\/wp\/v2\/product_cat?post=1752"},{"taxonomy":"product_tag","embeddable":true,"href":"https:\/\/psychedelischerweltraum.com\/hu\/wp-json\/wp\/v2\/product_tag?post=1752"}],"curies":[{"name":"wp","href":"https:\/\/api.w.org\/{rel}","templated":true}]}}