{"id":1983,"date":"2023-07-23T19:45:40","date_gmt":"2023-07-23T18:45:40","guid":{"rendered":"https:\/\/psychedelischerweltraum.com\/?page_id=1983"},"modified":"2023-07-23T19:49:49","modified_gmt":"2023-07-23T18:49:49","slug":"zahlung","status":"publish","type":"page","link":"https:\/\/psychedelischerweltraum.com\/it\/zahlung\/","title":{"rendered":"Pagamento"},"content":{"rendered":"<p>La sicurezza prima di tutto!<\/p>\n\n\n\n<p>Nel nostro negozio online di erba e hashish \u00e8 possibile pagare solo con Bitcoin. Perch\u00e9? \u00c8 molto semplice! Il Bitcoin \u00e8 anonimo e non pu\u00f2 essere rintracciato.<\/p>\n\n\n\n<p>Non avete Bitcoin? Non sapete dove acquistare Bitcoin o come usarlo?<\/p>\n\n\n\n<h2 class=\"wp-block-heading\">Acquistare Bitcoin \u00e8 facile!<\/h2>\n\n\n\n<p>Ci sono molti fornitori dove \u00e8 possibile acquistare facilmente Bitcoin utilizzando vari metodi di pagamento come PayPal, carta di credito o bonifico bancario.<\/p>\n\n\n\n<p>Per i principianti si consiglia <a href=\"https:\/\/bitpanda.com\" target=\"_blank\" rel=\"noopener\">bitpanda.com<\/a>.<\/p>\n\n\n\n<figure class=\"wp-block-embed is-type-video is-provider-youtube wp-block-embed-youtube wp-embed-aspect-16-9 wp-has-aspect-ratio\"><div class=\"wp-block-embed__wrapper\">\n<iframe title=\"Acquistare Bitcoin 2024: istruzioni per principianti | passo dopo passo - facile e sicuro\" width=\"843\" height=\"474\" src=\"https:\/\/www.youtube.com\/embed\/szKnbbHwY4A?feature=oembed\" frameborder=\"0\" allow=\"accelerometer; autoplay; clipboard-write; encrypted-media; gyroscope; picture-in-picture; web-share\" allowfullscreen><\/iframe>\n<\/div><\/figure>\n\n\n\n<p>Dopo un breve processo di verifica, \u00e8 possibile acquistare facilmente Bitcoin.<\/p>\n\n\n\n<p>In secondo luogo, vi consigliamo di creare un portafoglio anonimo personale. Questo \u00e8 il luogo in cui memorizzare i vostri Bitcoin. Il provider svizzero \u00e8 adatto a questo scopo, ad esempio <a href=\"https:\/\/swiss-wallet.org\/\" target=\"_blank\" rel=\"noopener\">swiss-wallet.org<\/a>.<\/p>\n\n\n\n<p>Grazie alle severe leggi svizzere sulla protezione dei dati, il vostro Bitcoin \u00e8 al sicuro.<\/p>\n\n\n\n<h2 class=\"wp-block-heading\">\u00c8 possibile accedere immediatamente.<\/h2>\n\n\n\n<p>Se ora avete il vostro Bitcoin nel vostro portafoglio personale, ci siete quasi.<\/p>\n\n\n\n<p>Terminate l'acquisto nel nostro negozio e andate alla cassa. Confermate il \"Pagamento con Bitcoin\".<\/p>\n\n\n\n<p>Poco dopo vedrete l'indirizzo del nostro portafoglio e un codice QR. Inviate l'importo corrispondente al nostro indirizzo.<\/p>\n\n\n\n<p>Il pacco vi arriver\u00e0 poco dopo.<\/p>","protected":false},"excerpt":{"rendered":"<p>Sicherheit geht vor! Du kannst in unserem Online-Shop f\u00fcr Weed und Haschisch nur mit Bitcoin bezahlen. Warum das so ist? Ganz einfach! Bitcoin sind anonym&hellip;<\/p>","protected":false},"author":10,"featured_media":0,"parent":0,"menu_order":0,"comment_status":"closed","ping_status":"closed","template":"","meta":{"_monsterinsights_skip_tracking":false,"_monsterinsights_sitenote_active":false,"_monsterinsights_sitenote_note":"","_monsterinsights_sitenote_category":0,"footnotes":""},"class_list":["post-1983","page","type-page","status-publish","hentry"],"_links":{"self":[{"href":"https:\/\/psychedelischerweltraum.com\/it\/wp-json\/wp\/v2\/pages\/1983","targetHints":{"allow":["GET"]}}],"collection":[{"href":"https:\/\/psychedelischerweltraum.com\/it\/wp-json\/wp\/v2\/pages"}],"about":[{"href":"https:\/\/psychedelischerweltraum.com\/it\/wp-json\/wp\/v2\/types\/page"}],"author":[{"embeddable":true,"href":"https:\/\/psychedelischerweltraum.com\/it\/wp-json\/wp\/v2\/users\/10"}],"replies":[{"embeddable":true,"href":"https:\/\/psychedelischerweltraum.com\/it\/wp-json\/wp\/v2\/comments?post=1983"}],"version-history":[{"count":2,"href":"https:\/\/psychedelischerweltraum.com\/it\/wp-json\/wp\/v2\/pages\/1983\/revisions"}],"predecessor-version":[{"id":1987,"href":"https:\/\/psychedelischerweltraum.com\/it\/wp-json\/wp\/v2\/pages\/1983\/revisions\/1987"}],"wp:attachment":[{"href":"https:\/\/psychedelischerweltraum.com\/it\/wp-json\/wp\/v2\/media?parent=1983"}],"curies":[{"name":"wp","href":"https:\/\/api.w.org\/{rel}","templated":true}]}}