{"id":1729,"date":"2023-06-27T19:20:43","date_gmt":"2023-06-27T18:20:43","guid":{"rendered":"https:\/\/psychedelischerweltraum.com\/?post_type=product&#038;p=1729"},"modified":"2026-03-29T16:36:22","modified_gmt":"2026-03-29T14:36:22","slug":"kaliumzyanid-kaufen","status":"publish","type":"product","link":"https:\/\/psychedelischerweltraum.com\/it\/product\/kaliumzyanid-kaufen\/","title":{"rendered":"Cianuro di potassio"},"content":{"rendered":"<h3><span class=\"___SText_4qyg4-ko_\" data-ui-name=\"Link.Text\">Acquistare il cianuro di potassio<\/span><\/h3>\n<p>Tuttavia, offriamo prodotti di alta qualit\u00e0, puri <a href=\"https:\/\/de.wikipedia.org\/wiki\/Kaliumcyanid\" target=\"_blank\" rel=\"noopener\">Cianuro di potassio<\/a> in vendita a prezzi molto vantaggiosi. Il cianuro di potassio viene spesso utilizzato insieme alla strategia KCN. Questo sale torbido e vetroso, dall'aspetto simile allo zucchero, \u00e8 un potente solvente nell'acqua potabile. Il cianuro di potassio \u00e8 un potente inibitore respiratorio portatile che agisce sulla citocromo c ossidasi mitocondriale per inibire la fosforilazione ossidativa. Come risultato della digestione anaerobica, si verifica l'acidosi lattica.<\/p>\n<p>Un danno grave da cianuro porta inizialmente a una colorazione rosso scuro o rossastra dell'infortunato, perch\u00e9 i tessuti non possono utilizzare l'ossigeno presente nel sangue. Gli effetti del cianuro di potassio e del cianuro di sodio sono gli stessi e i sintomi della lesione si manifestano solitamente entro pochi minuti dall'ingestione della sostanza: La persona sviene e alla fine segue la morte del cervello. Il fumo di tabacco contiene cianuro, cos\u00ec come i risultati della combustione di prodotti contraffatti come la plastica. Cianuro di potassio in vendita<\/p>\n<p>Il cianuro \u00e8 molto diffuso nella produzione di carta, tessuti e plastica. Attualmente \u00e8 impiegato nella sostanza che intensifica e viene utilizzata per creare fotografie. In metallurgia, i sali di cianuro sono utilizzati per la galvanoplastica, la pulizia dei metalli e la rimozione dell'oro dal metallo. Durante questo periodo, la vittima pu\u00f2 soffrire di convulsioni. Il numero di decessi \u00e8 dovuto all'ipossia cerebrale. L'approvvigionamento di cianuro di potassio \u00e8 quasi impossibile, anche se nel forum di discussione Tranquil Tablet Handbook \u00e8 stata segnalata la vendita di cianuro di potassio dalla Cina. Comprare il cianuro di potassio<\/p>\n<h4>ACQUISTARE CIANURO DI POTASSIO ONLINE<\/h4>\n<p>Il cianuro di potassio \u00e8 estremamente tossico. L'idrolisi produce acido cianidrico nelle stalle umide, che ha uno sgradevole sapore di mandorla. In generale, non tutti hanno l'opportunit\u00e0 di sperimentarlo. Le persone esposte a una piccola quantit\u00e0 di acido cianidrico inalandolo, tenendolo sulla pelle o consumando alimenti contenenti acido cianidrico possono generalmente e nel giro di pochi minuti manifestare alcuni dei seguenti sintomi: vertigini, mal di testa, vomito e nausea, inalazione rapida, battito cardiaco accelerato, irrequietezza, sensazione di debolezza. Acquistare il cianuro di potassio<\/p>\n<p>\u00c8 molto probabile che un'ingestione intensa di cianuro abbia un esordio fantastico e rapido che colpisce immediatamente i visceri, causando un collasso inaspettato, convulsioni o estrema letargia. I danni persistenti dovuti all'ingestione o al sistema biologico hanno un esordio pi\u00f9 graduale. Le pillole di cianuro di potassio hanno una dose letale (nell'uomo) di 200-300 mg. La sua tossicit\u00e0, in caso di ingestione, \u00e8 determinata dall'acutezza dello stomaco, poich\u00e9 dovrebbe reagire con un corrosivo a cianuro di idrogeno, la strategia letale per il cianuro. Acquistare il cianuro di potassio<\/p>\n<p>Non confondiamo il nostro imballaggio con un imballaggio significativo, rendendolo particolarmente affascinante o elaborato. Sappiamo che la maggior parte dei clienti ha semplicemente bisogno di pillole di alta qualit\u00e0 e il nostro imballaggio \u00e8 progettato per proteggere il vostro investimento. Il cianuro di potassio pu\u00f2 essere preparato nei progetti in modi diversi a seconda dell'uso previsto. In qualit\u00e0 di organizzazioni e fornitori di fiducia di cianuro di potassio, offriamo KCN (cianuro di potassio) puro al 99,8 %, noto per la sua elevata vitalit\u00e0. Acquista il cianuro di potassio<\/p>\n<h4>CIANURO DI POTASSIO IN VENDITA ONLINE:<\/h4>\n<p>Attualmente disponiamo di una fornitura illimitata di cianuro di potassio di alta qualit\u00e0 al prezzo pi\u00f9 vantaggioso. Come il cianuro di sodio, il cianuro di potassio \u00e8 estremamente distruttivo, innegabilmente tossico e agisce rapidamente anche in quantit\u00e0 minime. L'esposizione al cianuro di potassio in forma solida pu\u00f2 essere estremamente pericolosa in quanto rilascia lentamente nell'aria gas tossici che vengono poi uccisi per inalazione. Acquista il cianuro di potassio<\/p>\n<p>Il cianuro di potassio viene prodotto economicamente facendo reagire l'acido cianidrico con una cura liquida, che rimuove l'acqua per produrre cianuro di potassio sano. Il cianuro \u00e8 spesso una sostanza letale che pu\u00f2 essere fatale se ingerita. Se si cerca il cianuro su Internet, si possono trovare molte informazioni. \u00c8 importante che tutte le persone coinvolte siano d'accordo sul fatto che la vostra strategia funzioni senza problemi. Acquistare il cianuro di potassio<\/p>\n<p>Le compresse di cianuro di potassio sono un composto estremamente nocivo, inibitore di numerose strategie metaboliche e utilizzato in particolare come reagente di valutazione per la visualizzazione dei chemorecettori. Grazie alle sue propriet\u00e0 estremamente solventi, viene utilizzato nella galvanotecnica e nell'estrazione dell'oro. Inoltre, forniamo il cianuro di potassio ai nostri generosi donatori a un prezzo ridotto. Le possibilit\u00e0 del nostro prodotto sono elencate di seguito. Si tratta di una sostanza bianca o vaporosa, traslucida, con un leggero odore di mandorla (dovuto alle particelle di cianuro). Acquista il cianuro di potassio<\/p>\n<h4>CIANURO DI POTASSIO IN POLVERE IN VENDITA:<\/h4>\n<p>Ha uno spessore di 1,52 g\/ml nonostante una temperatura di liquefazione di 634,5 \u00b0C. Il cianuro \u00e8 estremamente tossico e dovrebbe essere usato solo per una singola uccisione rapida, efficace, semplice e pacifica. Il cianuro \u00e8 noto anche come contenitore letale o pastiglia della morte. Il cianuro di potassio \u00e8 un composto altamente tossico utilizzato per un'esecuzione rapida ed efficace. Veniva utilizzato anche nella pesca per uccidere i pesci e poi recuperarli dall'acqua, un metodo oggi illegale a causa degli ingredienti riconoscibili. Acquistare il cianuro di potassio<\/p>\n<p>Un'altra spiegazione del cianuro di potassio \u00e8 il riutilizzo dell'oro. In qualit\u00e0 di esperto scientifico, mi sento in dovere di sottolineare che la prima strategia suggerita non porter\u00e0 a un cianuro di potassio puro. A seconda del numero di reagenti utilizzati, si avr\u00e0 comunque una colorazione significativa dell'idrossido di potassio. Un altro obiettivo del cianuro di potassio \u00e8 il riciclaggio dell'oro e dell'argento dai rottami di acciaio, un argomento molto dibattuto a causa della gi\u00e0 citata tossicit\u00e0 dei cianuri. Le sue applicazioni principali sono la miscelazione regolare e naturale e la produzione di numerose sostanze importanti, materie plastiche e farmaci autorizzati. Acquistare il cianuro di potassio<\/p>\n<p>Esistono anche diversi studi sulla morte indotta dal cianuro. Pu\u00f2 essere prodotto a partire da un composto stabile (KOH) e da un debole mordente (HCN). Viene utilizzato per l'estrazione di oro, argento e altri metalli. \u00c8 uno dei tipi di cianuro associati alla decomposizione del ferrocianuro di potassio prima della tecnica Castner. Acquistare il cianuro di potassio<\/p>\n<h4>PILLOLE DI CIANURO DI POTASSIO IN VENDITA:<\/h4>\n<p>Gli squilibri cardiaci sono comuni. L'insorgenza focale dell'arresto respiratorio porta alla morte. I segni sono labbra blu, diminuzione della pressione arteriosa e convulsioni. Per il cliente\/target che non mostra segni effettivi di avvelenamento da cianuro, un trattamento estremamente cauto, l'ossigeno supplementare e una forte considerazione possono essere sufficienti.<\/p>\n<p>La terapia originale per la persona colpita che mostra le conseguenze fisiche dell'avvelenamento da cianuro comprende l'organizzazione di trattamenti sotto la direzione di un esperto clinico, la gestione respiratoria e circolatoria (ossigeno e liquidi per via endovenosa), la cessazione dei segni sintetici disomogenei nel sangue e il monitoraggio delle convulsioni. Inoltre, trova applicazione nella combinazione di idantoine, che possono essere importanti intermedi di contraffazione quando reagisce con un composto carbonilico come un'aldeide o un chetone in presenza di carbonato di ammonio. Cianuro di potassio in vendita<\/p>\n<p>La conversione mediata dal lievito della benzaldeide in acetaldeide \u00e8 piuttosto interessante, in quanto si tratta di uno dei primi cambiamenti microbici meccanicamente significativi; l'aciloina risultante viene ora sintetizzata in d-efedrina. Il cianuro di potassio \u00e8 un eccellente inibitore della respirazione cellulare, agendo sulla citocromo c ossidasi mitocondriale per inibire la fosforilazione ossidativa. Cianuro di potassio in vendita<\/p>\n<p>Come risultato del metabolismo anaerobico, si verifica un avvelenamento da acido lattico. Poich\u00e9 i tessuti non sono in grado di utilizzare l'ossigeno presente nel sangue, i gravi danni da cianuro provocano inizialmente un aspetto rosso scuro o rosa all'interno della vittima. Il cianuro \u00e8 un involucro, una capsula, una fiala o una compressa contenente un composto pericoloso e letale che rilascia cianuro di idrogeno estremamente tossico quando viene ingerito. Acquistare il cianuro di potassio<\/p>\n<h5>AGGIUNTIVO :<\/h5>\n<p>E reagisce coinvolgendo l'intero corpo e i suoi organi sensoriali, come la mente, il cuore e il programma di paura focale. Di conseguenza, l'assorbimento di ossigeno nelle vene della vittima \u00e8 limitato, portando a una morte rilassata e tranquilla. 27 Un'ulteriore prova del valore manifatturiero \u00e8 l'arricchimento indotto dal lievito dell'aldeide (4a,b) con l'acetaldeide rilasciata dalla fermentazione. Acquistare il cianuro di potassio<\/p>\n<p>Con l'equazione KCN, il cianuro di potassio \u00e8 un composto. Questo sale secco e vetroso, dall'aspetto simile allo zucchero, si scioglie rapidamente in acqua potabile. La maggior parte del KCN \u00e8 utilizzato nell'estrazione dell'oro, nella normale amalgama e nella galvanica. Tra le applicazioni minori vi sono gli ornamenti per la placcatura e la lucidatura delle giunzioni. Questo espone e indurisce l'immagine, rendendola meno suscettibile ai trattamenti delicati. Cianuro di potassio in vendita<\/p>\n<p>I fotografi di oggi che inzuppano le lastre con acqua possono preferire fissativi meno tossici come il tiosolfato di sodio, ma il KCN rimane popolare. Prodotti a base di cianuro di potassio Il cianuro di potassio ha una dose letale di 100-300 mg. La sua tossicit\u00e0 quando viene ingerito \u00e8 determinata dall'acidit\u00e0 dello stomaco, soprattutto perch\u00e9 deve reagire con sostanze corrosive per formare cianuro di idrogeno, il tipo di cianuro pi\u00f9 pericoloso. Per maggiori informazioni <a href=\"https:\/\/psychedelischerweltraum.com\/it\/kontakt\/\">contattateci<\/a> per favore.<\/p>","protected":false},"excerpt":{"rendered":"<p>Tuttavia, offriamo cianuro di potassio puro di alta qualit\u00e0 in vendita a prezzi molto vantaggiosi. Il cianuro di potassio viene spesso utilizzato insieme alla strategia KCN....<\/p>","protected":false},"featured_media":1892,"comment_status":"open","ping_status":"closed","template":"","meta":{"_monsterinsights_skip_tracking":false,"_monsterinsights_sitenote_active":false,"_monsterinsights_sitenote_note":"","_monsterinsights_sitenote_category":0},"product_brand":[],"product_cat":[163],"product_tag":[],"class_list":{"0":"post-1729","1":"product","2":"type-product","3":"status-publish","4":"has-post-thumbnail","6":"product_cat-forschungschemikalien","8":"first","9":"instock","10":"shipping-taxable","11":"purchasable","12":"product-type-variable","13":"customify-col"},"_links":{"self":[{"href":"https:\/\/psychedelischerweltraum.com\/it\/wp-json\/wp\/v2\/product\/1729","targetHints":{"allow":["GET"]}}],"collection":[{"href":"https:\/\/psychedelischerweltraum.com\/it\/wp-json\/wp\/v2\/product"}],"about":[{"href":"https:\/\/psychedelischerweltraum.com\/it\/wp-json\/wp\/v2\/types\/product"}],"replies":[{"embeddable":true,"href":"https:\/\/psychedelischerweltraum.com\/it\/wp-json\/wp\/v2\/comments?post=1729"}],"wp:featuredmedia":[{"embeddable":true,"href":"https:\/\/psychedelischerweltraum.com\/it\/wp-json\/wp\/v2\/media\/1892"}],"wp:attachment":[{"href":"https:\/\/psychedelischerweltraum.com\/it\/wp-json\/wp\/v2\/media?parent=1729"}],"wp:term":[{"taxonomy":"product_brand","embeddable":true,"href":"https:\/\/psychedelischerweltraum.com\/it\/wp-json\/wp\/v2\/product_brand?post=1729"},{"taxonomy":"product_cat","embeddable":true,"href":"https:\/\/psychedelischerweltraum.com\/it\/wp-json\/wp\/v2\/product_cat?post=1729"},{"taxonomy":"product_tag","embeddable":true,"href":"https:\/\/psychedelischerweltraum.com\/it\/wp-json\/wp\/v2\/product_tag?post=1729"}],"curies":[{"name":"wp","href":"https:\/\/api.w.org\/{rel}","templated":true}]}}