{"id":1752,"date":"2023-06-27T19:20:52","date_gmt":"2023-06-27T18:20:52","guid":{"rendered":"https:\/\/psychedelischerweltraum.com\/?post_type=product&#038;p=1752"},"modified":"2023-07-17T02:20:43","modified_gmt":"2023-07-17T01:20:43","slug":"ketamin-flussig","status":"publish","type":"product","link":"https:\/\/psychedelischerweltraum.com\/it\/product\/ketamin-flussig\/","title":{"rendered":"Ketamina liquida 500mg\/10ml"},"content":{"rendered":"<h2>Comprare Ketamine Liquid 500mg\/10ml<\/h2>\n<p>In generale, vendiamo ketamina pura in forma liquida a prezzi molto vantaggiosi, ovvero ketamina in forma liquida in vendita. In breve tempo siamo diventati il maggior fornitore mondiale di ketamina per scopi medici e di ricerca. Di conseguenza, abbiamo ketamina liquida in vendita. La ketamina liquida 50mg\/10ml permette rapidamente alle persone di porre rimedio alle loro circostanze, sollevando la loro disperazione e lavorando sulla loro disposizione d'animo. L'infusione di ketamina liquida 50mg\/10 ml cloridrato \u00e8 stata dimostrata con l'uso della sedazione non molto tempo prima dell'organizzazione di altri mediatori sedativi tipici. \u00c8 stato dimostrato che la ketamina liquida 50mg\/10 ml in infusione cloridrata migliora l'effetto degli specialisti a bassa potenza come il protossido di azoto.<\/p>\n<p>Sono riuscito a finire il lavoro in due ore. Se possibile, \u00e8 necessario evitare questi trattamenti o sostituirli con altri farmaci. Se non ci sono miglioramenti, il farmaco non deve essere co-somministrato. Se necessario, modificare il dosaggio in base agli effetti raccomandati. Con questo metodo, il liquido viene smistato e somministrato sia per via intramuscolare sia per via endovenosa (che \u00e8 molto meno sicura).<\/p>\n<p>L'effetto di questa interazione \u00e8 pi\u00f9 forte in quanto l'intero farmaco entra nel flusso sanguigno, a differenza della somministrazione per ingestione, in cui una parte del farmaco viene persa durante il processo digestivo. Negli anni '70 l'uso terapeutico della ketamina ha acquisito popolarit\u00e0, ma \u00e8 stata utilizzata anche come droga ricreativa. In Argentina \u00e8 stata utilizzata sia legalmente che illegalmente nel trattamento delle ricadute, nel misticismo new age e nelle indagini.<\/p>\n<p>Negli anni '70 e '80, sono state effettuate sempre pi\u00f9 applicazioni di prova della Ketamina liquida 50mg\/10 ml e sono state ampliate con vari nomi di marca. La ketamina \u00e8 diventata realistica sotto forma di contenitori, polveri, gemme, compresse e liquidi, oltre a diverse opzioni per l'infusione nelle strade. Uno specialista pu\u00f2 scegliere lo spray nasale rispetto alla ketamina per via endovenosa a causa dell'organizzazione del supporto.<\/p>\n<h4>ACQUISTARE KETAMINA LEGALE ONLINE:<\/h4>\n<p>\u00c8 necessario tenere presente che, indipendentemente dal modo in cui la Ketamina liquida 50mg\/10ml viene gestita in strada, non esistono livelli sicuri per un uso rilassato della Ketamina liquida 50mg\/10ml. L'uso di questo farmaco senza controllo medico pu\u00f2 portare a problemi extracorporei e deve essere evitato a tutti i costi. \"L'irrigazione nasale non \u00e8 n\u00e9 pi\u00f9 veloce n\u00e9 pi\u00f9 duratura\", sostiene. Ketamina liquida in vendita, Ketamina liquida.<\/p>\n<p>\"La ketamina per via endovenosa \u00e8 pi\u00f9 adatta di quella per via intranasale a causa della sua biodisponibilit\u00e0\". Ketamina liquida 50mg\/10 ml Confidenza e resistenza sono possibili dopo un uso prolungato. Dopo l'interruzione di un'assunzione estremamente prolungata di Ketamina liquida 50mg\/10 ml, un disturbo da astinenza viene chiarito con alternative insane. Di conseguenza, la Ketamina liquida 50mg\/10 ml dovrebbe essere etichettata con un'avvertenza e regolamentata.<\/p>\n<p>Il trattamento pu\u00f2 potenziare significativamente gli effetti simpaticomimetici; cautela nei soggetti con porfiria o eventualmente con malattie della tiroide; la porfiria e le malattie della tiroide o il trattamento della tiroide possono essere considerati una controindicazione generale. Recenti ricerche sulla neurotossicit\u00e0 indotta dalla ketamina si sono concentrate sui primati per fornire un modello pi\u00f9 appropriato rispetto ai roditori. In uno di questi studi, a scimmie cynomolgus giovani e adulte sono state somministrate dosi giornaliere di ketamina di 50 mg\/10 ml per vari periodi di tempo, in linea con le dosi sportive standard (1 mg\/kg IV).<\/p>\n<p>Varie sostanze sono state aggiunte alla droga in pochi secondi, provocando effetti bizzarri. Piccole dosi di Ketamina liquida 50mg\/10 ml provocano una disinibizione simile a quella delle bevande alcoliche. Per questo motivo viene spesso utilizzata in feste e rave. Dosi pi\u00f9 elevate hanno l'effetto opposto: ritiro sociale e ampia incapacit\u00e0 di comunicare.<\/p>\n<h4>KETAMINA LIQUIDA IN VENDITA ONLINE:<\/h4>\n<p>L'MDMA (delight), una nota droga da discoteca comparsa per la prima volta a met\u00e0 degli anni '80, \u00e8 un buon esempio. Sebbene gli effetti non siano paragonabili, la ketamina liquida 50mg\/10ml viene spesso rappresentata come una sensazione di felicit\u00e0. Le propriet\u00e0 sedative della ketamina portano a un farfugliamento e a un'incapacit\u00e0 di movimento, rendendo quasi impossibile muoversi. Per questo motivo, la ketamina liquida 50mg\/10ml viene spesso definita una droga da appuntamento. Ketamina liquida in vendita<\/p>\n<p>Il Dr. Levine sostiene che la possibilit\u00e0 di diventare dipendenti dalla ketamina liquida 50mg\/10ml, se usata come \"droga da party\", semplicemente non esiste. \"Gli studi dimostrano che alle dosi veramente ridotte che usiamo, in un contesto molto orientato alla medicina, con un'apertura inadeguata a casa e un dosaggio incoerente, non c'\u00e8 alcuna possibilit\u00e0 di compulsione o abuso\", dice, aggiungendo un'avvertenza: \"Le benzodiazepine possono smorzare gli effetti superiori della ketamina\". Ketamina liquida in vendita, Ketamina liquida.<\/p>\n<p>Questo viene regolarmente perfezionato da un esperto clinico in un ambiente regolamentato per le valutazioni critiche di sicurezza. Questa strategia richiede un'attenta pianificazione, poich\u00e9 gli esperimenti con allucinogeni possono essere scioccanti se il membro non \u00e8 adeguatamente coordinato. Alcuni professionisti della salute mentale consigliano cautela nell'uso della Ketamina liquida 50mg\/10ml. Ketamina liquida in vendita, Ketamina liquida.<\/p>\n<p>\"Sebbene possa essere un trattamento efficace per ridurre rapidamente i sintomi della depressione, non sappiamo abbastanza sui potenziali effetti collaterali negativi, in particolare con l'uso a lungo termine, per raccomandarla alla maggior parte dei pazienti\". Sensazioni di felicit\u00e0 notevoli - La ketamina liquida 50mg\/10ml pu\u00f2 indurre stati di vero e proprio rapimento in alcuni consumatori finali. Ketamina liquida in vendita<\/p>\n<h4>KETAMINA LIQUIDA IN VENDITA CON\/SENZA RICETTA:<\/h4>\n<p>In ogni caso, questo effetto \u00e8 molto meno forte e persistente rispetto ai narcotici o all'MDMA. La ketamina liquida 50mg\/10ml \u00e8 un farmaco che pu\u00f2 aiutare a gestire le condizioni neuropatiche (disagio dei nervi) durante e dopo il trattamento medico. La ketamina liquida 50mg\/10ml pu\u00f2 essere un rimedio fantastico per molte persone. Ketamina liquida in vendita<\/p>\n<p>Per altri, invece, \u00e8 tutt'altro che un abito brillante. Se state pensando di sottoporvi a un trattamento con Ketamina 50mg\/10ml, \u00e8 importante che possiate fidarvi degli operatori della vostra struttura medica. L'assunzione di Ketamina 50mg\/10ml calmer\u00e0 i vostri nervi agitati, che vi trasmetteranno messaggi di angoscia. Ketamina liquida in vendita<\/p>\n<p>Le miscele di Ketamina liquida 50mg\/10 ml per il trattamento della depressione e di altri problemi di salute mentale durano in genere da 40 minuti a 2 ore, a seconda della persona colpita. Si ritiene che i dissociativi siano superiori ad altre sostanze perch\u00e9 inducono un tipo di resistenza di lunga o lunghissima durata che si sviluppa gradualmente e indipendentemente dalla resistenza tipica. Ketamina liquida in vendita<\/p>\n<p>La ketamina liquida 50mg\/10ml pu\u00f2 essere somministrata come farmaco illegale. Alcuni centri richiedono la presenza di una persona durante la dimissione per essere accompagnati a casa in modo sicuro. Alcuni pazienti preferiscono che una persona cara sia presente durante il trattamento per sentirsi pi\u00f9 a proprio agio, ma questo non \u00e8 richiesto in tutte le strutture. Ketamina liquida in vendita<\/p>\n<h4>KETAMINA IN VENDITA:<\/h4>\n<p>Il Panino della Verit\u00e0 semplicemente non autorizza l'uso di queste prescrizioni in loco. Riteniamo importante fornire delle sfumature per la sicurezza di coloro che scelgono di utilizzare queste sostanze. Molti clienti a lungo termine o con un uso massiccio di ketamina liquida 50mg\/10ml riferiscono di doverne assumere una quantit\u00e0 significativamente maggiore per ottenere una separazione o un'apertura di K rispetto al primo utilizzo, in ogni caso dopo aver fatto pause pi\u00f9 lunghe. Ketamina liquida in vendita<\/p>\n<p>Se non avete una persona, contattate una delle organizzazioni elencate di seguito per organizzare il trasporto. Con l'assistenza di un esperto di benessere psicologico, \u00e8 possibile creare un piano di trattamento che si concentri sugli aspetti della vita quotidiana che \u00e8 necessario gestire al meglio, mentre si acquista il farmaco ketamina liquida 50mg\/10ml per provare un piacere insolito nei propri incontri. Ketamina liquida in vendita<\/p>\n<p>Verr\u00e0 inviato qualcuno a casa vostra a prendervi. In generale, c'\u00e8 molto interesse per questa organizzazione e dovrete provvedere al trasporto. Poich\u00e9 la Ketamina liquida 50mg\/10 ml \u00e8 approvata dalla FDA con il marchio Spravato, ci sono richieste per il suo utilizzo nel trattamento della depressione. Ketamina liquida in vendita<\/p>\n<p>La psicoterapia assistita con ketamina liquida 50mg\/10 ml \u00e8 un'opzione. Questa procedura mira ad affrontare le cause della disperazione del paziente. Questa categoria comprende tutte le strutture che offrono trattamenti di salute mentale in combinazione con organizzazioni di ketamina liquida 50mg\/10 ml. Ketamina liquida in vendita<\/p>\n<h4>PAINKILLERS:<\/h4>\n<p>Lo Spravato viene prescritto per essere spruzzato nel naso ed \u00e8 disponibile solo in alcuni centri e farmacie autorizzati per la ketamina liquida 50mg\/10 ml. Nello studio clinico, dodici persone con depressione grave da trattare e pensieri suicidi hanno ricevuto miscele endovenose di Ketamina liquida 50mg\/10 ml tre volte alla settimana. Ketamina liquida in vendita<\/p>\n<p>Cinque dei dodici si sono sottoposti e hanno ricevuto settimanalmente ketamina 50mg\/10ml per un lungo periodo di tempo, seguito da un trattamento con ketamina 50mg\/10ml e da un periodo di follow-up di circa un mese durante il quale non \u00e8 stata somministrata ketamina 50mg\/10ml. Ognuno dei cinque ha preparato un decorso pi\u00f9 difficile delle manifestazioni per la durata del trattamento di follow-up. Per ulteriori informazioni, <a href=\"https:\/\/psychedelischerweltraum.com\/it\/kontakt\/\">contattateci<\/a> per favore.<\/p>\n<p>&nbsp;<\/p>","protected":false},"excerpt":{"rendered":"<p>Ketamina liquida 500mg\/10ml In generale, vendiamo ketamina pura in forma liquida a prezzi molto vantaggiosi, cio\u00e8 ketamina in forma liquida in vendita....<\/p>","protected":false},"featured_media":1887,"comment_status":"open","ping_status":"closed","template":"","meta":{"_monsterinsights_skip_tracking":false,"_monsterinsights_sitenote_active":false,"_monsterinsights_sitenote_note":"","_monsterinsights_sitenote_category":0},"product_brand":[],"product_cat":[188],"product_tag":[],"class_list":{"0":"post-1752","1":"product","2":"type-product","3":"status-publish","4":"has-post-thumbnail","6":"product_cat-ketamin-kaufen-ohne-rezept","8":"first","9":"instock","10":"shipping-taxable","11":"purchasable","12":"product-type-variable","13":"customify-col"},"_links":{"self":[{"href":"https:\/\/psychedelischerweltraum.com\/it\/wp-json\/wp\/v2\/product\/1752","targetHints":{"allow":["GET"]}}],"collection":[{"href":"https:\/\/psychedelischerweltraum.com\/it\/wp-json\/wp\/v2\/product"}],"about":[{"href":"https:\/\/psychedelischerweltraum.com\/it\/wp-json\/wp\/v2\/types\/product"}],"replies":[{"embeddable":true,"href":"https:\/\/psychedelischerweltraum.com\/it\/wp-json\/wp\/v2\/comments?post=1752"}],"wp:featuredmedia":[{"embeddable":true,"href":"https:\/\/psychedelischerweltraum.com\/it\/wp-json\/wp\/v2\/media\/1887"}],"wp:attachment":[{"href":"https:\/\/psychedelischerweltraum.com\/it\/wp-json\/wp\/v2\/media?parent=1752"}],"wp:term":[{"taxonomy":"product_brand","embeddable":true,"href":"https:\/\/psychedelischerweltraum.com\/it\/wp-json\/wp\/v2\/product_brand?post=1752"},{"taxonomy":"product_cat","embeddable":true,"href":"https:\/\/psychedelischerweltraum.com\/it\/wp-json\/wp\/v2\/product_cat?post=1752"},{"taxonomy":"product_tag","embeddable":true,"href":"https:\/\/psychedelischerweltraum.com\/it\/wp-json\/wp\/v2\/product_tag?post=1752"}],"curies":[{"name":"wp","href":"https:\/\/api.w.org\/{rel}","templated":true}]}}