{"id":2280,"date":"2024-11-15T20:11:52","date_gmt":"2024-11-15T19:11:52","guid":{"rendered":"https:\/\/psychedelischerweltraum.com\/?post_type=product&#038;p=2280"},"modified":"2025-12-22T09:45:09","modified_gmt":"2025-12-22T08:45:09","slug":"gbl-kaufen","status":"publish","type":"product","link":"https:\/\/psychedelischerweltraum.com\/it\/product\/gbl-kaufen\/","title":{"rendered":"GBL (gamma-butirrolattone)"},"content":{"rendered":"<h3 data-pm-slice=\"1 1 []\">Che cos'\u00e8 il GBL?<\/h3>\n<p>Siete alla ricerca di una soluzione versatile in grado di stupire sia nelle applicazioni industriali che in quelle personali? GBL (<a href=\"https:\/\/de.wikipedia.org\/wiki\/%CE%93-Butyrolacton\" target=\"_blank\" rel=\"noopener\">Gamma-butirrolattone<\/a>) \u00e8 un solvente versatile, indispensabile in vari settori grazie alle sue propriet\u00e0 uniche.<\/p>\n<h3>Applicazioni del GBL<\/h3>\n<p>Il GBL \u00e8 spesso utilizzato nell'industria della pulizia, in quanto \u00e8 in grado di sciogliere efficacemente grassi, oli e altri residui ostinati. \u00c8 anche un componente importante nella produzione di prodotti chimici e fornisce quindi una base affidabile per vari processi tecnici.<\/p>\n<h3>Vantaggi dell'acquisto di GBL<\/h3>\n<p>Grazie alla sua elevata purezza ed efficacia, il GBL \u00e8 un prodotto ricercato dagli utenti che apprezzano qualit\u00e0 ed efficienza. Sia per l'industria che per i progetti specializzati, con il GBL potete contare su una soluzione comprovata che soddisfa le vostre esigenze.<\/p>\n<p><strong>Nota importante:<\/strong> L'acquisto e l'uso del GBL sono regolamentati in molti paesi. Prima di procedere all'acquisto, informatevi sulle normative vigenti nella vostra regione.<\/p>\n<h3>Domande frequenti (FAQ)<\/h3>\n<p><strong>1. Che cos'\u00e8 il GBL?<\/strong><br \/>\nIl GBL (GBL Buy) \u00e8 un solvente organico utilizzato in varie applicazioni, come l'industria della pulizia e la produzione chimica. \u00c8 noto per la sua elevata efficacia nel dissolvere grassi, oli e altre sostanze.<\/p>\n<p><strong>2 A cosa serve il GBL?<\/strong><br \/>\nIl GBL \u00e8 utilizzato principalmente come solvente forte per rimuovere lo sporco ostinato e come precursore per le sintesi chimiche. Viene utilizzato anche nella ricerca e nei processi tecnici specializzati.<\/p>\n<p><strong>3. l'acquisto di GBL \u00e8 legale?<\/strong><br \/>\nLa legalit\u00e0 dell'acquisto e dell'uso del GBL varia da Paese a Paese. \u00c8 importante verificare le leggi e le normative vigenti nella propria regione prima di acquistare il GBL.<\/p>\n<p><strong>4 Come conservare il GBL in modo sicuro?<\/strong><br \/>\nIl GBL deve essere conservato in un luogo fresco, asciutto e ben ventilato, lontano dalla luce solare diretta e da fonti di accensione. La conservazione sicura garantisce la stabilit\u00e0 e l'efficacia del prodotto.<\/p>\n<p><strong>5. Esistono precauzioni di sicurezza per la manipolazione del GBL?<\/strong><br \/>\nS\u00ec, durante la manipolazione del GBL (Buy GBL) \u00e8 necessario indossare sempre un equipaggiamento protettivo adeguato, come guanti e occhiali, per evitare il contatto con la pelle e l'irritazione degli occhi. In caso di fuoriuscite o incidenti, \u00e8 importante seguire le linee guida di sicurezza.<\/p>\n<h3>Ulteriori istruzioni per l'uso<\/h3>\n<p>Il GBL deve essere utilizzato in modo responsabile e in conformit\u00e0 alle istruzioni del produttore. Gli utenti devono informarsi sui possibili rischi e assicurarsi di prendere le necessarie precauzioni. Il prodotto pu\u00f2 essere utilizzato solo per scopi legali e autorizzati.<\/p>\n<p>&nbsp;<\/p>","protected":false},"excerpt":{"rendered":"<p>Che cos'\u00e8 il GBL? Siete alla ricerca di una soluzione versatile e convincente sia per le applicazioni industriali che per quelle personali? Il GBL (gamma-butirrolattone) \u00e8 un prodotto versatile,...<\/p>","protected":false},"featured_media":2281,"comment_status":"open","ping_status":"closed","template":"","meta":{"_monsterinsights_skip_tracking":false,"_monsterinsights_sitenote_active":false,"_monsterinsights_sitenote_note":"","_monsterinsights_sitenote_category":0},"product_brand":[],"product_cat":[235],"product_tag":[],"class_list":{"0":"post-2280","1":"product","2":"type-product","3":"status-publish","4":"has-post-thumbnail","6":"product_cat-ko-tropfen","8":"first","9":"instock","10":"shipping-taxable","11":"purchasable","12":"product-type-variable","13":"customify-col"},"_links":{"self":[{"href":"https:\/\/psychedelischerweltraum.com\/it\/wp-json\/wp\/v2\/product\/2280","targetHints":{"allow":["GET"]}}],"collection":[{"href":"https:\/\/psychedelischerweltraum.com\/it\/wp-json\/wp\/v2\/product"}],"about":[{"href":"https:\/\/psychedelischerweltraum.com\/it\/wp-json\/wp\/v2\/types\/product"}],"replies":[{"embeddable":true,"href":"https:\/\/psychedelischerweltraum.com\/it\/wp-json\/wp\/v2\/comments?post=2280"}],"wp:featuredmedia":[{"embeddable":true,"href":"https:\/\/psychedelischerweltraum.com\/it\/wp-json\/wp\/v2\/media\/2281"}],"wp:attachment":[{"href":"https:\/\/psychedelischerweltraum.com\/it\/wp-json\/wp\/v2\/media?parent=2280"}],"wp:term":[{"taxonomy":"product_brand","embeddable":true,"href":"https:\/\/psychedelischerweltraum.com\/it\/wp-json\/wp\/v2\/product_brand?post=2280"},{"taxonomy":"product_cat","embeddable":true,"href":"https:\/\/psychedelischerweltraum.com\/it\/wp-json\/wp\/v2\/product_cat?post=2280"},{"taxonomy":"product_tag","embeddable":true,"href":"https:\/\/psychedelischerweltraum.com\/it\/wp-json\/wp\/v2\/product_tag?post=2280"}],"curies":[{"name":"wp","href":"https:\/\/api.w.org\/{rel}","templated":true}]}}