{"id":1983,"date":"2023-07-23T19:45:40","date_gmt":"2023-07-23T18:45:40","guid":{"rendered":"https:\/\/psychedelischerweltraum.com\/?page_id=1983"},"modified":"2023-07-23T19:49:49","modified_gmt":"2023-07-23T18:49:49","slug":"zahlung","status":"publish","type":"page","link":"https:\/\/psychedelischerweltraum.com\/pl\/zahlung\/","title":{"rendered":"P\u0142atno\u015b\u0107"},"content":{"rendered":"<p>Bezpiecze\u0144stwo przede wszystkim!<\/p>\n\n\n\n<p>W naszym sklepie internetowym z marihuan\u0105 i haszyszem mo\u017cna p\u0142aci\u0107 wy\u0142\u0105cznie za pomoc\u0105 Bitcoin. Dlaczego tak jest? To ca\u0142kiem proste! Bitcoin jest anonimowy i nie mo\u017cna go \u015bledzi\u0107.<\/p>\n\n\n\n<p>Nie masz Bitcoin\u00f3w? Nie wiesz, gdzie kupi\u0107 Bitcoin lub jak go u\u017cywa\u0107?<\/p>\n\n\n\n<h2 class=\"wp-block-heading\">Kupowanie Bitcoin\u00f3w jest \u0142atwe!<\/h2>\n\n\n\n<p>Istnieje wielu dostawc\u00f3w, u kt\u00f3rych mo\u017cna \u0142atwo kupi\u0107 Bitcoiny przy u\u017cyciu r\u00f3\u017cnych metod p\u0142atno\u015bci, takich jak PayPal, karta kredytowa lub przelew bankowy.<\/p>\n\n\n\n<p>Dla pocz\u0105tkuj\u0105cych polecamy <a href=\"https:\/\/bitpanda.com\" target=\"_blank\" rel=\"noopener\">bitpanda.com<\/a>.<\/p>\n\n\n\n<figure class=\"wp-block-embed is-type-video is-provider-youtube wp-block-embed-youtube wp-embed-aspect-16-9 wp-has-aspect-ratio\"><div class=\"wp-block-embed__wrapper\">\n<iframe title=\"Kup Bitcoin 2024: Instrukcje dla pocz\u0105tkuj\u0105cych | krok po kroku - bezpiecznie i \u0142atwo\" width=\"843\" height=\"474\" src=\"https:\/\/www.youtube.com\/embed\/szKnbbHwY4A?feature=oembed\" frameborder=\"0\" allow=\"accelerometer; autoplay; clipboard-write; encrypted-media; gyroscope; picture-in-picture; web-share\" allowfullscreen><\/iframe>\n<\/div><\/figure>\n\n\n\n<p>Po kr\u00f3tkim procesie weryfikacji mo\u017cna tam \u0142atwo kupi\u0107 Bitcoiny.<\/p>\n\n\n\n<p>Po drugie, zalecamy skonfigurowanie osobistego anonimowego portfela. Jest to miejsce, w kt\u00f3rym przechowujesz swoje Bitcoiny. Odpowiedni jest do tego szwajcarski dostawca, na przyk\u0142ad <a href=\"https:\/\/swiss-wallet.org\/\" target=\"_blank\" rel=\"noopener\">swiss-wallet.org<\/a>.<\/p>\n\n\n\n<p>Ze wzgl\u0119du na surowe szwajcarskie przepisy dotycz\u0105ce ochrony danych, Bitcoin jest tam bezpieczny.<\/p>\n\n\n\n<h2 class=\"wp-block-heading\">Mo\u017cesz zalogowa\u0107 si\u0119 natychmiast.<\/h2>\n\n\n\n<p>Je\u015bli posiadasz ju\u017c Bitcoiny w swoim osobistym portfelu, to jeste\u015b ju\u017c prawie na miejscu.<\/p>\n\n\n\n<p>Dokonujesz zakupu w naszym sklepie i przechodzisz do kasy. Potwierdzasz \"P\u0142atno\u015b\u0107 za pomoc\u0105 Bitcoin\".<\/p>\n\n\n\n<p>Chwil\u0119 p\u00f3\u017aniej zobaczysz adres naszego portfela i kod QR. Wy\u015blij odpowiedni\u0105 kwot\u0119 na nasz adres.<\/p>\n\n\n\n<p>Twoja paczka b\u0119dzie w drodze do Ciebie wkr\u00f3tce potem.<\/p>","protected":false},"excerpt":{"rendered":"<p>Bezpiecze\u0144stwo przede wszystkim! W naszym sklepie internetowym z marihuan\u0105 i haszyszem mo\u017cna p\u0142aci\u0107 wy\u0142\u0105cznie za pomoc\u0105 Bitcoin. Dlaczego tak jest? To ca\u0142kiem proste! Bitcoin jest anonimowy...<\/p>","protected":false},"author":10,"featured_media":0,"parent":0,"menu_order":0,"comment_status":"closed","ping_status":"closed","template":"","meta":{"_monsterinsights_skip_tracking":false,"_monsterinsights_sitenote_active":false,"_monsterinsights_sitenote_note":"","_monsterinsights_sitenote_category":0,"footnotes":""},"class_list":["post-1983","page","type-page","status-publish","hentry"],"_links":{"self":[{"href":"https:\/\/psychedelischerweltraum.com\/pl\/wp-json\/wp\/v2\/pages\/1983","targetHints":{"allow":["GET"]}}],"collection":[{"href":"https:\/\/psychedelischerweltraum.com\/pl\/wp-json\/wp\/v2\/pages"}],"about":[{"href":"https:\/\/psychedelischerweltraum.com\/pl\/wp-json\/wp\/v2\/types\/page"}],"author":[{"embeddable":true,"href":"https:\/\/psychedelischerweltraum.com\/pl\/wp-json\/wp\/v2\/users\/10"}],"replies":[{"embeddable":true,"href":"https:\/\/psychedelischerweltraum.com\/pl\/wp-json\/wp\/v2\/comments?post=1983"}],"version-history":[{"count":2,"href":"https:\/\/psychedelischerweltraum.com\/pl\/wp-json\/wp\/v2\/pages\/1983\/revisions"}],"predecessor-version":[{"id":1987,"href":"https:\/\/psychedelischerweltraum.com\/pl\/wp-json\/wp\/v2\/pages\/1983\/revisions\/1987"}],"wp:attachment":[{"href":"https:\/\/psychedelischerweltraum.com\/pl\/wp-json\/wp\/v2\/media?parent=1983"}],"curies":[{"name":"wp","href":"https:\/\/api.w.org\/{rel}","templated":true}]}}