{"id":3,"date":"2023-05-30T13:58:39","date_gmt":"2023-05-30T12:58:39","guid":{"rendered":"https:\/\/psychedelischerweltraum.com\/?page_id=3"},"modified":"2023-07-23T19:14:12","modified_gmt":"2023-07-23T18:14:12","slug":"datenschutzerklarung","status":"publish","type":"page","link":"https:\/\/psychedelischerweltraum.com\/pl\/datenschutzerklarung\/","title":{"rendered":"Polityka prywatno\u015bci"},"content":{"rendered":"<p>Dzi\u0119kujemy za wizyt\u0119 na stronie <a href=\"\/pl\/\">coke2kaufen.com<\/a> (zwanej dalej \"stron\u0105 internetow\u0105\"). Ochrona danych osobowych u\u017cytkownik\u00f3w jest dla nas wa\u017cna. Poni\u017cej chcieliby\u015bmy poinformowa\u0107 Ci\u0119, jakie dane osobowe gromadzimy podczas Twojej wizyty na naszej stronie internetowej, do jakich cel\u00f3w s\u0105 one wykorzystywane i jakie prawa przys\u0142uguj\u0105 Ci w odniesieniu do Twoich danych. Niniejsza polityka prywatno\u015bci ma zastosowanie do korzystania z witryny coke2kaufen.com.<\/p>\n\n\n\n<ol class=\"wp-block-list\">\n<li>Organ odpowiedzialny<\/li>\n<\/ol>\n\n\n\n<p>Odpowiedzialnym za przetwarzanie danych na tej stronie jest<\/p>\n\n\n\n<p>Coke2Kaufen GmbH Musterstra\u00dfe 123 12345 Musterstadt Niemcy E-Mail: <a href=\"mailto:info@psychedelischerweltraum.com\">info@psychedelischerweltraum.com<\/a><\/p>\n\n\n\n<ol class=\"wp-block-list\" start=\"2\">\n<li>Gromadzenie i przetwarzanie danych osobowych<\/li>\n<\/ol>\n\n\n\n<p>a) Podczas odwiedzania strony internetowej<\/p>\n\n\n\n<p>Gdy u\u017cytkownik odwiedza nasz\u0105 witryn\u0119 internetow\u0105, automatycznie gromadzimy i przechowujemy informacje techniczne przesy\u0142ane na nasz serwer przez przegl\u0105dark\u0119 u\u017cytkownika. Obejmuje to adres IP urz\u0105dzenia, typ przegl\u0105darki, dat\u0119 i godzin\u0119 dost\u0119pu, odwiedzane strony i pliki oraz stron\u0119 internetow\u0105, z kt\u00f3rej u\u017cytkownik uzyska\u0142 dost\u0119p do naszej witryny (adres URL odsy\u0142acza). Gromadzenie tych danych jest technicznie konieczne, aby umo\u017cliwi\u0107 u\u017cytkownikowi korzystanie z naszej strony internetowej oraz zapewni\u0107 stabilno\u015b\u0107 i bezpiecze\u0144stwo. Dane te nie s\u0105 \u0142\u0105czone z innymi \u017ar\u00f3d\u0142ami danych ani wykorzystywane do tworzenia profili u\u017cytkownik\u00f3w.<\/p>\n\n\n\n<p>b) Podczas rejestracji i sk\u0142adania zam\u00f3wienia<\/p>\n\n\n\n<p>Podczas rejestracji na naszej stronie internetowej lub sk\u0142adania zam\u00f3wienia gromadzimy dane osobowe wymagane do przetwarzania. Obejmuj\u0105 one imi\u0119 i nazwisko, adres, adres e-mail i wszelkie inne dane kontaktowe. Dane te s\u0105 wykorzystywane wy\u0142\u0105cznie w celu realizacji umowy zawartej z u\u017cytkownikiem i nie s\u0105 przekazywane stronom trzecim, chyba \u017ce jest to konieczne do realizacji umowy (np. przekazanie danych dostawcom us\u0142ug wysy\u0142kowych).<\/p>\n\n\n\n<p>c) Podczas nawi\u0105zywania kontaktu<\/p>\n\n\n\n<p>Je\u015bli u\u017cytkownik skontaktuje si\u0119 z nami poczt\u0105 elektroniczn\u0105 lub za po\u015brednictwem formularza kontaktowego na stronie internetowej, b\u0119dziemy przechowywa\u0107 podane przez niego informacje, aby\u015bmy mogli przetworzy\u0107 jego zapytanie. Dane te nie b\u0119d\u0105 przekazywane stronom trzecim bez zgody u\u017cytkownika.<\/p>\n\n\n\n<p>d) Korzystanie z plik\u00f3w cookie<\/p>\n\n\n\n<p>U\u017cywamy plik\u00f3w cookie w celu poprawy i analizy korzystania z naszej strony internetowej. Pliki cookie to ma\u0142e pliki tekstowe, kt\u00f3re s\u0105 przechowywane na urz\u0105dzeniu ko\u0144cowym u\u017cytkownika i zawieraj\u0105 okre\u015blone informacje. S\u0142u\u017c\u0105 one do uczynienia strony internetowej bardziej przyjazn\u0105 dla u\u017cytkownika, skuteczn\u0105 i bezpieczn\u0105. Przechowywanie plik\u00f3w cookie mo\u017cna wy\u0142\u0105czy\u0107 w ustawieniach przegl\u0105darki. Nale\u017cy pami\u0119ta\u0107, \u017ce mo\u017ce to ograniczy\u0107 funkcjonalno\u015b\u0107 naszej witryny.<\/p>\n\n\n\n<ol class=\"wp-block-list\" start=\"3\">\n<li>Cel przetwarzania danych<\/li>\n<\/ol>\n\n\n\n<p>Przetwarzamy dane osobowe wy\u0142\u0105cznie w nast\u0119puj\u0105cych celach:<\/p>\n\n\n\n<ul class=\"wp-block-list\">\n<li>Udost\u0119pnianie i ulepszanie naszej strony internetowej<\/li>\n\n\n\n<li>Przetwarzanie zam\u00f3wie\u0144 i um\u00f3w<\/li>\n\n\n\n<li>Odpowiadanie na zapytania i komunikacja z u\u017cytkownikiem<\/li>\n\n\n\n<li>Zapewnienie bezpiecze\u0144stwa IT i analiza b\u0142\u0119d\u00f3w<\/li>\n\n\n\n<li>Wype\u0142nianie zobowi\u0105za\u0144 prawnych<\/li>\n<\/ul>\n\n\n\n<ol class=\"wp-block-list\" start=\"4\">\n<li>Podstawa prawna przetwarzania danych<\/li>\n<\/ol>\n\n\n\n<p>Dane osobowe u\u017cytkownika s\u0105 przetwarzane na podstawie przepis\u00f3w Unii Europejskiej dotycz\u0105cych ochrony danych, w szczeg\u00f3lno\u015bci og\u00f3lnego rozporz\u0105dzenia o ochronie danych (RODO). Podstaw\u0105 prawn\u0105 mo\u017ce by\u0107 w szczeg\u00f3lno\u015bci wykonanie umowy zawartej z u\u017cytkownikiem, jego zgoda lub uzasadnione interesy z naszej strony.<\/p>\n\n\n\n<ol class=\"wp-block-list\" start=\"5\">\n<li>Czas przechowywania danych<\/li>\n<\/ol>\n\n\n\n<p>Dane osobowe u\u017cytkownika b\u0119d\u0105 przechowywane tylko tak d\u0142ugo, jak jest to konieczne do cel\u00f3w, dla kt\u00f3rych zosta\u0142y zgromadzone lub tak d\u0142ugo, jak wymagaj\u0105 tego ustawowe okresy przechowywania. Gdy cel przestanie mie\u0107 zastosowanie lub up\u0142yn\u0105 okresy przechowywania, dane u\u017cytkownika zostan\u0105 usuni\u0119te.<\/p>\n\n\n\n<ol class=\"wp-block-list\" start=\"6\">\n<li>Ujawnianie informacji stronom trzecim<\/li>\n<\/ol>\n\n\n\n<p>Nie przekazujemy danych osobowych u\u017cytkownika stronom trzecim, chyba \u017ce jest to konieczne do realizacji umowy lub wynika z przepis\u00f3w prawa.<\/p>\n\n\n\n<ol class=\"wp-block-list\" start=\"7\">\n<li>Twoje prawa<\/li>\n<\/ol>\n\n\n\n<p>U\u017cytkownik ma prawo do uzyskania informacji o przetwarzanych przez nas danych, a tak\u017ce prawo do ich sprostowania, usuni\u0119cia, ograniczenia przetwarzania i przenoszenia danych. Zgod\u0119 na przetwarzanie danych mo\u017cna wycofa\u0107 w dowolnym momencie. Aby skorzysta\u0107 ze swoich praw lub w przypadku jakichkolwiek pyta\u0144 dotycz\u0105cych ochrony danych, mo\u017cna skontaktowa\u0107 si\u0119 z nami, korzystaj\u0105c z danych kontaktowych podanych w sekcji 1.<\/p>\n\n\n\n<ol class=\"wp-block-list\" start=\"8\">\n<li>Zmiany w polityce prywatno\u015bci<\/li>\n<\/ol>\n\n\n\n<p>Zastrzegamy sobie prawo do aktualizacji niniejszej polityki prywatno\u015bci w razie potrzeby. Dlatego prosimy o regularne sprawdzanie naszej polityki prywatno\u015bci.<\/p>\n\n\n\n<p>Dzi\u0119kujemy za po\u015bwi\u0119cenie czasu na zapoznanie si\u0119 z nasz\u0105 polityk\u0105 prywatno\u015bci.<\/p>","protected":false},"excerpt":{"rendered":"<p>Vielen Dank f\u00fcr Ihren Besuch auf coke2kaufen.com (im Folgenden &#8222;Website&#8220; genannt). Der Schutz Ihrer personenbezogenen Daten ist uns ein wichtiges Anliegen. Nachfolgend m\u00f6chten wir Sie&hellip;<\/p>","protected":false},"author":10,"featured_media":0,"parent":0,"menu_order":0,"comment_status":"closed","ping_status":"open","template":"","meta":{"_monsterinsights_skip_tracking":false,"_monsterinsights_sitenote_active":false,"_monsterinsights_sitenote_note":"","_monsterinsights_sitenote_category":0,"footnotes":""},"class_list":["post-3","page","type-page","status-publish","hentry"],"_links":{"self":[{"href":"https:\/\/psychedelischerweltraum.com\/pl\/wp-json\/wp\/v2\/pages\/3","targetHints":{"allow":["GET"]}}],"collection":[{"href":"https:\/\/psychedelischerweltraum.com\/pl\/wp-json\/wp\/v2\/pages"}],"about":[{"href":"https:\/\/psychedelischerweltraum.com\/pl\/wp-json\/wp\/v2\/types\/page"}],"author":[{"embeddable":true,"href":"https:\/\/psychedelischerweltraum.com\/pl\/wp-json\/wp\/v2\/users\/10"}],"replies":[{"embeddable":true,"href":"https:\/\/psychedelischerweltraum.com\/pl\/wp-json\/wp\/v2\/comments?post=3"}],"version-history":[{"count":1,"href":"https:\/\/psychedelischerweltraum.com\/pl\/wp-json\/wp\/v2\/pages\/3\/revisions"}],"predecessor-version":[{"id":1979,"href":"https:\/\/psychedelischerweltraum.com\/pl\/wp-json\/wp\/v2\/pages\/3\/revisions\/1979"}],"wp:attachment":[{"href":"https:\/\/psychedelischerweltraum.com\/pl\/wp-json\/wp\/v2\/media?parent=3"}],"curies":[{"name":"wp","href":"https:\/\/api.w.org\/{rel}","templated":true}]}}