{"id":1729,"date":"2023-06-27T19:20:43","date_gmt":"2023-06-27T18:20:43","guid":{"rendered":"https:\/\/psychedelischerweltraum.com\/?post_type=product&#038;p=1729"},"modified":"2026-03-29T16:36:22","modified_gmt":"2026-03-29T14:36:22","slug":"kaliumzyanid-kaufen","status":"publish","type":"product","link":"https:\/\/psychedelischerweltraum.com\/pl\/product\/kaliumzyanid-kaufen\/","title":{"rendered":"Cyjanek potasu"},"content":{"rendered":"<h3><span class=\"___SText_4qyg4-ko_\" data-ui-name=\"Link.Text\">Kup cyjanek potasu<\/span><\/h3>\n<p>Niemniej jednak oferujemy wysokiej jako\u015bci, czyste <a href=\"https:\/\/de.wikipedia.org\/wiki\/Kaliumcyanid\" target=\"_blank\" rel=\"noopener\">Cyjanek potasu<\/a> na sprzeda\u017c w bardzo korzystnych cenach. Cyjanek potasu jest cz\u0119sto u\u017cywany w po\u0142\u0105czeniu ze strategi\u0105 KCN. Ta m\u0119tna, szklista s\u00f3l, podobna z wygl\u0105du do cukru, jest silnym rozpuszczalnikiem w wodzie pitnej. Cyjanek potasu jest silnym przeno\u015bnym inhibitorem oddychania, kt\u00f3ry dzia\u0142a na mitochondrialn\u0105 oksydaz\u0119 cytochromu c, hamuj\u0105c fosforylacj\u0119 oksydacyjn\u0105. W wyniku trawienia beztlenowego dochodzi do kwasicy mleczanowej.<\/p>\n<p>Powa\u017cne uszkodzenie cyjankiem pocz\u0105tkowo prowadzi do ciemnoczerwonego lub czerwonawego zabarwienia u ofiary, poniewa\u017c tkanka nie mo\u017ce wykorzysta\u0107 tlenu zawartego we krwi. Dzia\u0142anie cyjanku potasu i cyjanku sodu jest takie samo, a objawy urazu pojawiaj\u0105 si\u0119 zwykle w ci\u0105gu kilku minut od spo\u017cycia substancji: Osoba traci przytomno\u015b\u0107 i ostatecznie dochodzi do \u015bmierci m\u00f3zgu. Dym tytoniowy zawiera cyjanek, podobnie jak wyniki spalania podrobionych produkt\u00f3w, takich jak tworzywa sztuczne. Cyjanek potasu na sprzeda\u017c<\/p>\n<p>Cyjanek jest bardzo popularny w produkcji papieru, tkanin i tworzyw sztucznych. Obecnie jest stosowany w substancji, kt\u00f3ra intensyfikuje i jest u\u017cywana do tworzenia fotografii. W metalurgii sole cyjanku s\u0105 u\u017cywane do galwanizacji, czyszczenia metalu i usuwania z\u0142ota z metalu. W tym czasie ofiara mo\u017ce cierpie\u0107 na drgawki. Liczba ofiar \u015bmiertelnych jest spowodowana niedotlenieniem m\u00f3zgu. Pozyskanie cyjanku potasu jest prawie niemo\u017cliwe, chocia\u017c na forum dyskusyjnym Tranquil Tablet Handbook pojawi\u0142 si\u0119 raport o sprzeda\u017cy cyjanku potasu z Chin. Kup cyjanek potasu<\/p>\n<h4>KUPI\u0106 CYJANEK POTASU ONLINE<\/h4>\n<p>Co istotne, cyjanek potasu jest niezwykle toksyczny. W wyniku hydrolizy w mokrych stajniach powstaje kwas cyjanowodorowy, kt\u00f3ry ma nieprzyjemny migda\u0142owy smak. Og\u00f3lnie rzecz bior\u0105c, nie ka\u017cdy ma okazj\u0119 tego do\u015bwiadczy\u0107. Osoby, kt\u00f3re s\u0105 nara\u017cone na niewielk\u0105 ilo\u015b\u0107 kwasu cyjanowodorowego poprzez wdychanie go, trzymanie go na sk\u00f3rze lub spo\u017cywanie \u017cywno\u015bci zawieraj\u0105cej kwas cyjanowodorowy, mog\u0105 na og\u00f3\u0142 i w ci\u0105gu kilku minut do\u015bwiadczy\u0107 niekt\u00f3rych z nast\u0119puj\u0105cych objaw\u00f3w: Zawroty g\u0142owy, b\u00f3l g\u0142owy, wymioty i nudno\u015bci, szybki wdech, szybkie bicie serca, niepok\u00f3j, uczucie os\u0142abienia. Kup cyjanek potasu<\/p>\n<p>Intensywne spo\u017cycie cyjanku ma najprawdopodobniej fantastyczny, szybki pocz\u0105tek, kt\u00f3ry natychmiast wp\u0142ywa na wn\u0119trzno\u015bci, powoduj\u0105c nieoczekiwan\u0105 zapa\u015b\u0107, drgawki lub skrajny letarg. Trwa\u0142e uszkodzenie spowodowane spo\u017cyciem lub uk\u0142adem biologicznym ma bardziej stopniowy pocz\u0105tek. Tabletki cyjanku potasu maj\u0105 \u015bmierteln\u0105 dawk\u0119 (dla cz\u0142owieka) od 200 do 300 mg. Jego toksyczno\u015b\u0107, w przypadku po\u0142kni\u0119cia, zale\u017cy od ostro\u015bci \u017co\u0142\u0105dka, poniewa\u017c powinien reagowa\u0107 z substancj\u0105 \u017cr\u0105c\u0105 do cyjanowodoru, \u015bmiertelnej strategii dla cyjanku. Kup cyjanek potasu<\/p>\n<p>Nie mylimy naszych opakowa\u0144 ze znacz\u0105cymi pakietami, czyni\u0105c je szczeg\u00f3lnie uroczymi lub wyszukanymi. Wiemy, \u017ce wi\u0119kszo\u015b\u0107 klient\u00f3w potrzebuje po prostu wysokiej jako\u015bci tabletek, a nasze opakowania maj\u0105 na celu ochron\u0119 inwestycji. Cyjanek potasu mo\u017ce by\u0107 przygotowywany w projektach na r\u00f3\u017cne sposoby, w zale\u017cno\u015bci od zamierzonego zastosowania. Jako zaufana organizacja i dostawca cyjanku potasu, oferujemy czysty KCN (cyjanek potasu) o czysto\u015bci 99,8 %, kt\u00f3ry jest znany ze swojej wysokiej \u017cywotno\u015bci. Kup cyjanek potasu<\/p>\n<h4>CYJANEK POTASU NA SPRZEDA\u017b ONLINE:<\/h4>\n<p>Obecnie posiadamy nieograniczone dostawy wysokiej jako\u015bci cyjanku potasu w najkorzystniejszej cenie. Podobnie jak cyjanek sodu, cyjanek potasu jest niezwykle destrukcyjny, niezaprzeczalnie toksyczny i dzia\u0142a szybko nawet w najmniejszych ilo\u015bciach. Nara\u017cenie na cyjanek potasu w postaci sta\u0142ej mo\u017ce by\u0107 niezwykle niebezpieczne, poniewa\u017c powoli uwalnia on toksyczne gazy do powietrza, kt\u00f3re s\u0105 nast\u0119pnie zabijane przez wdychanie. Kup cyjanek potasu<\/p>\n<p>Cyjanek potasu jest produkowany w spos\u00f3b ekonomiczny poprzez reakcj\u0119 cyjanowodoru z ciek\u0142ym lekiem, kt\u00f3ry usuwa wod\u0119, tworz\u0105c zdrowy cyjanek potasu. Cyjanek jest cz\u0119sto \u015bmierteln\u0105 substancj\u0105, kt\u00f3ra mo\u017ce by\u0107 \u015bmiertelna w przypadku spo\u017cycia. Je\u015bli poszukasz cyjanku w Internecie, mo\u017cesz dowiedzie\u0107 si\u0119 ca\u0142kiem sporo. Wa\u017cne jest, aby wszyscy zaanga\u017cowani zgodzili si\u0119, \u017ce strategia dzia\u0142a sprawnie. Kup cyjanek potasu<\/p>\n<p>Tabletki cyjanku potasu to niezwykle szkodliwy zwi\u0105zek, kt\u00f3ry jest inhibitorem wielu strategii metabolicznych i jest stosowany w szczeg\u00f3lno\u015bci jako odczynnik oceniaj\u0105cy do wizualizacji chemoreceptor\u00f3w. Ze wzgl\u0119du na swoje w\u0142a\u015bciwo\u015bci rozpuszczaj\u0105ce, jest stosowany w galwanotechnice i wydobyciu z\u0142ota. Ponadto dostarczamy cyjanek potasu naszym hojnym darczy\u0144com po niskiej cenie. Mo\u017cliwo\u015bci naszego produktu s\u0105 wymienione poni\u017cej. Jest to bia\u0142a lub paruj\u0105ca, p\u00f3\u0142przezroczysta substancja o lekkim zapachu migda\u0142\u00f3w (wynik dzia\u0142ania cz\u0105steczek cyjanku). Kup cyjanek potasu<\/p>\n<h4>CYJANEK POTASU W PROSZKU NA SPRZEDA\u017b:<\/h4>\n<p>Jego g\u0119sto\u015b\u0107 wynosi 1,52 g\/ml pomimo temperatury skraplania 634,5 \u00b0C. Cyjanek jest niezwykle toksyczny i powinien by\u0107 u\u017cywany wy\u0142\u0105cznie do szybkiego, skutecznego, prostego i spokojnego zabijania. Cyjanek jest r\u00f3wnie\u017c znany jako \u015bmiertelny pojemnik lub tabletka \u015bmierci. Cyjanek potasu jest wysoce toksycznym zwi\u0105zkiem u\u017cywanym do szybkiej i skutecznej egzekucji. By\u0142 r\u00f3wnie\u017c u\u017cywany w rybo\u0142\u00f3wstwie do zabijania ryb, a nast\u0119pnie wyci\u0105gania ich z wody, metoda, kt\u00f3ra jest obecnie nielegalna ze wzgl\u0119du na rozpoznawalne sk\u0142adniki. Kup cyjanek potasu<\/p>\n<p>Innym wyja\u015bnieniem dla cyjanku potasu jest ponowne u\u017cycie z\u0142ota. Jako ekspert naukowy czuj\u0119 si\u0119 zmuszony zwr\u00f3ci\u0107 uwag\u0119, \u017ce pierwsza sugerowana strategia nie doprowadzi do uzyskania czystego cyjanku potasu. W zale\u017cno\u015bci od liczby u\u017cytych odczynnik\u00f3w, nadal b\u0119dzie wyst\u0119powa\u0107 znaczne odbarwienie wodorotlenku potasu. Innym celem cyjanku potasu jest recykling z\u0142ota i srebra ze z\u0142omu stalowego, kt\u00f3ry jest tematem gor\u0105cych dyskusji ze wzgl\u0119du na wspomnian\u0105 toksyczno\u015b\u0107 cyjank\u00f3w. G\u0142\u00f3wne zastosowania cyjanku potasu to regularne i naturalne mieszanie, a tak\u017ce produkcja wielu wa\u017cnych substancji, tworzyw sztucznych i dozwolonych lek\u00f3w. Kup cyjanek potasu<\/p>\n<p>Istniej\u0105 r\u00f3wnie\u017c r\u00f3\u017cne badania dotycz\u0105ce \u015bmierci wywo\u0142anej cyjankiem. Mo\u017cna go wytworzy\u0107 ze stabilnego zwi\u0105zku (KOH) i s\u0142abego wytrawiacza (HCN). Jest on u\u017cywany do ekstrakcji z\u0142ota, srebra i innych metali. Jest to jeden z rodzaj\u00f3w cyjanku zwi\u0105zanego z rozk\u0142adem \u017celazocyjanku potasu przed technik\u0105 Castnera. Kup cyjanek potasu<\/p>\n<h4>TABLETKI CYJANKU POTASU NA SPRZEDA\u017b:<\/h4>\n<p>Cz\u0119sto wyst\u0119puj\u0105 zaburzenia r\u00f3wnowagi w sercu. Ogniskowe zatrzymanie oddechu prowadzi do \u015bmierci. Objawami s\u0105 sine usta, obni\u017cone wysokie ci\u015bnienie krwi i drgawki. W przypadku klienta \/ ofiary, kt\u00f3ra nie wykazuje rzeczywistych objaw\u00f3w zatrucia cyjankiem, wystarczaj\u0105cym leczeniem mo\u017ce by\u0107 bardzo ostro\u017cna \u015bwiadomo\u015b\u0107, uzupe\u0142nianie tlenu i silna rozwaga.<\/p>\n<p>Pierwotna terapia dla poszkodowanego wykazuj\u0105cego fizyczne konsekwencje zatrucia cyjankiem obejmuje organizacj\u0119 leczenia pod kierunkiem eksperta klinicznego, zarz\u0105dzanie oddychaniem i kr\u0105\u017ceniem (tlen i p\u0142yny do\u017cylne), zaprzestanie syntetycznych nier\u00f3wnych objaw\u00f3w we krwi i monitorowanie drgawek. Ponadto znajduje zastosowanie w \u0142\u0105czeniu hydantoin, kt\u00f3re mog\u0105 by\u0107 znacz\u0105cymi podrobionymi p\u00f3\u0142produktami, gdy reaguje ze zwi\u0105zkiem karbonylowym, takim jak aldehyd lub keton w obecno\u015bci w\u0119glanu amonu. Cyjanek potasu na sprzeda\u017c<\/p>\n<p>Konwersja benzaldehydu do aldehydu octowego, w kt\u00f3rej po\u015brednicz\u0105 dro\u017cd\u017ce, jest do\u015b\u0107 przekonuj\u0105ca, poniewa\u017c jest to jedna z pierwszych mechanistycznie znacz\u0105cych zmian mikrobiologicznych, a powsta\u0142a acyloina jest obecnie syntetyzowana do d-efedryny. Cyjanek potasu jest doskona\u0142ym inhibitorem oddychania kom\u00f3rkowego, dzia\u0142aj\u0105c na mitochondrialn\u0105 oksydaz\u0119 cytochromu c w celu zahamowania fosforylacji oksydacyjnej. Cyjanek potasu na sprzeda\u017c<\/p>\n<p>W wyniku metabolizmu beztlenowego dochodzi do zatrucia kwasem mlekowym. Poniewa\u017c tkanka nie mo\u017ce wykorzysta\u0107 tlenu zawartego we krwi, powa\u017cne uszkodzenie cyjankiem pocz\u0105tkowo prowadzi do ciemnoczerwonego lub r\u00f3\u017cowego wygl\u0105du wewn\u0105trz ofiary. Cyjanek to pude\u0142ko, kapsu\u0142ka, ampu\u0142ka lub tabletka zawieraj\u0105ca \u015bmiertelnie niebezpieczny zwi\u0105zek, kt\u00f3ry po spo\u017cyciu uwalnia niezwykle toksyczny cyjanowod\u00f3r. Kup cyjanek potasu<\/p>\n<h5>DODATKOWO :<\/h5>\n<p>Reaguje, anga\u017cuj\u0105c ca\u0142e cia\u0142o i jego narz\u0105dy zmys\u0142\u00f3w, takie jak umys\u0142, serce i ogniskowy program strachu. W rezultacie pob\u00f3r tlenu w \u017cy\u0142ach ofiary jest ograniczony, co prowadzi do zrelaksowanej i spokojnej \u015bmierci. 27 Kolejnym dowodem na warto\u015b\u0107 produkcyjn\u0105 jest indukowane przez dro\u017cd\u017ce wzbogacanie aldehydu (4a,b) fermentacyjnie uwalnianym aldehydem octowym. Kup cyjanek potasu<\/p>\n<p>Wraz z r\u00f3wnaniem KCN, cyjanek potasu jest zwi\u0105zkiem. Ta sucha, szklista s\u00f3l, kt\u00f3ra z wygl\u0105du przypomina cukier, szybko rozpuszcza si\u0119 w wodzie pitnej. Wi\u0119kszo\u015b\u0107 KCN jest u\u017cywana w g\u00f3rnictwie z\u0142ota, zwyk\u0142ej amalgamacji i galwanizacji. Pomniejsze zastosowania obejmuj\u0105 ozdabianie po\u0142\u0105cze\u0144 galwanicznych i polerowanie. Eksponuje to i utwardza obraz, czyni\u0105c go mniej podatnym na delikatn\u0105 obr\u00f3bk\u0119. Cyjanek potasu na sprzeda\u017c<\/p>\n<p>Dzisiejsi fotografowie, kt\u00f3rzy oblewaj\u0105 p\u0142yty wod\u0105, mog\u0105 preferowa\u0107 mniej toksyczne utrwalacze, takie jak tiosiarczan sodu, ale KCN pozostaje popularny. Cyjanek potasu Cyjanek potasu ma \u015bmierteln\u0105 dawk\u0119 100-300 mg. Jego toksyczno\u015b\u0107 po spo\u017cyciu zale\u017cy od kwasowo\u015bci \u017co\u0142\u0105dka, g\u0142\u00f3wnie dlatego, \u017ce musi reagowa\u0107 z substancjami \u017cr\u0105cymi, aby utworzy\u0107 cyjanowod\u00f3r, najbardziej niebezpieczny rodzaj cyjanku. Wi\u0119cej informacji <a href=\"https:\/\/psychedelischerweltraum.com\/pl\/kontakt\/\">skontaktuj si\u0119 z nami<\/a> prosz\u0119.<\/p>","protected":false},"excerpt":{"rendered":"<p>Buy Potassium Cyanide Niemniej jednak, oferujemy wysokiej jako\u015bci, czysty cyjanek potasu na sprzeda\u017c w bardzo korzystnych cenach. Cyjanek potasu jest cz\u0119sto stosowany w po\u0142\u0105czeniu ze strategi\u0105 KCN....<\/p>","protected":false},"featured_media":1892,"comment_status":"open","ping_status":"closed","template":"","meta":{"_monsterinsights_skip_tracking":false,"_monsterinsights_sitenote_active":false,"_monsterinsights_sitenote_note":"","_monsterinsights_sitenote_category":0},"product_brand":[],"product_cat":[163],"product_tag":[],"class_list":{"0":"post-1729","1":"product","2":"type-product","3":"status-publish","4":"has-post-thumbnail","6":"product_cat-forschungschemikalien","8":"first","9":"instock","10":"shipping-taxable","11":"purchasable","12":"product-type-variable","13":"customify-col"},"_links":{"self":[{"href":"https:\/\/psychedelischerweltraum.com\/pl\/wp-json\/wp\/v2\/product\/1729","targetHints":{"allow":["GET"]}}],"collection":[{"href":"https:\/\/psychedelischerweltraum.com\/pl\/wp-json\/wp\/v2\/product"}],"about":[{"href":"https:\/\/psychedelischerweltraum.com\/pl\/wp-json\/wp\/v2\/types\/product"}],"replies":[{"embeddable":true,"href":"https:\/\/psychedelischerweltraum.com\/pl\/wp-json\/wp\/v2\/comments?post=1729"}],"wp:featuredmedia":[{"embeddable":true,"href":"https:\/\/psychedelischerweltraum.com\/pl\/wp-json\/wp\/v2\/media\/1892"}],"wp:attachment":[{"href":"https:\/\/psychedelischerweltraum.com\/pl\/wp-json\/wp\/v2\/media?parent=1729"}],"wp:term":[{"taxonomy":"product_brand","embeddable":true,"href":"https:\/\/psychedelischerweltraum.com\/pl\/wp-json\/wp\/v2\/product_brand?post=1729"},{"taxonomy":"product_cat","embeddable":true,"href":"https:\/\/psychedelischerweltraum.com\/pl\/wp-json\/wp\/v2\/product_cat?post=1729"},{"taxonomy":"product_tag","embeddable":true,"href":"https:\/\/psychedelischerweltraum.com\/pl\/wp-json\/wp\/v2\/product_tag?post=1729"}],"curies":[{"name":"wp","href":"https:\/\/api.w.org\/{rel}","templated":true}]}}