{"id":1983,"date":"2023-07-23T19:45:40","date_gmt":"2023-07-23T18:45:40","guid":{"rendered":"https:\/\/psychedelischerweltraum.com\/?page_id=1983"},"modified":"2023-07-23T19:49:49","modified_gmt":"2023-07-23T18:49:49","slug":"zahlung","status":"publish","type":"page","link":"https:\/\/psychedelischerweltraum.com\/pt\/zahlung\/","title":{"rendered":"Pagamento"},"content":{"rendered":"<p>A seguran\u00e7a em primeiro lugar!<\/p>\n\n\n\n<p>S\u00f3 podes pagar com Bitcoin na nossa loja online de erva e haxixe. Porqu\u00ea? \u00c9 muito simples! A Bitcoin \u00e9 an\u00f3nima e n\u00e3o pode ser rastreada.<\/p>\n\n\n\n<p>N\u00e3o tem Bitcoin? N\u00e3o sabe onde comprar Bitcoin ou como a utilizar?<\/p>\n\n\n\n<h2 class=\"wp-block-heading\">Comprar Bitcoin \u00e9 f\u00e1cil!<\/h2>\n\n\n\n<p>Existem muitos fornecedores onde pode facilmente comprar Bitcoin utilizando v\u00e1rios m\u00e9todos de pagamento, tais como PayPal, cart\u00e3o de cr\u00e9dito ou transfer\u00eancia banc\u00e1ria.<\/p>\n\n\n\n<p>Para os principiantes, recomendamos <a href=\"https:\/\/bitpanda.com\" target=\"_blank\" rel=\"noopener\">bitpanda.com<\/a>.<\/p>\n\n\n\n<figure class=\"wp-block-embed is-type-video is-provider-youtube wp-block-embed-youtube wp-embed-aspect-16-9 wp-has-aspect-ratio\"><div class=\"wp-block-embed__wrapper\">\n<iframe title=\"Comprar Bitcoin 2024: Instru\u00e7\u00f5es para principiantes - passo a passo - seguro e f\u00e1cil\" width=\"843\" height=\"474\" src=\"https:\/\/www.youtube.com\/embed\/szKnbbHwY4A?feature=oembed\" frameborder=\"0\" allow=\"accelerometer; autoplay; clipboard-write; encrypted-media; gyroscope; picture-in-picture; web-share\" allowfullscreen><\/iframe>\n<\/div><\/figure>\n\n\n\n<p>Ap\u00f3s um breve processo de verifica\u00e7\u00e3o, pode facilmente comprar Bitcoin a\u00ed.<\/p>\n\n\n\n<p>Em segundo lugar, recomendamos que crie uma carteira pessoal an\u00f3nima. \u00c9 aqui que guarda a sua Bitcoin. O fornecedor su\u00ed\u00e7o \u00e9 adequado para isso, por exemplo <a href=\"https:\/\/swiss-wallet.org\/\" target=\"_blank\" rel=\"noopener\">swiss-wallet.org<\/a>.<\/p>\n\n\n\n<p>Devido \u00e0s rigorosas leis su\u00ed\u00e7as de prote\u00e7\u00e3o de dados, a sua Bitcoin est\u00e1 segura l\u00e1.<\/p>\n\n\n\n<h2 class=\"wp-block-heading\">Pode iniciar sess\u00e3o imediatamente.<\/h2>\n\n\n\n<p>Se agora tem a sua Bitcoin na sua carteira pessoal, est\u00e1 quase l\u00e1.<\/p>\n\n\n\n<p>Termina a sua compra na nossa loja e vai para a caixa. Confirma o \"Pagamento com Bitcoin\".<\/p>\n\n\n\n<p>Pouco tempo depois, ver\u00e1 o endere\u00e7o da nossa carteira e um c\u00f3digo QR. Envia o montante correspondente para o nosso endere\u00e7o.<\/p>\n\n\n\n<p>A sua encomenda ser\u00e1 enviada para si pouco tempo depois.<\/p>","protected":false},"excerpt":{"rendered":"<p>A seguran\u00e7a em primeiro lugar! S\u00f3 podes pagar com Bitcoin na nossa loja online de erva e haxixe. Porqu\u00ea? \u00c9 muito simples! A Bitcoin \u00e9 an\u00f3nima...<\/p>","protected":false},"author":10,"featured_media":0,"parent":0,"menu_order":0,"comment_status":"closed","ping_status":"closed","template":"","meta":{"_monsterinsights_skip_tracking":false,"_monsterinsights_sitenote_active":false,"_monsterinsights_sitenote_note":"","_monsterinsights_sitenote_category":0,"footnotes":""},"class_list":["post-1983","page","type-page","status-publish","hentry"],"_links":{"self":[{"href":"https:\/\/psychedelischerweltraum.com\/pt\/wp-json\/wp\/v2\/pages\/1983","targetHints":{"allow":["GET"]}}],"collection":[{"href":"https:\/\/psychedelischerweltraum.com\/pt\/wp-json\/wp\/v2\/pages"}],"about":[{"href":"https:\/\/psychedelischerweltraum.com\/pt\/wp-json\/wp\/v2\/types\/page"}],"author":[{"embeddable":true,"href":"https:\/\/psychedelischerweltraum.com\/pt\/wp-json\/wp\/v2\/users\/10"}],"replies":[{"embeddable":true,"href":"https:\/\/psychedelischerweltraum.com\/pt\/wp-json\/wp\/v2\/comments?post=1983"}],"version-history":[{"count":2,"href":"https:\/\/psychedelischerweltraum.com\/pt\/wp-json\/wp\/v2\/pages\/1983\/revisions"}],"predecessor-version":[{"id":1987,"href":"https:\/\/psychedelischerweltraum.com\/pt\/wp-json\/wp\/v2\/pages\/1983\/revisions\/1987"}],"wp:attachment":[{"href":"https:\/\/psychedelischerweltraum.com\/pt\/wp-json\/wp\/v2\/media?parent=1983"}],"curies":[{"name":"wp","href":"https:\/\/api.w.org\/{rel}","templated":true}]}}