{"id":3,"date":"2023-05-30T13:58:39","date_gmt":"2023-05-30T12:58:39","guid":{"rendered":"https:\/\/psychedelischerweltraum.com\/?page_id=3"},"modified":"2023-07-23T19:14:12","modified_gmt":"2023-07-23T18:14:12","slug":"datenschutzerklarung","status":"publish","type":"page","link":"https:\/\/psychedelischerweltraum.com\/pt\/datenschutzerklarung\/","title":{"rendered":"Pol\u00edtica de privacidade"},"content":{"rendered":"<p>Obrigado pela vossa visita ao <a href=\"\/pt\/\">coke2kaufen.com<\/a> (a seguir designado por \"s\u00edtio Web\"). A prote\u00e7\u00e3o dos seus dados pessoais \u00e9 importante para n\u00f3s. A seguir, gostar\u00edamos de o informar quais os dados pessoais que recolhemos durante a sua visita ao nosso s\u00edtio Web, para que fins s\u00e3o utilizados e quais os direitos que lhe assistem relativamente aos seus dados. Esta pol\u00edtica de privacidade aplica-se \u00e0 utiliza\u00e7\u00e3o do s\u00edtio Web coke2kaufen.com.<\/p>\n\n\n\n<ol class=\"wp-block-list\">\n<li>Organismo respons\u00e1vel<\/li>\n<\/ol>\n\n\n\n<p>O respons\u00e1vel pelo tratamento dos dados neste s\u00edtio Web \u00e9<\/p>\n\n\n\n<p>Coke2Kaufen GmbH Musterstra\u00dfe 123 12345 Musterstadt Alemanha E-Mail: <a href=\"mailto:info@psychedelischerweltraum.com\">info@psychedelischerweltraum.com<\/a><\/p>\n\n\n\n<ol class=\"wp-block-list\" start=\"2\">\n<li>Recolha e tratamento de dados pessoais<\/li>\n<\/ol>\n\n\n\n<p>a) Ao visitar o s\u00edtio Web<\/p>\n\n\n\n<p>Quando visita o nosso s\u00edtio Web, recolhemos e armazenamos automaticamente informa\u00e7\u00f5es t\u00e9cnicas que s\u00e3o transmitidas do seu navegador para o nosso servidor. Estas informa\u00e7\u00f5es incluem o endere\u00e7o IP do seu dispositivo, o tipo de navegador, a data e a hora de acesso, as p\u00e1ginas e os ficheiros acedidos e o s\u00edtio Web a partir do qual acedeu ao nosso s\u00edtio (URL de refer\u00eancia). A recolha destes dados \u00e9 tecnicamente necess\u00e1ria para lhe permitir utilizar o nosso s\u00edtio Web e para garantir a estabilidade e a seguran\u00e7a. Estes dados n\u00e3o s\u00e3o combinados com outras fontes de dados nem utilizados para criar perfis de utilizador.<\/p>\n\n\n\n<p>b) Aquando do registo e da encomenda<\/p>\n\n\n\n<p>Quando se regista no nosso s\u00edtio Web ou faz uma encomenda, recolhemos os dados pessoais necess\u00e1rios para o processamento. Estes dados incluem o seu nome, a sua morada, o seu endere\u00e7o de correio eletr\u00f3nico e quaisquer outros dados de contacto. Estes dados s\u00e3o utilizados exclusivamente para cumprir o contrato celebrado com o utilizador e n\u00e3o s\u00e3o transmitidos a terceiros, a menos que tal seja necess\u00e1rio para o cumprimento do contrato (por exemplo, transmiss\u00e3o a fornecedores de servi\u00e7os de transporte).<\/p>\n\n\n\n<p>c) Ao estabelecer contacto<\/p>\n\n\n\n<p>Se nos contactar por correio eletr\u00f3nico ou atrav\u00e9s do formul\u00e1rio de contacto do s\u00edtio Web, armazenaremos as informa\u00e7\u00f5es que nos fornecer para podermos processar o seu pedido. Estes dados n\u00e3o ser\u00e3o transmitidos a terceiros sem o seu consentimento.<\/p>\n\n\n\n<p>d) Utiliza\u00e7\u00e3o de cookies<\/p>\n\n\n\n<p>Utilizamos cookies para melhorar e analisar a utiliza\u00e7\u00e3o do nosso s\u00edtio Web. Os cookies s\u00e3o pequenos ficheiros de texto que s\u00e3o armazenados no seu dispositivo final e que cont\u00eam determinadas informa\u00e7\u00f5es. S\u00e3o utilizados para tornar o s\u00edtio Web mais f\u00e1cil de utilizar, eficaz e seguro. Pode desativar o armazenamento de cookies nas defini\u00e7\u00f5es do seu browser. Tenha em aten\u00e7\u00e3o que isto pode limitar a funcionalidade do nosso s\u00edtio Web.<\/p>\n\n\n\n<ol class=\"wp-block-list\" start=\"3\">\n<li>Objetivo do tratamento de dados<\/li>\n<\/ol>\n\n\n\n<p>Processamos os seus dados pessoais exclusivamente para os seguintes fins:<\/p>\n\n\n\n<ul class=\"wp-block-list\">\n<li>Disponibiliza\u00e7\u00e3o e melhoria do nosso s\u00edtio Web<\/li>\n\n\n\n<li>Processamento de encomendas e contratos<\/li>\n\n\n\n<li>Responder a pedidos de informa\u00e7\u00e3o e comunicar com o utilizador<\/li>\n\n\n\n<li>Garantir a seguran\u00e7a inform\u00e1tica e analisar os erros<\/li>\n\n\n\n<li>Cumprimento das obriga\u00e7\u00f5es legais<\/li>\n<\/ul>\n\n\n\n<ol class=\"wp-block-list\" start=\"4\">\n<li>Base jur\u00eddica do tratamento de dados<\/li>\n<\/ol>\n\n\n\n<p>Os seus dados pessoais s\u00e3o processados com base nas leis de prote\u00e7\u00e3o de dados da Uni\u00e3o Europeia, em particular o Regulamento Geral de Prote\u00e7\u00e3o de Dados (RGPD). A base legal pode ser, em particular, o cumprimento de um contrato consigo, o seu consentimento ou interesses leg\u00edtimos da nossa parte.<\/p>\n\n\n\n<ol class=\"wp-block-list\" start=\"5\">\n<li>Dura\u00e7\u00e3o do armazenamento de dados<\/li>\n<\/ol>\n\n\n\n<p>Os seus dados pessoais ser\u00e3o armazenados apenas durante o tempo necess\u00e1rio para os fins para os quais foram recolhidos ou durante o tempo exigido pelos per\u00edodos de reten\u00e7\u00e3o legais. Quando a finalidade deixar de se aplicar ou os per\u00edodos de reten\u00e7\u00e3o tiverem expirado, os seus dados ser\u00e3o eliminados.<\/p>\n\n\n\n<ol class=\"wp-block-list\" start=\"6\">\n<li>Divulga\u00e7\u00e3o a terceiros<\/li>\n<\/ol>\n\n\n\n<p>N\u00e3o transmitimos os seus dados pessoais a terceiros, a n\u00e3o ser que tal seja necess\u00e1rio para o cumprimento do contrato ou devido a regulamentos legais.<\/p>\n\n\n\n<ol class=\"wp-block-list\" start=\"7\">\n<li>Os seus direitos<\/li>\n<\/ol>\n\n\n\n<p>O utilizador tem o direito de obter informa\u00e7\u00f5es sobre os dados por n\u00f3s processados, bem como o direito de retifica\u00e7\u00e3o, apagamento, limita\u00e7\u00e3o do processamento e portabilidade dos dados. Pode revogar o seu consentimento para o tratamento dos seus dados em qualquer altura. Para exercer os seus direitos ou se tiver alguma d\u00favida sobre a prote\u00e7\u00e3o de dados, pode contactar-nos utilizando os dados de contacto indicados na sec\u00e7\u00e3o 1.<\/p>\n\n\n\n<ol class=\"wp-block-list\" start=\"8\">\n<li>Altera\u00e7\u00f5es \u00e0 pol\u00edtica de privacidade<\/li>\n<\/ol>\n\n\n\n<p>Reservamo-nos o direito de atualizar esta pol\u00edtica de privacidade, se necess\u00e1rio. Por conseguinte, consulte regularmente a nossa pol\u00edtica de privacidade.<\/p>\n\n\n\n<p>Obrigado por ter lido a nossa pol\u00edtica de privacidade.<\/p>","protected":false},"excerpt":{"rendered":"<p>Vielen Dank f\u00fcr Ihren Besuch auf coke2kaufen.com (im Folgenden &#8222;Website&#8220; genannt). Der Schutz Ihrer personenbezogenen Daten ist uns ein wichtiges Anliegen. Nachfolgend m\u00f6chten wir Sie&hellip;<\/p>","protected":false},"author":10,"featured_media":0,"parent":0,"menu_order":0,"comment_status":"closed","ping_status":"open","template":"","meta":{"_monsterinsights_skip_tracking":false,"_monsterinsights_sitenote_active":false,"_monsterinsights_sitenote_note":"","_monsterinsights_sitenote_category":0,"footnotes":""},"class_list":["post-3","page","type-page","status-publish","hentry"],"_links":{"self":[{"href":"https:\/\/psychedelischerweltraum.com\/pt\/wp-json\/wp\/v2\/pages\/3","targetHints":{"allow":["GET"]}}],"collection":[{"href":"https:\/\/psychedelischerweltraum.com\/pt\/wp-json\/wp\/v2\/pages"}],"about":[{"href":"https:\/\/psychedelischerweltraum.com\/pt\/wp-json\/wp\/v2\/types\/page"}],"author":[{"embeddable":true,"href":"https:\/\/psychedelischerweltraum.com\/pt\/wp-json\/wp\/v2\/users\/10"}],"replies":[{"embeddable":true,"href":"https:\/\/psychedelischerweltraum.com\/pt\/wp-json\/wp\/v2\/comments?post=3"}],"version-history":[{"count":1,"href":"https:\/\/psychedelischerweltraum.com\/pt\/wp-json\/wp\/v2\/pages\/3\/revisions"}],"predecessor-version":[{"id":1979,"href":"https:\/\/psychedelischerweltraum.com\/pt\/wp-json\/wp\/v2\/pages\/3\/revisions\/1979"}],"wp:attachment":[{"href":"https:\/\/psychedelischerweltraum.com\/pt\/wp-json\/wp\/v2\/media?parent=3"}],"curies":[{"name":"wp","href":"https:\/\/api.w.org\/{rel}","templated":true}]}}