{"id":1639,"date":"2023-06-27T19:20:12","date_gmt":"2023-06-27T18:20:12","guid":{"rendered":"https:\/\/psychedelischerweltraum.com\/?post_type=product&#038;p=1639"},"modified":"2026-04-14T02:16:19","modified_gmt":"2026-04-14T00:16:19","slug":"anesket-online-kaufen","status":"publish","type":"product","link":"https:\/\/psychedelischerweltraum.com\/pt\/product\/anesket-online-kaufen\/","title":{"rendered":"Anesket Ketamina"},"content":{"rendered":"<h2><span class=\"___SText_4qyg4-ko_\" data-ui-name=\"Link.Text\">Comprar Anesket Ketamina<\/span><\/h2>\n<p>Neste momento, pode comprar Anesket online com ou sem receita m\u00e9dica. No momento em que algu\u00e9m grunhe Anesket, eles trabalhar\u00e3o experimentando uma alegria inconfund\u00edvel do que conseguiriam engolir, o que aumenta a inclina\u00e7\u00e3o conceb\u00edvel e melhora o risco de brasa. O grunhido de Anesket proporciona um grave apaziguamento dos efeitos medicamentosos de risco de in\u00edcio r\u00e1pido. Este medicamento pode eventualmente influenciar a sua capacidade de inova\u00e7\u00e3o ou reac\u00e7\u00f5es.<\/p>\n<p>\u00c9 prov\u00e1vel que n\u00e3o lhe seja permitido viver sem a ajuda de algu\u00e9m adequado \u00e0 sua atividade ou regime de tratamento. Evite conduzir ou trabalhar com equipamentos durante cerca de 24 horas. No momento em que voc\u00ea adquiriu Anesket. Al\u00e9m disso, esse tipo de uso pode causar danos b\u00e1sicos \u00e0s sec\u00e7\u00f5es nasais.<\/p>\n<p>A infus\u00e3o de Anesket \u00e9 uma receita profissionalmente prescrita usada sozinha ou juntamente com outros medicamentos para dar uma aus\u00eancia de consci\u00eancia imediatamente antes e durante a cirurgia ou talvez tratamento cl\u00ednico. Anesket Liquid produz uma generosidade inesperada que dura cerca de 60 minutos. Ele inicia os efeitos incidentais do Anesket em 2 a 5 minutos ap\u00f3s a por\u00e7\u00e3o ter sido fumada ou engolida. Comprar Anesket online<\/p>\n<p>Os dados da extens\u00e3o insignificante de pessoas em preliminares cl\u00ednicas potenciais de nome aberto sugerem que Anesket poderia ser \u00fatil na cura de fomenta\u00e7\u00e3o ultrajante e inclina\u00e7\u00f5es \u00e1speras. N\u00e3o obstante, a variedade de medidas \u00e9 muito diferente e n\u00e3o foi demonstrada uma dose digna de nota. O excesso de Anesket n\u00e3o \u00e9 geralmente mortal, no entanto, pode prejudicar significativamente o seu cliente, e a cetamina grunhida suporta a possibilidade de excesso. Comprar Anesket Ketamina.<\/p>\n<h4>ANESKET PARA VENDA:<\/h4>\n<p>Pela raz\u00e3o de que o grunhido da droga permite que ela chegue \u00e0 mente mais rapidamente, ela pode trazer um aumento elevado, mas tamb\u00e9m dominar muitas t\u00e9cnicas fisiol\u00f3gicas controladas pelo c\u00e9rebro. Durante um excesso, o cliente provavelmente cambalear\u00e1 inconscientemente e, sem d\u00favida, ter\u00e1 uma respira\u00e7\u00e3o superficial e sonolenta 2. Comprar Anesket Online<\/p>\n<p>Apesar de poder ser apresentada alguma confirma\u00e7\u00e3o da seguran\u00e7a da via a\u00e9rea apenas devido a fortes reflexos lar\u00edngeos e far\u00edngeos, podem surgir engasgamentos e desejos juntamente com a infus\u00e3o de Cloridrato de Anesket. A infus\u00e3o de cloridrato de Anesket n\u00e3o \u00e9 r\u00e1pida para indiv\u00edduos que n\u00e3o seguiram os t\u00edtulos zero para qualquer hamb\u00farguer. Comprar Anesket online<\/p>\n<p>O dano hep\u00e1tico de Anesket tamb\u00e9m incorpora dosagens dignas de nota e organiza\u00e7\u00e3o repetitiva. Numa reuni\u00e3o de uma medida consider\u00e1vel persistente de clientes Anesket, a recorr\u00eancia de danos hep\u00e1ticos individuais foi relatada como sendo, na sua maioria, em torno de 10%. Anesket \u00e9 geralmente introduzido como uma infus\u00e3o destes realizados na organiza\u00e7\u00e3o de sedativos normais, mantendo a sua rota de voo e enquanto organiza a respira\u00e7\u00e3o dentro da empresa do seu especialista em sa\u00fade, cl\u00ednica de emerg\u00eancia ou estabelecimento. Anesket Ketamina Comprar.<\/p>\n<h4>BUY ANESKET ONLINE EUROPE:<\/h4>\n<p>Em resumo, este Anesket \u00e9 normalmente um medicamento aprovado. No entanto, fornecemos com ou sem solu\u00e7\u00e3o (Adquirir Anesket com ou sem rem\u00e9dio). Para excesso \/ ajuste, isso realmente \u00e9 assim para a explica\u00e7\u00e3o que precisamos para ajudar os doentes em todo o mundo. Anesket \u00e9 um medicamento usado em tarefas humanas e de criaturas para estimular o estupor e a seda\u00e7\u00e3o sem afetar a respira\u00e7\u00e3o e a hipertens\u00e3o 1. Comprar Anesket online<\/p>\n<p>Anesket \u00e9 um sedativo dissociativo, e tem sido cada vez mais utilizado como droga para festivais, principalmente devido ao seu efeito de retirada e de sonho. A infus\u00e3o de Anesket \u00e9 uma prescri\u00e7\u00e3o recomendada pelo m\u00e9dico que \u00e9 usada sem mais ningu\u00e9m ou junto com outros medicamentos para causar perda de consci\u00eancia antes e durante a atividade ou mesmo um tratamento cl\u00ednico. Comprar Anesket online<\/p>\n<p>Garantimos tamb\u00e9m um transporte e uma expedi\u00e7\u00e3o r\u00e1pidos, seguros e vigilantes a cem por cento. Tamb\u00e9m \u00e9 importante. Para al\u00e9m do facto de que nenhum dado espec\u00edfico do cliente \u00e9 revelado a partir do neg\u00f3cio do pacote. Al\u00e9m disso, a seguran\u00e7a e a privacidade do consumidor continuam a ser as nossas principais necessidades. Anesket \u00e9 artificial ao contr\u00e1rio de barbit\u00faricos e diazepam por causa do desenvolvimento encorajador. Comprar Anesket Online<\/p>\n<h5>ADICIONAL:<\/h5>\n<p>Por conseguinte, estes n\u00e3o devem ser consolidados exatamente na mesma agulha ou fluido de implanta\u00e7\u00e3o. Anesket \u00e9 administrado por via intravenosa diretamente numa massa ou numa veia. Receber\u00e1 esta infus\u00e3o num centro ou cl\u00ednica especializada. Sua respira\u00e7\u00e3o, press\u00e3o alta, execu\u00e7\u00e3o card\u00edaca coron\u00e1ria e outros indicadores significativos provavelmente ser\u00e3o avidamente observados enquanto voc\u00ea estiver sendo diagnosticado com Anesket. Comprar Anesket Ketamina.<\/p>\n<p>Anesket p\u00f3 \u00e9 usado sem a ajuda de ningu\u00e9m ou junto com outras prescri\u00e7\u00f5es para dar uma falta de consci\u00eancia n\u00e3o muito antes e atrav\u00e9s de cirurgia ou talvez um sistema de cuidados m\u00e9dicos. Ele tem um lugar no grupo de medicamentos referidos como sedativos normais. O Anesket \u00e9 um medicamento que \u00e9 apoiado pela maioria dos pa\u00edses e \u00e9 utilizado em todo o lado. Nossos materiais v\u00eam diretamente do fabricante. Comprar Anesket Online<\/p>\n<p>Este \u00e9 um comando de laborat\u00f3rio que distinguimos sob a marca Anesket live. A tens\u00e3o circulat\u00f3ria e os batimentos card\u00edacos aumentam regularmente com a toma isolada de cloridrato de Anesket. Em qualquer caso, foram observadas hipotens\u00e3o e bradicardia. Da mesma forma, ocorreu arritmia. Da mesma forma, os custos s\u00e3o habilitadores, valiosos e question\u00e1veis. Comprar Anesket online.  Para mais informa\u00e7\u00f5es <a href=\"https:\/\/psychedelischerweltraum.com\/pt\/kontakt\/\">contactar-nos<\/a> por favor.<\/p>","protected":false},"excerpt":{"rendered":"<p>Anesket Ketamina Comprar At\u00e9 este ponto, voc\u00ea pode comprar Anesket online com ou sem receita m\u00e9dica. No momento em que algu\u00e9m grunhe Anesket, eles v\u00e3o ...<\/p>","protected":false},"featured_media":1828,"comment_status":"open","ping_status":"closed","template":"","meta":{"_monsterinsights_skip_tracking":false,"_monsterinsights_sitenote_active":false,"_monsterinsights_sitenote_note":"","_monsterinsights_sitenote_category":0},"product_brand":[],"product_cat":[163],"product_tag":[],"class_list":{"0":"post-1639","1":"product","2":"type-product","3":"status-publish","4":"has-post-thumbnail","6":"product_cat-forschungschemikalien","8":"first","9":"instock","10":"shipping-taxable","11":"purchasable","12":"product-type-variable","13":"customify-col"},"_links":{"self":[{"href":"https:\/\/psychedelischerweltraum.com\/pt\/wp-json\/wp\/v2\/product\/1639","targetHints":{"allow":["GET"]}}],"collection":[{"href":"https:\/\/psychedelischerweltraum.com\/pt\/wp-json\/wp\/v2\/product"}],"about":[{"href":"https:\/\/psychedelischerweltraum.com\/pt\/wp-json\/wp\/v2\/types\/product"}],"replies":[{"embeddable":true,"href":"https:\/\/psychedelischerweltraum.com\/pt\/wp-json\/wp\/v2\/comments?post=1639"}],"wp:featuredmedia":[{"embeddable":true,"href":"https:\/\/psychedelischerweltraum.com\/pt\/wp-json\/wp\/v2\/media\/1828"}],"wp:attachment":[{"href":"https:\/\/psychedelischerweltraum.com\/pt\/wp-json\/wp\/v2\/media?parent=1639"}],"wp:term":[{"taxonomy":"product_brand","embeddable":true,"href":"https:\/\/psychedelischerweltraum.com\/pt\/wp-json\/wp\/v2\/product_brand?post=1639"},{"taxonomy":"product_cat","embeddable":true,"href":"https:\/\/psychedelischerweltraum.com\/pt\/wp-json\/wp\/v2\/product_cat?post=1639"},{"taxonomy":"product_tag","embeddable":true,"href":"https:\/\/psychedelischerweltraum.com\/pt\/wp-json\/wp\/v2\/product_tag?post=1639"}],"curies":[{"name":"wp","href":"https:\/\/api.w.org\/{rel}","templated":true}]}}