{"id":1729,"date":"2023-06-27T19:20:43","date_gmt":"2023-06-27T18:20:43","guid":{"rendered":"https:\/\/psychedelischerweltraum.com\/?post_type=product&#038;p=1729"},"modified":"2026-03-29T16:36:22","modified_gmt":"2026-03-29T14:36:22","slug":"kaliumzyanid-kaufen","status":"publish","type":"product","link":"https:\/\/psychedelischerweltraum.com\/pt\/product\/kaliumzyanid-kaufen\/","title":{"rendered":"Cianeto de pot\u00e1ssio"},"content":{"rendered":"<h3><span class=\"___SText_4qyg4-ko_\" data-ui-name=\"Link.Text\">Comprar cianeto de pot\u00e1ssio<\/span><\/h3>\n<p>No entanto, oferecemos produtos de alta qualidade, puros <a href=\"https:\/\/de.wikipedia.org\/wiki\/Kaliumcyanid\" target=\"_blank\" rel=\"noopener\">Cianeto de pot\u00e1ssio<\/a> para venda a pre\u00e7os muito favor\u00e1veis. O cianeto de pot\u00e1ssio \u00e9 frequentemente utilizado em conjunto com a estrat\u00e9gia KCN. Este sal turvo e v\u00edtreo, de aspeto semelhante ao a\u00e7\u00facar, \u00e9 um poderoso solvente da \u00e1gua pot\u00e1vel. O cianeto de pot\u00e1ssio \u00e9 um potente inibidor respirat\u00f3rio port\u00e1til que actua sobre a citocromo c oxidase mitocondrial para inibir a fosforila\u00e7\u00e3o oxidativa. Como resultado da digest\u00e3o anaer\u00f3bica, ocorre ent\u00e3o acidose l\u00e1ctica.<\/p>\n<p>As les\u00f5es graves causadas pelo cianeto provocam inicialmente uma colora\u00e7\u00e3o vermelha escura ou avermelhada na v\u00edtima, porque o tecido n\u00e3o consegue utilizar o oxig\u00e9nio do sangue. Os efeitos do cianeto de pot\u00e1ssio e do cianeto de s\u00f3dio s\u00e3o os mesmos, e os sintomas da les\u00e3o ocorrem geralmente poucos minutos ap\u00f3s a ingest\u00e3o da subst\u00e2ncia: A pessoa desmaia, seguindo-se a morte do c\u00e9rebro. O fumo do tabaco cont\u00e9m cianeto, tal como os resultados da combust\u00e3o de produtos de contrafa\u00e7\u00e3o, como os pl\u00e1sticos. Cianeto de pot\u00e1ssio para venda<\/p>\n<p>O cianeto \u00e9 muito popular no fabrico de papel, tecidos e pl\u00e1sticos. Atualmente, \u00e9 utilizado na subst\u00e2ncia que intensifica e \u00e9 utilizada para criar fotografias. Na metalurgia, os sais de cianeto s\u00e3o utilizados na galvanoplastia, na limpeza de metais e na remo\u00e7\u00e3o do ouro do metal. Durante este per\u00edodo, a v\u00edtima pode sofrer convuls\u00f5es. O n\u00famero de v\u00edtimas mortais deve-se \u00e0 hip\u00f3xia cerebral. O abastecimento de cianeto de pot\u00e1ssio \u00e9 quase imposs\u00edvel, embora tenha havido um relato de venda de cianeto de pot\u00e1ssio a partir da China no f\u00f3rum de discuss\u00e3o Tranquil Tablet Handbook. Comprar cianeto de pot\u00e1ssio<\/p>\n<h4>COMPRAR CIANETO DE POT\u00c1SSIO ONLINE<\/h4>\n<p>O cianeto de pot\u00e1ssio \u00e9 extremamente t\u00f3xico. A hidr\u00f3lise produz \u00e1cido cian\u00eddrico nos est\u00e1bulos h\u00famidos, que tem um desagrad\u00e1vel sabor a am\u00eandoa. De um modo geral, nem toda a gente tem a oportunidade de o experimentar. As pessoas que s\u00e3o expostas a uma pequena quantidade de \u00e1cido cian\u00eddrico, inalando-o, mantendo-o sobre a pele ou consumindo alimentos que contenham \u00e1cido cian\u00eddrico, podem, geralmente e em poucos minutos, sentir alguns dos seguintes sintomas Tonturas, dor de cabe\u00e7a, v\u00f3mitos e n\u00e1useas, inala\u00e7\u00e3o r\u00e1pida, batimento card\u00edaco acelerado, inquieta\u00e7\u00e3o, sensa\u00e7\u00e3o de fraqueza. Comprar cianeto de pot\u00e1ssio<\/p>\n<p>Uma ingest\u00e3o intensa de cianeto tem muito provavelmente um in\u00edcio fant\u00e1stico e r\u00e1pido que afecta imediatamente as v\u00edsceras, causando um colapso inesperado, convuls\u00f5es ou letargia extrema. Os danos persistentes causados pela ingest\u00e3o ou pelo sistema biol\u00f3gico t\u00eam um in\u00edcio mais gradual. Os comprimidos de cianeto de pot\u00e1ssio t\u00eam uma dose letal (humana) de 200 a 300 mg. A sua toxicidade, em caso de ingest\u00e3o, \u00e9 determinada pela acuidade do est\u00f4mago, uma vez que deve reagir com um corrosivo ao cianeto de hidrog\u00e9nio, a estrat\u00e9gia letal para o cianeto. Comprar cianeto de pot\u00e1ssio<\/p>\n<p>N\u00e3o confundimos a nossa embalagem com um empacotamento significativo, tornando-a particularmente encantadora ou elaborada. Sabemos que a maioria dos clientes precisa apenas de comprimidos de alta qualidade, e a nossa embalagem foi concebida para proteger o seu investimento. O cianeto de pot\u00e1ssio pode ser preparado em projectos de diferentes formas, dependendo da utiliza\u00e7\u00e3o pretendida. Como organiza\u00e7\u00f5es e fornecedores fi\u00e1veis de cianeto de pot\u00e1ssio, oferecemos KCN (cianeto de pot\u00e1ssio) 99,8 % puro, que \u00e9 conhecido pela sua elevada viabilidade. Comprar cianeto de pot\u00e1ssio<\/p>\n<h4>CIANETO DE POT\u00c1SSIO PARA VENDA ONLINE:<\/h4>\n<p>Dispomos atualmente de uma oferta ilimitada de cianeto de pot\u00e1ssio de alta qualidade ao pre\u00e7o mais favor\u00e1vel. Tal como o cianeto de s\u00f3dio, o cianeto de pot\u00e1ssio \u00e9 extremamente destrutivo, inegavelmente t\u00f3xico e actua rapidamente, mesmo nas quantidades mais pequenas. A exposi\u00e7\u00e3o ao cianeto de pot\u00e1ssio na forma s\u00f3lida pode ser extremamente perigosa, uma vez que liberta lentamente gases t\u00f3xicos para o ar, que s\u00e3o depois mortos por inala\u00e7\u00e3o. Comprar cianeto de pot\u00e1ssio<\/p>\n<p>O cianeto de pot\u00e1ssio \u00e9 produzido de forma econ\u00f3mica atrav\u00e9s da rea\u00e7\u00e3o do cianeto de hidrog\u00e9nio com uma cura l\u00edquida, que remove a \u00e1gua para produzir cianeto de pot\u00e1ssio saud\u00e1vel. O cianeto \u00e9 frequentemente uma subst\u00e2ncia letal que pode ser fatal se ingerida. Se pesquisar na Internet por cianeto, pode encontrar bastante informa\u00e7\u00e3o. \u00c9 importante que todos os envolvidos concordem que a sua estrat\u00e9gia est\u00e1 a funcionar bem. Comprar cianeto de pot\u00e1ssio<\/p>\n<p>O cianeto de pot\u00e1ssio em comprimidos \u00e9 um composto extremamente nocivo, inibidor de numerosas estrat\u00e9gias metab\u00f3licas e utilizado, nomeadamente, como reagente de avalia\u00e7\u00e3o para a visualiza\u00e7\u00e3o de quimiorreceptores. Devido \u00e0 sua propriedade extremamente solvente, \u00e9 utilizado na galvanoplastia e na extra\u00e7\u00e3o de ouro. Al\u00e9m disso, fornecemos cianeto de pot\u00e1ssio aos nossos generosos dadores a um pre\u00e7o baixo. As possibilidades do nosso produto s\u00e3o enumeradas a seguir. Trata-se de uma subst\u00e2ncia branca ou vaporosa, transl\u00facida, com um ligeiro odor a am\u00eandoa (resultante das part\u00edculas de cianeto). Comprar cianeto de pot\u00e1ssio<\/p>\n<h4>CIANETO DE POT\u00c1SSIO EM P\u00d3 PARA VENDA:<\/h4>\n<p>Tem uma espessura de 1,52 g\/ml, apesar de uma temperatura de liquefa\u00e7\u00e3o de 634,5 \u00b0C. O cianeto \u00e9 extremamente t\u00f3xico e s\u00f3 deve ser utilizado para uma \u00fanica morte r\u00e1pida, eficaz, simples e pac\u00edfica. O cianeto \u00e9 tamb\u00e9m conhecido como recipiente letal ou pastilha da morte. O cianeto de pot\u00e1ssio \u00e9 um composto altamente t\u00f3xico utilizado para uma execu\u00e7\u00e3o r\u00e1pida e eficaz. Tamb\u00e9m era usado na pesca para matar peixes e depois recuper\u00e1-los da \u00e1gua, um m\u00e9todo que agora \u00e9 ilegal devido aos ingredientes reconhec\u00edveis. Comprar cianeto de pot\u00e1ssio<\/p>\n<p>Outra explica\u00e7\u00e3o para o cianeto de pot\u00e1ssio \u00e9 a reutiliza\u00e7\u00e3o do ouro. Como especialista cient\u00edfico, sinto-me obrigado a salientar que a primeira estrat\u00e9gia sugerida n\u00e3o resultar\u00e1 em cianeto de pot\u00e1ssio puro. Consoante o n\u00famero de reagentes utilizados, haver\u00e1 ainda uma descolora\u00e7\u00e3o significativa do hidr\u00f3xido de pot\u00e1ssio. Outro objetivo do cianeto de pot\u00e1ssio \u00e9 a reciclagem de ouro e prata a partir de sucata de a\u00e7o, um tema muito debatido devido \u00e0 toxicidade dos cianetos, j\u00e1 referida. As suas principais aplica\u00e7\u00f5es s\u00e3o em misturas regulares e naturais, bem como na produ\u00e7\u00e3o de numerosas subst\u00e2ncias importantes, pl\u00e1sticos e medicamentos autorizados. Comprar cianeto de pot\u00e1ssio<\/p>\n<p>Existem tamb\u00e9m v\u00e1rios estudos sobre a morte induzida por cianeto. Este pode ser produzido a partir de um composto est\u00e1vel (KOH) e de um corante fraco (HCN). \u00c9 atualmente utilizado para a extra\u00e7\u00e3o de ouro, prata e outros metais. \u00c9 um dos tipos de cianeto associados \u00e0 decomposi\u00e7\u00e3o do ferrocianeto de pot\u00e1ssio antes da t\u00e9cnica de Castner. Comprar cianeto de pot\u00e1ssio<\/p>\n<h4>COMPRIMIDOS DE CIANETO DE POT\u00c1SSIO PARA VENDA:<\/h4>\n<p>Os desequil\u00edbrios no cora\u00e7\u00e3o s\u00e3o comuns. O in\u00edcio focal da paragem respirat\u00f3ria leva \u00e0 morte. Os l\u00e1bios azuis, a diminui\u00e7\u00e3o da tens\u00e3o arterial elevada e as convuls\u00f5es s\u00e3o sinais. Para o cliente\/alvo que n\u00e3o apresente sinais reais de envenenamento por cianeto, um tratamento extremamente cauteloso, oxig\u00e9nio suplementar e uma forte considera\u00e7\u00e3o podem ser suficientes.<\/p>\n<p>A terapia original para a pessoa afetada que apresenta consequ\u00eancias f\u00edsicas de envenenamento por cianeto inclui a organiza\u00e7\u00e3o de tratamentos sob a dire\u00e7\u00e3o de um especialista cl\u00ednico, gest\u00e3o respirat\u00f3ria e circulat\u00f3ria (oxig\u00e9nio e fluidos intravenosos), cessa\u00e7\u00e3o de sinais sint\u00e9ticos irregulares no sangue e monitoriza\u00e7\u00e3o de convuls\u00f5es. Al\u00e9m disso, tem aplica\u00e7\u00e3o na combina\u00e7\u00e3o de hidanto\u00ednas, que podem ser importantes intermedi\u00e1rios de contrafa\u00e7\u00e3o quando reagem com um composto carbonilo, como um alde\u00eddo ou uma cetona, na presen\u00e7a de carbonato de am\u00f3nio. Cianeto de pot\u00e1ssio para venda<\/p>\n<p>A convers\u00e3o mediada por leveduras do benzalde\u00eddo em acetalde\u00eddo \u00e9 bastante convincente, uma vez que \u00e9 uma das primeiras altera\u00e7\u00f5es microbianas mecanicamente significativas, sendo a acilo\u00edna resultante atualmente sintetizada em d-efedrina. O cianeto de pot\u00e1ssio \u00e9 um excelente inibidor da respira\u00e7\u00e3o celular, actuando sobre a citocromo c oxidase mitocondrial para inibir a fosforila\u00e7\u00e3o oxidativa. Cianeto de pot\u00e1ssio para venda<\/p>\n<p>Como resultado do metabolismo anaer\u00f3bico, ocorre ent\u00e3o o envenenamento por \u00e1cido l\u00e1tico. Uma vez que os tecidos n\u00e3o podem utilizar o oxig\u00e9nio do sangue, as les\u00f5es graves causadas pelo cianeto provocam inicialmente um aspeto vermelho-escuro ou cor-de-rosa no interior da v\u00edtima. O cianeto \u00e9 uma caixa, c\u00e1psula, ampola ou comprimido que cont\u00e9m um composto perigoso e mortal que liberta g\u00e1s cianeto de hidrog\u00e9nio extremamente t\u00f3xico quando ingerido. Comprar cianeto de pot\u00e1ssio<\/p>\n<h5>ADICIONAL :<\/h5>\n<p>E reage activando todo o corpo e os seus \u00f3rg\u00e3os sensoriais, como a mente, o cora\u00e7\u00e3o e o programa focal do medo. Como resultado, a absor\u00e7\u00e3o de oxig\u00e9nio nas veias da v\u00edtima \u00e9 limitada, levando a uma morte relaxada e calma. 27 Outra evid\u00eancia do valor de fabrico \u00e9 o enriquecimento induzido por levedura do alde\u00eddo (4a,b) com acetalde\u00eddo libertado por fermenta\u00e7\u00e3o. Comprar cianeto de pot\u00e1ssio<\/p>\n<p>Juntamente com a equa\u00e7\u00e3o KCN, o cianeto de pot\u00e1ssio \u00e9 um composto. Este sal seco e v\u00edtreo, de aspeto semelhante ao a\u00e7\u00facar, dissolve-se rapidamente em \u00e1gua pot\u00e1vel. A maior parte do KCN \u00e9 utilizada na extra\u00e7\u00e3o de ouro, na amalgama\u00e7\u00e3o normal e na galvanoplastia. As aplica\u00e7\u00f5es menores incluem ornamenta\u00e7\u00e3o para chapeamento e polimento de juntas. Isto exp\u00f5e e endurece a imagem, tornando-a menos suscet\u00edvel a um tratamento suave. Cianeto de pot\u00e1ssio para venda<\/p>\n<p>Os fot\u00f3grafos actuais que molham as chapas com \u00e1gua podem preferir fixadores menos t\u00f3xicos, como o tiossulfato de s\u00f3dio, mas o KCN continua a ser popular. Produtos de cianeto de pot\u00e1ssio O cianeto de pot\u00e1ssio tem uma dose letal de 100-300 mg. A sua toxicidade quando ingerido \u00e9 determinada pela acidez do est\u00f4mago, principalmente porque tem de reagir com subst\u00e2ncias corrosivas para formar cianeto de hidrog\u00e9nio, o tipo mais perigoso de cianeto. Para mais informa\u00e7\u00f5es <a href=\"https:\/\/psychedelischerweltraum.com\/pt\/kontakt\/\">contactar-nos<\/a> por favor.<\/p>","protected":false},"excerpt":{"rendered":"<p>Comprar cianeto de pot\u00e1ssio No entanto, oferecemos cianeto de pot\u00e1ssio puro e de alta qualidade para venda a pre\u00e7os muito favor\u00e1veis. O cianeto de pot\u00e1ssio \u00e9 frequentemente utilizado em conjunto com a estrat\u00e9gia KCN....<\/p>","protected":false},"featured_media":1892,"comment_status":"open","ping_status":"closed","template":"","meta":{"_monsterinsights_skip_tracking":false,"_monsterinsights_sitenote_active":false,"_monsterinsights_sitenote_note":"","_monsterinsights_sitenote_category":0},"product_brand":[],"product_cat":[163],"product_tag":[],"class_list":{"0":"post-1729","1":"product","2":"type-product","3":"status-publish","4":"has-post-thumbnail","6":"product_cat-forschungschemikalien","8":"first","9":"instock","10":"shipping-taxable","11":"purchasable","12":"product-type-variable","13":"customify-col"},"_links":{"self":[{"href":"https:\/\/psychedelischerweltraum.com\/pt\/wp-json\/wp\/v2\/product\/1729","targetHints":{"allow":["GET"]}}],"collection":[{"href":"https:\/\/psychedelischerweltraum.com\/pt\/wp-json\/wp\/v2\/product"}],"about":[{"href":"https:\/\/psychedelischerweltraum.com\/pt\/wp-json\/wp\/v2\/types\/product"}],"replies":[{"embeddable":true,"href":"https:\/\/psychedelischerweltraum.com\/pt\/wp-json\/wp\/v2\/comments?post=1729"}],"wp:featuredmedia":[{"embeddable":true,"href":"https:\/\/psychedelischerweltraum.com\/pt\/wp-json\/wp\/v2\/media\/1892"}],"wp:attachment":[{"href":"https:\/\/psychedelischerweltraum.com\/pt\/wp-json\/wp\/v2\/media?parent=1729"}],"wp:term":[{"taxonomy":"product_brand","embeddable":true,"href":"https:\/\/psychedelischerweltraum.com\/pt\/wp-json\/wp\/v2\/product_brand?post=1729"},{"taxonomy":"product_cat","embeddable":true,"href":"https:\/\/psychedelischerweltraum.com\/pt\/wp-json\/wp\/v2\/product_cat?post=1729"},{"taxonomy":"product_tag","embeddable":true,"href":"https:\/\/psychedelischerweltraum.com\/pt\/wp-json\/wp\/v2\/product_tag?post=1729"}],"curies":[{"name":"wp","href":"https:\/\/api.w.org\/{rel}","templated":true}]}}