{"id":1752,"date":"2023-06-27T19:20:52","date_gmt":"2023-06-27T18:20:52","guid":{"rendered":"https:\/\/psychedelischerweltraum.com\/?post_type=product&#038;p=1752"},"modified":"2023-07-17T02:20:43","modified_gmt":"2023-07-17T01:20:43","slug":"ketamin-flussig","status":"publish","type":"product","link":"https:\/\/psychedelischerweltraum.com\/pt\/product\/ketamin-flussig\/","title":{"rendered":"Cetamina l\u00edquida 500mg\/10ml"},"content":{"rendered":"<h2>Comprar Cetamina L\u00edquida 500mg\/10ml<\/h2>\n<p>Em geral, vendemos cetamina pura em forma l\u00edquida a pre\u00e7os muito favor\u00e1veis, ou seja, cetamina em forma l\u00edquida para venda. Torn\u00e1mo-nos rapidamente o maior fornecedor mundial de cetamina para fins m\u00e9dicos e de investiga\u00e7\u00e3o. Como resultado, temos cetamina l\u00edquida para venda. O l\u00edquido de cetamina 50mg\/10ml permite rapidamente uma maneira decente para as pessoas remediarem as suas circunst\u00e2ncias enquanto levantam o seu desespero e trabalham na sua disposi\u00e7\u00e3o. A infus\u00e3o de cloridrato de cetamina l\u00edquida 50mg\/10 ml \u00e9 demonstrada com o uso de seda\u00e7\u00e3o n\u00e3o muito antes da organiza\u00e7\u00e3o de outros mediadores sedativos t\u00edpicos. Foi demonstrado que a infus\u00e3o de cloridrato de cetamina l\u00edquida 50mg\/10 ml melhora o efeito de especialistas de baixa pot\u00eancia como o \u00f3xido nitroso.<\/p>\n<p>Posso acabar o trabalho em duas horas. Se poss\u00edvel, deve evitar estes tratamentos ou substitu\u00ed-los por outros medicamentos. Se n\u00e3o houver melhoria, os medicamentos n\u00e3o devem ser co-administrados. Se necess\u00e1rio, alterar a dosagem de acordo com os efeitos recomendados. Com este m\u00e9todo, o l\u00edquido \u00e9 selecionado e administrado tanto por via intramuscular como por via intravenosa (o que \u00e9 muito menos seguro).<\/p>\n<p>O efeito desta intera\u00e7\u00e3o \u00e9 mais forte, uma vez que todo o f\u00e1rmaco acaba por entrar na corrente sangu\u00ednea, ao contr\u00e1rio da administra\u00e7\u00e3o por degluti\u00e7\u00e3o, em que parte do f\u00e1rmaco se perde durante o processo digestivo. \u00c0 medida que o uso terap\u00eautico da cetamina ganhou popularidade na d\u00e9cada de 1970, foi tamb\u00e9m utilizada como droga recreativa. Na Argentina, era utilizada legal e ilegalmente no tratamento de reca\u00eddas, no misticismo new age e em investiga\u00e7\u00f5es.<\/p>\n<p>Nas d\u00e9cadas de 1970 e 1980, foram efectuadas cada vez mais aplica\u00e7\u00f5es de teste da cetamina l\u00edquida 50mg\/10 ml, que se expandiram sob v\u00e1rias marcas. A cetamina tornou-se realista sob a forma de recipientes, p\u00f3s, gemas, comprimidos e l\u00edquidos, bem como diferentes op\u00e7\u00f5es para infus\u00e3o nas ruas. Um especialista pode escolher o spray nasal em vez da cetamina intravenosa devido \u00e0 organiza\u00e7\u00e3o do apoio.<\/p>\n<h4>COMPRAR KETAMINA LEGAL ONLINE:<\/h4>\n<p>Deve ter em conta que, independentemente da forma como a cetamina l\u00edquida 50mg\/10ml \u00e9 manuseada na estrada, n\u00e3o existem n\u00edveis seguros para uma utiliza\u00e7\u00e3o relaxada da cetamina l\u00edquida 50mg\/10ml. A utiliza\u00e7\u00e3o deste medicamento sem supervis\u00e3o m\u00e9dica pode levar a problemas extra-corporais e deve ser evitada a todo o custo. \"A irriga\u00e7\u00e3o nasal n\u00e3o \u00e9 nem mais r\u00e1pida nem mais duradoura\", afirma. Cetamina l\u00edquida para venda, Cetamina l\u00edquida.<\/p>\n<p>\"A cetamina intravenosa \u00e9 mais adequada do que a cetamina intranasal devido \u00e0 sua biodisponibilidade.\" Cetamina l\u00edquida 50mg\/10 ml A confian\u00e7a e a resist\u00eancia s\u00e3o poss\u00edveis ap\u00f3s uma utiliza\u00e7\u00e3o prolongada. Depois de interromper uma ingest\u00e3o extremamente longa de cetamina l\u00edquida 50mg\/10 ml, um dist\u00farbio de abstin\u00eancia \u00e9 esclarecido com alternativas insanas. Como resultado, a cetamina l\u00edquida 50mg\/10 ml deve ser rotulada com um aviso e regulamentada.<\/p>\n<p>O tratamento pode aumentar significativamente os efeitos simpaticomim\u00e9ticos; precau\u00e7\u00e3o em indiv\u00edduos com porf\u00edria ou possivelmente com doen\u00e7a da tiroide; a porf\u00edria e a doen\u00e7a da tiroide ou o tratamento da tiroide podem ser considerados uma contraindica\u00e7\u00e3o geral. A investiga\u00e7\u00e3o recente sobre a neurotoxicidade induzida pela cetamina centrou-se nos primatas, que constituem um modelo mais adequado do que os roedores. Num desses ensaios, foram administradas a macacos cynomolgus adultos jovens doses di\u00e1rias de cetamina de 50 mg\/10 ml durante v\u00e1rios per\u00edodos de tempo, consistentes com doses desportivas padr\u00e3o (1 mg\/kg IV).<\/p>\n<p>V\u00e1rias subst\u00e2ncias foram adicionadas \u00e0 droga numa quest\u00e3o de segundos, levando a efeitos bizarros. Pequenas doses de Ketamina l\u00edquida 50mg\/10 ml provocam uma desinibi\u00e7\u00e3o semelhante \u00e0 das bebidas alco\u00f3licas. \u00c9 por isso que \u00e9 frequentemente utilizada em festas e raves. Doses mais elevadas t\u00eam o efeito oposto: retra\u00e7\u00e3o social e grande incapacidade de comunica\u00e7\u00e3o.<\/p>\n<h4>CETAMINA L\u00cdQUIDA PARA VENDA ONLINE:<\/h4>\n<p>A MDMA (del\u00edcia), uma conhecida droga de discoteca que apareceu pela primeira vez em meados da d\u00e9cada de 1980, \u00e9 um bom exemplo. Embora os efeitos n\u00e3o sejam compar\u00e1veis, a cetamina l\u00edquida 50mg\/10ml \u00e9 frequentemente retratada como uma sensa\u00e7\u00e3o de felicidade. As propriedades sedativas da cetamina levam a um discurso arrastado e a uma incapacidade de se mover, tornando quase imposs\u00edvel mover-se. Por esta raz\u00e3o, a cetamina l\u00edquida 50mg\/10 ml \u00e9 muitas vezes referida como uma droga para encontros. Cetamina l\u00edquida para venda<\/p>\n<p>O Dr. Levine afirma que a possibilidade de depend\u00eancia da cetamina l\u00edquida 50mg\/10ml quando utilizada como \"droga de festa\" \u00e9 simplesmente inexistente. \"Os estudos mostram que nas doses realmente reduzidas que usamos, em um ambiente muito orientado para a medicina, com abertura inadequada em casa e dosagem inconsistente, n\u00e3o h\u00e1 chance de compuls\u00e3o ou abuso \", diz ele, acrescentando uma advert\u00eancia:\" Os benzodiazep\u00ednicos podem muito bem amortecer os efeitos superiores da cetamina. Cetamina l\u00edquida para venda, Cetamina l\u00edquida.<\/p>\n<p>Este processo \u00e9 regularmente aperfei\u00e7oado por um perito cl\u00ednico num ambiente regulamentado para avalia\u00e7\u00f5es cr\u00edticas de seguran\u00e7a. Esta estrat\u00e9gia requer um planeamento cuidadoso, uma vez que os ensaios com alucinog\u00e9nios podem ser chocantes se o membro n\u00e3o for devidamente coordenado. Alguns profissionais de sa\u00fade mental aconselham prud\u00eancia na utiliza\u00e7\u00e3o de cetamina l\u00edquida 50mg\/10ml. Cetamina l\u00edquida para venda, Cetamina l\u00edquida.<\/p>\n<p>\"Embora possa ser um tratamento eficaz para reduzir rapidamente os sintomas de depress\u00e3o, n\u00e3o sabemos o suficiente sobre os potenciais efeitos secund\u00e1rios negativos, particularmente com o uso a longo prazo, para o recomendar \u00e0 maioria dos pacientes.\" Sentimentos consider\u00e1veis de felicidade - A cetamina l\u00edquida 50mg\/10ml pode induzir estados de arrebatamento genu\u00edno em certos utilizadores finais. Cetamina l\u00edquida para venda<\/p>\n<h4>CETAMINA L\u00cdQUIDA PARA VENDA COM\/SEM RECEITA M\u00c9DICA:<\/h4>\n<p>Em todo o caso, este efeito \u00e9 muito menos forte e persistente do que com narc\u00f3ticos ou MDMA. A cetamina l\u00edquida 50mg\/10ml \u00e9 um medicamento que pode ajudar a gerir condi\u00e7\u00f5es neurop\u00e1ticas (desconforto nos nervos) durante e ap\u00f3s o tratamento m\u00e9dico. A cetamina l\u00edquida 50mg\/10ml pode ser um rem\u00e9dio fant\u00e1stico para muitas pessoas. Cetamina l\u00edquida para venda<\/p>\n<p>Para outros, \u00e9 tudo menos um facto brilhante. Se est\u00e1 a considerar o tratamento com Ketamine 50mg\/10ml, \u00e9 importante que possa confiar nos profissionais do seu centro m\u00e9dico. Tomar Ketamine 50mg\/10ml ir\u00e1 acalmar os seus nervos agitados, que lhe ir\u00e3o transmitir mensagens de ang\u00fastia. Cetamina l\u00edquida para venda<\/p>\n<p>As misturas de cetamina l\u00edquida 50mg\/10 ml para o tratamento da depress\u00e3o e de outros problemas de sa\u00fade mental duram normalmente entre 40 minutos e 2 horas, dependendo da pessoa afetada. Os dissociativos s\u00e3o considerados superiores a outras subst\u00e2ncias porque induzem um tipo de resist\u00eancia duradoura ou extremamente duradoura que se desenvolve gradualmente e independentemente da resist\u00eancia t\u00edpica. Cetamina l\u00edquida para venda<\/p>\n<p>A cetamina l\u00edquida 50mg\/10ml pode ser administrada como uma droga ilegal. Alguns centros exigem a presen\u00e7a de algu\u00e9m durante a alta para o acompanhar a casa em seguran\u00e7a. Alguns doentes preferem ter um ente querido presente durante todo o tratamento para se sentirem mais confort\u00e1veis, mas isso n\u00e3o \u00e9 exigido em todas as instala\u00e7\u00f5es. Cetamina l\u00edquida para venda<\/p>\n<h4>CETAMINA PARA VENDA:<\/h4>\n<p>O Sandu\u00edche da Verdade simplesmente n\u00e3o autoriza a utiliza\u00e7\u00e3o destas receitas no local. Acreditamos que \u00e9 importante fornecer nuances para a seguran\u00e7a daqueles que optam por usar essas subst\u00e2ncias. Muitos clientes de cetamina l\u00edquida 50mg\/10ml de longo prazo ou pesados relatam que precisam de tomar significativamente mais para obter uma separa\u00e7\u00e3o ou abertura K em compara\u00e7\u00e3o com a sua primeira utiliza\u00e7\u00e3o, em qualquer caso, depois de terem tido intervalos mais longos. Cetamina l\u00edquida para venda<\/p>\n<p>Se n\u00e3o tiver uma pessoa, basta contactar uma das organiza\u00e7\u00f5es listadas abaixo para organizar o transporte. Com a ajuda de um especialista em bem-estar psicol\u00f3gico, voc\u00ea pode criar um plano de tratamento que se concentre nos aspectos de sua vida di\u00e1ria que voc\u00ea precisa para obter o melhor controle enquanto adquire seu medicamento l\u00edquido de cetamina 50mg \/ 10ml para ter um prazer incomum em suas reuni\u00f5es. Cetamina l\u00edquida para venda<\/p>\n<p>Ser\u00e1 enviada uma pessoa ao seu domic\u00edlio para o recolher. De um modo geral, h\u00e1 muito interesse nesta organiza\u00e7\u00e3o e ter\u00e1 de providenciar transporte. Uma vez que a cetamina l\u00edquida 50mg\/10 ml \u00e9 aprovada pela FDA sob a marca Spravato, h\u00e1 pedidos para a sua utiliza\u00e7\u00e3o no tratamento da depress\u00e3o. Cetamina l\u00edquida para venda<\/p>\n<p>A psicoterapia assistida por cetamina l\u00edquida 50mg\/10 ml \u00e9 uma op\u00e7\u00e3o. Este procedimento tem por objetivo abordar as causas do desespero do doente. Esta categoria inclui todas as instala\u00e7\u00f5es que oferecem tratamento de sa\u00fade mental em conjunto com organiza\u00e7\u00f5es de cetamina l\u00edquida 50mg\/10 ml. Cetamina l\u00edquida para venda<\/p>\n<h4>PAINKILLERS:<\/h4>\n<p>O Spravato \u00e9 prescrito para ser pulverizado no nariz e s\u00f3 est\u00e1 dispon\u00edvel em alguns centros de cetamina l\u00edquida 50mg\/10 ml e farm\u00e1cias autorizados. No ensaio cl\u00ednico, doze pessoas com depress\u00e3o grave que requer tratamento e pensamentos suicidas receberam misturas intravenosas de cetamina l\u00edquida 50mg\/10 ml tr\u00eas vezes por semana. Cetamina l\u00edquida para venda<\/p>\n<p>Cinco dos doze submeteram-se e receberam semanalmente cetamina 50mg\/10ml durante um longo per\u00edodo de tempo, seguido de um tratamento com cetamina 50mg\/10ml e um per\u00edodo de acompanhamento de aproximadamente um m\u00eas durante o qual n\u00e3o foi administrada cetamina 50mg\/10ml. Cada um dos cinco preparou um curso de manifesta\u00e7\u00e3o mais dif\u00edcil durante o tratamento de acompanhamento. Para mais informa\u00e7\u00f5es, <a href=\"https:\/\/psychedelischerweltraum.com\/pt\/kontakt\/\">contactar-nos<\/a> por favor.<\/p>\n<p>&nbsp;<\/p>","protected":false},"excerpt":{"rendered":"<p>Ketamine Liquid Buy 500mg\/10ml Em geral, vendemos cetamina pura na forma l\u00edquida a pre\u00e7os muito favor\u00e1veis, ou seja, cetamina na forma l\u00edquida para venda....<\/p>","protected":false},"featured_media":1887,"comment_status":"open","ping_status":"closed","template":"","meta":{"_monsterinsights_skip_tracking":false,"_monsterinsights_sitenote_active":false,"_monsterinsights_sitenote_note":"","_monsterinsights_sitenote_category":0},"product_brand":[],"product_cat":[188],"product_tag":[],"class_list":{"0":"post-1752","1":"product","2":"type-product","3":"status-publish","4":"has-post-thumbnail","6":"product_cat-ketamin-kaufen-ohne-rezept","8":"first","9":"instock","10":"shipping-taxable","11":"purchasable","12":"product-type-variable","13":"customify-col"},"_links":{"self":[{"href":"https:\/\/psychedelischerweltraum.com\/pt\/wp-json\/wp\/v2\/product\/1752","targetHints":{"allow":["GET"]}}],"collection":[{"href":"https:\/\/psychedelischerweltraum.com\/pt\/wp-json\/wp\/v2\/product"}],"about":[{"href":"https:\/\/psychedelischerweltraum.com\/pt\/wp-json\/wp\/v2\/types\/product"}],"replies":[{"embeddable":true,"href":"https:\/\/psychedelischerweltraum.com\/pt\/wp-json\/wp\/v2\/comments?post=1752"}],"wp:featuredmedia":[{"embeddable":true,"href":"https:\/\/psychedelischerweltraum.com\/pt\/wp-json\/wp\/v2\/media\/1887"}],"wp:attachment":[{"href":"https:\/\/psychedelischerweltraum.com\/pt\/wp-json\/wp\/v2\/media?parent=1752"}],"wp:term":[{"taxonomy":"product_brand","embeddable":true,"href":"https:\/\/psychedelischerweltraum.com\/pt\/wp-json\/wp\/v2\/product_brand?post=1752"},{"taxonomy":"product_cat","embeddable":true,"href":"https:\/\/psychedelischerweltraum.com\/pt\/wp-json\/wp\/v2\/product_cat?post=1752"},{"taxonomy":"product_tag","embeddable":true,"href":"https:\/\/psychedelischerweltraum.com\/pt\/wp-json\/wp\/v2\/product_tag?post=1752"}],"curies":[{"name":"wp","href":"https:\/\/api.w.org\/{rel}","templated":true}]}}